{"id":10733,"date":"2024-08-19T11:22:02","date_gmt":"2024-08-19T08:22:02","guid":{"rendered":"https:\/\/baltagauja.eu\/size-charts\/clothes-size-charts\/"},"modified":"2024-08-28T18:36:44","modified_gmt":"2024-08-28T15:36:44","slug":"clothes-size-charts","status":"publish","type":"page","link":"https:\/\/baltagauja.eu\/en\/size-charts\/clothes-size-charts\/","title":{"rendered":"Clothes size charts"},"content":{"rendered":"\t\t<div data-elementor-type=\"wp-page\" data-elementor-id=\"10733\" class=\"elementor elementor-10733 elementor-10540\" data-elementor-post-type=\"page\">\n\t\t\t\t<div class=\"elementor-element elementor-element-b30ad76 e-flex e-con-boxed e-con e-parent\" data-id=\"b30ad76\" data-element_type=\"container\" data-e-type=\"container\">\n\t\t\t\t\t<div class=\"e-con-inner\">\n\t\t<div class=\"elementor-element elementor-element-543658b e-con-full e-flex e-con e-child\" data-id=\"543658b\" data-element_type=\"container\" data-e-type=\"container\">\n\t\t<div class=\"elementor-element elementor-element-0dd2d3a e-con-full e-flex e-con e-child\" data-id=\"0dd2d3a\" data-element_type=\"container\" data-e-type=\"container\">\n\t\t\t\t<div class=\"elementor-element elementor-element-b10f472 elementor-widget elementor-widget-heading\" data-id=\"b10f472\" data-element_type=\"widget\" data-e-type=\"widget\" data-widget_type=\"heading.default\">\n\t\t\t\t<div class=\"elementor-widget-container\">\n\t\t\t\t\t<h1 class=\"elementor-heading-title elementor-size-default\">Clothes sizes<\/h1>\t\t\t\t<\/div>\n\t\t\t\t<\/div>\n\t\t\t\t<\/div>\n\t\t<div class=\"elementor-element elementor-element-67f63ed e-con-full e-flex e-con e-child\" data-id=\"67f63ed\" data-element_type=\"container\" data-e-type=\"container\" data-settings=\"{&quot;background_background&quot;:&quot;classic&quot;}\">\n\t\t\t\t<div class=\"elementor-element elementor-element-dbe045d elementor-tabs-view-horizontal elementor-widget elementor-widget-tabs\" data-id=\"dbe045d\" data-element_type=\"widget\" data-e-type=\"widget\" data-widget_type=\"tabs.default\">\n\t\t\t\t<div class=\"elementor-widget-container\">\n\t\t\t\t\t\t\t<div class=\"elementor-tabs\">\n\t\t\t<div class=\"elementor-tabs-wrapper\" role=\"tablist\" >\n\t\t\t\t\t\t\t\t\t<div id=\"elementor-tab-title-2301\" class=\"elementor-tab-title elementor-tab-desktop-title\" aria-selected=\"true\" data-tab=\"1\" role=\"tab\" tabindex=\"0\" aria-controls=\"elementor-tab-content-2301\" aria-expanded=\"false\">PAIKKA<\/div>\n\t\t\t\t\t\t\t\t\t<div id=\"elementor-tab-title-2302\" class=\"elementor-tab-title elementor-tab-desktop-title\" aria-selected=\"false\" data-tab=\"2\" role=\"tab\" tabindex=\"-1\" aria-controls=\"elementor-tab-content-2302\" aria-expanded=\"false\">ForMyDogs<\/div>\n\t\t\t\t\t\t\t\t\t<div id=\"elementor-tab-title-2303\" class=\"elementor-tab-title elementor-tab-desktop-title\" aria-selected=\"false\" data-tab=\"3\" role=\"tab\" tabindex=\"-1\" aria-controls=\"elementor-tab-content-2303\" aria-expanded=\"false\">COLLAR WAUDOG<\/div>\n\t\t\t\t\t\t\t<\/div>\n\t\t\t<div class=\"elementor-tabs-content-wrapper\" role=\"tablist\" aria-orientation=\"vertical\">\n\t\t\t\t\t\t\t\t\t<div class=\"elementor-tab-title elementor-tab-mobile-title\" aria-selected=\"true\" data-tab=\"1\" role=\"tab\" tabindex=\"0\" aria-controls=\"elementor-tab-content-2301\" aria-expanded=\"false\">PAIKKA<\/div>\n\t\t\t\t\t<div id=\"elementor-tab-content-2301\" class=\"elementor-tab-content elementor-clearfix\" data-tab=\"1\" role=\"tabpanel\" aria-labelledby=\"elementor-tab-title-2301\" tabindex=\"0\" hidden=\"false\"><p><img fetchpriority=\"high\" decoding=\"async\" class=\"alignnone size-full wp-image-10548\" src=\"https:\/\/baltagauja.eu\/wp-content\/uploads\/2024\/08\/happy-pet-project-1708609782276-300x300-1.webp\" alt=\"\" width=\"300\" height=\"300\" srcset=\"https:\/\/baltagauja.eu\/wp-content\/uploads\/2024\/08\/happy-pet-project-1708609782276-300x300-1.webp 300w, https:\/\/baltagauja.eu\/wp-content\/uploads\/2024\/08\/happy-pet-project-1708609782276-300x300-1-150x150.webp 150w, https:\/\/baltagauja.eu\/wp-content\/uploads\/2024\/08\/happy-pet-project-1708609782276-300x300-1-100x100.webp 100w, https:\/\/baltagauja.eu\/wp-content\/uploads\/2024\/08\/happy-pet-project-1708609782276-300x300-1-64x64.webp 64w\" sizes=\"(max-width: 300px) 100vw, 300px\" \/><\/p>\n<p><strong>Back measurement<\/strong> : This is the most important measurement. Place the measuring tape at the base of your dog&#8217;s neck, between the withers, and measure to the base of the tail. The back length can be adjusted up to 5 cm shorter.  <\/p>\n<p><strong>Belt measurement<\/strong>: Wrap the measuring tape around the widest part of your dog&#8217;s chest. The dimensions indicated on the size charts represent the maximum adjustment. <\/p>\n<p><strong>Neck measurement<\/strong>: Gently wrap your measuring tape around the dog\u2019s neck, where a collar would typically sit. Ensure it\u2019s not too tight during measurement. The dimensions indicated on the size charts represent the maximum adjustment.  <\/p>\n<p><img decoding=\"async\" class=\"alignnone wp-image-10580 size-full\" src=\"https:\/\/baltagauja.eu\/wp-content\/uploads\/2024\/08\/Screenshot-2024-08-19-at-11.40.36-1.png\" alt=\"\" width=\"514\" height=\"407\" srcset=\"https:\/\/baltagauja.eu\/wp-content\/uploads\/2024\/08\/Screenshot-2024-08-19-at-11.40.36-1.png 514w, https:\/\/baltagauja.eu\/wp-content\/uploads\/2024\/08\/Screenshot-2024-08-19-at-11.40.36-1-300x238.png 300w, https:\/\/baltagauja.eu\/wp-content\/uploads\/2024\/08\/Screenshot-2024-08-19-at-11.40.36-1-64x51.png 64w\" sizes=\"(max-width: 514px) 100vw, 514px\" \/><\/p>\n<\/div>\n\t\t\t\t\t\t\t\t\t<div class=\"elementor-tab-title elementor-tab-mobile-title\" aria-selected=\"false\" data-tab=\"2\" role=\"tab\" tabindex=\"-1\" aria-controls=\"elementor-tab-content-2302\" aria-expanded=\"false\">ForMyDogs<\/div>\n\t\t\t\t\t<div id=\"elementor-tab-content-2302\" class=\"elementor-tab-content elementor-clearfix\" data-tab=\"2\" role=\"tabpanel\" aria-labelledby=\"elementor-tab-title-2302\" tabindex=\"0\" hidden=\"hidden\"><p><img decoding=\"async\" class=\"alignnone size-full wp-image-10531\" src=\"https:\/\/baltagauja.eu\/wp-content\/uploads\/2024\/08\/Dydzio-matavimui-300x230-1.webp\" alt=\"\" width=\"300\" height=\"230\" srcset=\"https:\/\/baltagauja.eu\/wp-content\/uploads\/2024\/08\/Dydzio-matavimui-300x230-1.webp 300w, https:\/\/baltagauja.eu\/wp-content\/uploads\/2024\/08\/Dydzio-matavimui-300x230-1-64x49.webp 64w\" sizes=\"(max-width: 300px) 100vw, 300px\" \/><\/p>\n<p><strong>The length of the back<\/strong> is measured from the shoulder blades to the base of the tail (the tail is held up during the measurement).<\/p>\n<p><strong>Chest circumference<\/strong> is measured at the shoulder blades.<\/p>\n<p>The breed names listed next to the size are for guidance only. Each dog is individual. <\/p>\n<p><img loading=\"lazy\" decoding=\"async\" class=\"alignnone wp-image-10595 size-full\" src=\"https:\/\/baltagauja.eu\/wp-content\/uploads\/2024\/08\/Screenshot-2024-08-19-at-13.38.08.png\" alt=\"\" width=\"738\" height=\"748\" srcset=\"https:\/\/baltagauja.eu\/wp-content\/uploads\/2024\/08\/Screenshot-2024-08-19-at-13.38.08.png 738w, https:\/\/baltagauja.eu\/wp-content\/uploads\/2024\/08\/Screenshot-2024-08-19-at-13.38.08-296x300.png 296w, https:\/\/baltagauja.eu\/wp-content\/uploads\/2024\/08\/Screenshot-2024-08-19-at-13.38.08-600x608.png 600w, https:\/\/baltagauja.eu\/wp-content\/uploads\/2024\/08\/Screenshot-2024-08-19-at-13.38.08-100x100.png 100w, https:\/\/baltagauja.eu\/wp-content\/uploads\/2024\/08\/Screenshot-2024-08-19-at-13.38.08-64x65.png 64w\" sizes=\"(max-width: 738px) 100vw, 738px\" \/><\/p>\n<\/div>\n\t\t\t\t\t\t\t\t\t<div class=\"elementor-tab-title elementor-tab-mobile-title\" aria-selected=\"false\" data-tab=\"3\" role=\"tab\" tabindex=\"-1\" aria-controls=\"elementor-tab-content-2303\" aria-expanded=\"false\">COLLAR WAUDOG<\/div>\n\t\t\t\t\t<div id=\"elementor-tab-content-2303\" class=\"elementor-tab-content elementor-clearfix\" data-tab=\"3\" role=\"tabpanel\" aria-labelledby=\"elementor-tab-title-2303\" tabindex=\"0\" hidden=\"hidden\"><p><img loading=\"lazy\" decoding=\"async\" class=\"alignnone size-full wp-image-10570\" src=\"https:\/\/baltagauja.eu\/wp-content\/uploads\/2024\/08\/Collar-size-300x226-1.webp\" alt=\"\" width=\"300\" height=\"226\" srcset=\"https:\/\/baltagauja.eu\/wp-content\/uploads\/2024\/08\/Collar-size-300x226-1.webp 300w, https:\/\/baltagauja.eu\/wp-content\/uploads\/2024\/08\/Collar-size-300x226-1-64x48.webp 64w\" sizes=\"(max-width: 300px) 100vw, 300px\" \/><\/p>\n<p>ATTENTION &#8211; the length of the back of this manufacturer is measured from the tail to the collar.<\/p>\n<p><img loading=\"lazy\" decoding=\"async\" class=\"alignnone wp-image-10572 size-full\" src=\"https:\/\/baltagauja.eu\/wp-content\/uploads\/2024\/08\/Screenshot-2024-08-19-at-11.44.48.png\" alt=\"\" width=\"477\" height=\"530\" srcset=\"https:\/\/baltagauja.eu\/wp-content\/uploads\/2024\/08\/Screenshot-2024-08-19-at-11.44.48.png 477w, https:\/\/baltagauja.eu\/wp-content\/uploads\/2024\/08\/Screenshot-2024-08-19-at-11.44.48-270x300.png 270w, https:\/\/baltagauja.eu\/wp-content\/uploads\/2024\/08\/Screenshot-2024-08-19-at-11.44.48-64x71.png 64w\" sizes=\"(max-width: 477px) 100vw, 477px\" \/><\/p>\n<\/div>\n\t\t\t\t\t\t\t<\/div>\n\t\t<\/div>\n\t\t\t\t\t\t<\/div>\n\t\t\t\t<\/div>\n\t\t\t\t<\/div>\n\t\t\t\t<\/div>\n\t\t\t\t\t<\/div>\n\t\t\t\t<\/div>\n\t\t\t\t<\/div>\n\t\t","protected":false},"excerpt":{"rendered":"<p>Clothes sizes PAIKKA ForMyDogs COLLAR WAUDOG PAIKKA Back measurement : This is the most important measurement. Place the measuring tape at the base of your dog&#8217;s neck, between the withers, and measure to the base of the tail. The back length can be adjusted up to 5 cm shorter. Belt measurement: Wrap the measuring tape [&hellip;]<\/p>\n","protected":false},"author":1,"featured_media":0,"parent":10731,"menu_order":1,"comment_status":"closed","ping_status":"closed","template":"","meta":{"site-sidebar-layout":"no-sidebar","site-content-layout":"page-builder","ast-site-content-layout":"full-width-container","site-content-style":"default","site-sidebar-style":"default","ast-global-header-display":"","ast-banner-title-visibility":"","ast-main-header-display":"","ast-hfb-above-header-display":"","ast-hfb-below-header-display":"","ast-hfb-mobile-header-display":"","site-post-title":"disabled","ast-breadcrumbs-content":"","ast-featured-img":"disabled","footer-sml-layout":"","ast-disable-related-posts":"","theme-transparent-header-meta":"","adv-header-id-meta":"","stick-header-meta":"","header-above-stick-meta":"","header-main-stick-meta":"","header-below-stick-meta":"","astra-migrate-meta-layouts":"default","ast-page-background-enabled":"default","ast-page-background-meta":{"desktop":{"background-color":"","background-image":"","background-repeat":"repeat","background-position":"center center","background-size":"auto","background-attachment":"scroll","background-type":"","background-media":"","overlay-type":"","overlay-color":"","overlay-opacity":"","overlay-gradient":""},"tablet":{"background-color":"","background-image":"","background-repeat":"repeat","background-position":"center center","background-size":"auto","background-attachment":"scroll","background-type":"","background-media":"","overlay-type":"","overlay-color":"","overlay-opacity":"","overlay-gradient":""},"mobile":{"background-color":"","background-image":"","background-repeat":"repeat","background-position":"center center","background-size":"auto","background-attachment":"scroll","background-type":"","background-media":"","overlay-type":"","overlay-color":"","overlay-opacity":"","overlay-gradient":""}},"ast-content-background-meta":{"desktop":{"background-color":"var(--ast-global-color-5)","background-image":"","background-repeat":"repeat","background-position":"center center","background-size":"auto","background-attachment":"scroll","background-type":"","background-media":"","overlay-type":"","overlay-color":"","overlay-opacity":"","overlay-gradient":""},"tablet":{"background-color":"var(--ast-global-color-5)","background-image":"","background-repeat":"repeat","background-position":"center center","background-size":"auto","background-attachment":"scroll","background-type":"","background-media":"","overlay-type":"","overlay-color":"","overlay-opacity":"","overlay-gradient":""},"mobile":{"background-color":"var(--ast-global-color-5)","background-image":"","background-repeat":"repeat","background-position":"center center","background-size":"auto","background-attachment":"scroll","background-type":"","background-media":"","overlay-type":"","overlay-color":"","overlay-opacity":"","overlay-gradient":""}},"footnotes":""},"class_list":["post-10733","page","type-page","status-publish","hentry"],"yoast_head":"<!-- This site is optimized with the Yoast SEO plugin v27.4 - https:\/\/yoast.com\/product\/yoast-seo-wordpress\/ -->\n<title>Clothes size charts - Baltagauja<\/title>\n<meta name=\"robots\" content=\"index, follow, max-snippet:-1, max-image-preview:large, max-video-preview:-1\" \/>\n<link rel=\"canonical\" href=\"https:\/\/baltagauja.eu\/en\/size-charts\/clothes-size-charts\/\" \/>\n<meta property=\"og:locale\" content=\"en_US\" \/>\n<meta property=\"og:type\" content=\"article\" \/>\n<meta property=\"og:title\" content=\"Clothes size charts - Baltagauja\" \/>\n<meta property=\"og:description\" content=\"Clothes sizes PAIKKA ForMyDogs COLLAR WAUDOG PAIKKA Back measurement : This is the most important measurement. Place the measuring tape at the base of your dog&#8217;s neck, between the withers, and measure to the base of the tail. The back length can be adjusted up to 5 cm shorter. Belt measurement: Wrap the measuring tape [&hellip;]\" \/>\n<meta property=\"og:url\" content=\"https:\/\/baltagauja.eu\/en\/size-charts\/clothes-size-charts\/\" \/>\n<meta property=\"og:site_name\" content=\"Baltagauja\" \/>\n<meta property=\"article:publisher\" content=\"https:\/\/www.facebook.com\/baltagauja.eu\" \/>\n<meta property=\"article:modified_time\" content=\"2024-08-28T15:36:44+00:00\" \/>\n<meta property=\"og:image\" content=\"https:\/\/baltagauja.eu\/wp-content\/uploads\/2024\/08\/happy-pet-project-1708609782276-300x300-1.webp\" \/>\n<meta name=\"twitter:card\" content=\"summary_large_image\" \/>\n<meta name=\"twitter:label1\" content=\"Est. reading time\" \/>\n\t<meta name=\"twitter:data1\" content=\"1 minute\" \/>\n<script type=\"application\/ld+json\" class=\"yoast-schema-graph\">{\"@context\":\"https:\\\/\\\/schema.org\",\"@graph\":[{\"@type\":\"WebPage\",\"@id\":\"https:\\\/\\\/baltagauja.eu\\\/en\\\/size-charts\\\/clothes-size-charts\\\/\",\"url\":\"https:\\\/\\\/baltagauja.eu\\\/en\\\/size-charts\\\/clothes-size-charts\\\/\",\"name\":\"Clothes size charts - Baltagauja\",\"isPartOf\":{\"@id\":\"https:\\\/\\\/baltagauja.eu\\\/en\\\/#website\"},\"primaryImageOfPage\":{\"@id\":\"https:\\\/\\\/baltagauja.eu\\\/en\\\/size-charts\\\/clothes-size-charts\\\/#primaryimage\"},\"image\":{\"@id\":\"https:\\\/\\\/baltagauja.eu\\\/en\\\/size-charts\\\/clothes-size-charts\\\/#primaryimage\"},\"thumbnailUrl\":\"https:\\\/\\\/baltagauja.eu\\\/wp-content\\\/uploads\\\/2024\\\/08\\\/happy-pet-project-1708609782276-300x300-1.webp\",\"datePublished\":\"2024-08-19T08:22:02+00:00\",\"dateModified\":\"2024-08-28T15:36:44+00:00\",\"breadcrumb\":{\"@id\":\"https:\\\/\\\/baltagauja.eu\\\/en\\\/size-charts\\\/clothes-size-charts\\\/#breadcrumb\"},\"inLanguage\":\"en-US\",\"potentialAction\":[{\"@type\":\"ReadAction\",\"target\":[\"https:\\\/\\\/baltagauja.eu\\\/en\\\/size-charts\\\/clothes-size-charts\\\/\"]}]},{\"@type\":\"ImageObject\",\"inLanguage\":\"en-US\",\"@id\":\"https:\\\/\\\/baltagauja.eu\\\/en\\\/size-charts\\\/clothes-size-charts\\\/#primaryimage\",\"url\":\"https:\\\/\\\/baltagauja.eu\\\/wp-content\\\/uploads\\\/2024\\\/08\\\/happy-pet-project-1708609782276-300x300-1.webp\",\"contentUrl\":\"https:\\\/\\\/baltagauja.eu\\\/wp-content\\\/uploads\\\/2024\\\/08\\\/happy-pet-project-1708609782276-300x300-1.webp\"},{\"@type\":\"BreadcrumbList\",\"@id\":\"https:\\\/\\\/baltagauja.eu\\\/en\\\/size-charts\\\/clothes-size-charts\\\/#breadcrumb\",\"itemListElement\":[{\"@type\":\"ListItem\",\"position\":1,\"name\":\"Size charts\",\"item\":\"https:\\\/\\\/baltagauja.eu\\\/en\\\/dydziu-lenteles\\\/\"},{\"@type\":\"ListItem\",\"position\":2,\"name\":\"Clothes size charts\"}]},{\"@type\":\"WebSite\",\"@id\":\"https:\\\/\\\/baltagauja.eu\\\/en\\\/#website\",\"url\":\"https:\\\/\\\/baltagauja.eu\\\/en\\\/\",\"name\":\"baltagauja.eu\",\"description\":\"Kokybi\u0161kos prek\u0117s \u0161unims\",\"publisher\":{\"@id\":\"https:\\\/\\\/baltagauja.eu\\\/en\\\/#organization\"},\"potentialAction\":[{\"@type\":\"SearchAction\",\"target\":{\"@type\":\"EntryPoint\",\"urlTemplate\":\"https:\\\/\\\/baltagauja.eu\\\/en\\\/?s={search_term_string}\"},\"query-input\":{\"@type\":\"PropertyValueSpecification\",\"valueRequired\":true,\"valueName\":\"search_term_string\"}}],\"inLanguage\":\"en-US\"},{\"@type\":\"Organization\",\"@id\":\"https:\\\/\\\/baltagauja.eu\\\/en\\\/#organization\",\"name\":\"Balta gauja\",\"url\":\"https:\\\/\\\/baltagauja.eu\\\/en\\\/\",\"logo\":{\"@type\":\"ImageObject\",\"inLanguage\":\"en-US\",\"@id\":\"https:\\\/\\\/baltagauja.eu\\\/en\\\/#\\\/schema\\\/logo\\\/image\\\/\",\"url\":\"https:\\\/\\\/baltagauja.eu\\\/wp-content\\\/uploads\\\/2024\\\/05\\\/Color-logo-without-background6.png\",\"contentUrl\":\"https:\\\/\\\/baltagauja.eu\\\/wp-content\\\/uploads\\\/2024\\\/05\\\/Color-logo-without-background6.png\",\"width\":2103,\"height\":1336,\"caption\":\"Balta gauja\"},\"image\":{\"@id\":\"https:\\\/\\\/baltagauja.eu\\\/en\\\/#\\\/schema\\\/logo\\\/image\\\/\"},\"sameAs\":[\"https:\\\/\\\/www.facebook.com\\\/baltagauja.eu\"]}]}<\/script>\n<!-- \/ Yoast SEO plugin. -->","yoast_head_json":{"title":"Clothes size charts - Baltagauja","robots":{"index":"index","follow":"follow","max-snippet":"max-snippet:-1","max-image-preview":"max-image-preview:large","max-video-preview":"max-video-preview:-1"},"canonical":"https:\/\/baltagauja.eu\/en\/size-charts\/clothes-size-charts\/","og_locale":"en_US","og_type":"article","og_title":"Clothes size charts - Baltagauja","og_description":"Clothes sizes PAIKKA ForMyDogs COLLAR WAUDOG PAIKKA Back measurement : This is the most important measurement. Place the measuring tape at the base of your dog&#8217;s neck, between the withers, and measure to the base of the tail. The back length can be adjusted up to 5 cm shorter. Belt measurement: Wrap the measuring tape [&hellip;]","og_url":"https:\/\/baltagauja.eu\/en\/size-charts\/clothes-size-charts\/","og_site_name":"Baltagauja","article_publisher":"https:\/\/www.facebook.com\/baltagauja.eu","article_modified_time":"2024-08-28T15:36:44+00:00","og_image":[{"url":"https:\/\/baltagauja.eu\/wp-content\/uploads\/2024\/08\/happy-pet-project-1708609782276-300x300-1.webp","type":"","width":"","height":""}],"twitter_card":"summary_large_image","twitter_misc":{"Est. reading time":"1 minute"},"schema":{"@context":"https:\/\/schema.org","@graph":[{"@type":"WebPage","@id":"https:\/\/baltagauja.eu\/en\/size-charts\/clothes-size-charts\/","url":"https:\/\/baltagauja.eu\/en\/size-charts\/clothes-size-charts\/","name":"Clothes size charts - Baltagauja","isPartOf":{"@id":"https:\/\/baltagauja.eu\/en\/#website"},"primaryImageOfPage":{"@id":"https:\/\/baltagauja.eu\/en\/size-charts\/clothes-size-charts\/#primaryimage"},"image":{"@id":"https:\/\/baltagauja.eu\/en\/size-charts\/clothes-size-charts\/#primaryimage"},"thumbnailUrl":"https:\/\/baltagauja.eu\/wp-content\/uploads\/2024\/08\/happy-pet-project-1708609782276-300x300-1.webp","datePublished":"2024-08-19T08:22:02+00:00","dateModified":"2024-08-28T15:36:44+00:00","breadcrumb":{"@id":"https:\/\/baltagauja.eu\/en\/size-charts\/clothes-size-charts\/#breadcrumb"},"inLanguage":"en-US","potentialAction":[{"@type":"ReadAction","target":["https:\/\/baltagauja.eu\/en\/size-charts\/clothes-size-charts\/"]}]},{"@type":"ImageObject","inLanguage":"en-US","@id":"https:\/\/baltagauja.eu\/en\/size-charts\/clothes-size-charts\/#primaryimage","url":"https:\/\/baltagauja.eu\/wp-content\/uploads\/2024\/08\/happy-pet-project-1708609782276-300x300-1.webp","contentUrl":"https:\/\/baltagauja.eu\/wp-content\/uploads\/2024\/08\/happy-pet-project-1708609782276-300x300-1.webp"},{"@type":"BreadcrumbList","@id":"https:\/\/baltagauja.eu\/en\/size-charts\/clothes-size-charts\/#breadcrumb","itemListElement":[{"@type":"ListItem","position":1,"name":"Size charts","item":"https:\/\/baltagauja.eu\/en\/dydziu-lenteles\/"},{"@type":"ListItem","position":2,"name":"Clothes size charts"}]},{"@type":"WebSite","@id":"https:\/\/baltagauja.eu\/en\/#website","url":"https:\/\/baltagauja.eu\/en\/","name":"baltagauja.eu","description":"Kokybi\u0161kos prek\u0117s \u0161unims","publisher":{"@id":"https:\/\/baltagauja.eu\/en\/#organization"},"potentialAction":[{"@type":"SearchAction","target":{"@type":"EntryPoint","urlTemplate":"https:\/\/baltagauja.eu\/en\/?s={search_term_string}"},"query-input":{"@type":"PropertyValueSpecification","valueRequired":true,"valueName":"search_term_string"}}],"inLanguage":"en-US"},{"@type":"Organization","@id":"https:\/\/baltagauja.eu\/en\/#organization","name":"Balta gauja","url":"https:\/\/baltagauja.eu\/en\/","logo":{"@type":"ImageObject","inLanguage":"en-US","@id":"https:\/\/baltagauja.eu\/en\/#\/schema\/logo\/image\/","url":"https:\/\/baltagauja.eu\/wp-content\/uploads\/2024\/05\/Color-logo-without-background6.png","contentUrl":"https:\/\/baltagauja.eu\/wp-content\/uploads\/2024\/05\/Color-logo-without-background6.png","width":2103,"height":1336,"caption":"Balta gauja"},"image":{"@id":"https:\/\/baltagauja.eu\/en\/#\/schema\/logo\/image\/"},"sameAs":["https:\/\/www.facebook.com\/baltagauja.eu"]}]}},"jetpack_sharing_enabled":true,"_links":{"self":[{"href":"https:\/\/baltagauja.eu\/en\/wp-json\/wp\/v2\/pages\/10733","targetHints":{"allow":["GET"]}}],"collection":[{"href":"https:\/\/baltagauja.eu\/en\/wp-json\/wp\/v2\/pages"}],"about":[{"href":"https:\/\/baltagauja.eu\/en\/wp-json\/wp\/v2\/types\/page"}],"author":[{"embeddable":true,"href":"https:\/\/baltagauja.eu\/en\/wp-json\/wp\/v2\/users\/1"}],"replies":[{"embeddable":true,"href":"https:\/\/baltagauja.eu\/en\/wp-json\/wp\/v2\/comments?post=10733"}],"version-history":[{"count":2,"href":"https:\/\/baltagauja.eu\/en\/wp-json\/wp\/v2\/pages\/10733\/revisions"}],"predecessor-version":[{"id":10856,"href":"https:\/\/baltagauja.eu\/en\/wp-json\/wp\/v2\/pages\/10733\/revisions\/10856"}],"up":[{"embeddable":true,"href":"https:\/\/baltagauja.eu\/en\/wp-json\/wp\/v2\/pages\/10731"}],"wp:attachment":[{"href":"https:\/\/baltagauja.eu\/en\/wp-json\/wp\/v2\/media?parent=10733"}],"curies":[{"name":"wp","href":"https:\/\/api.w.org\/{rel}","templated":true}]}}