{"id":10735,"date":"2024-08-19T11:23:33","date_gmt":"2024-08-19T08:23:33","guid":{"rendered":"https:\/\/baltagauja.eu\/size-charts\/boots-size-charts\/"},"modified":"2024-08-28T18:36:19","modified_gmt":"2024-08-28T15:36:19","slug":"boots-size-charts","status":"publish","type":"page","link":"https:\/\/baltagauja.eu\/en\/size-charts\/boots-size-charts\/","title":{"rendered":"Boots size charts"},"content":{"rendered":"\t\t<div data-elementor-type=\"wp-page\" data-elementor-id=\"10735\" class=\"elementor elementor-10735 elementor-10542\" data-elementor-post-type=\"page\">\n\t\t\t\t<div class=\"elementor-element elementor-element-5d2d4c8 e-flex e-con-boxed e-con e-parent\" data-id=\"5d2d4c8\" data-element_type=\"container\" data-e-type=\"container\">\n\t\t\t\t\t<div class=\"e-con-inner\">\n\t\t<div class=\"elementor-element elementor-element-4d8f9c6 e-con-full e-flex e-con e-child\" data-id=\"4d8f9c6\" data-element_type=\"container\" data-e-type=\"container\">\n\t\t<div class=\"elementor-element elementor-element-2f95687 e-con-full e-flex e-con e-child\" data-id=\"2f95687\" data-element_type=\"container\" data-e-type=\"container\">\n\t\t\t\t<div class=\"elementor-element elementor-element-8c5097d elementor-widget elementor-widget-heading\" data-id=\"8c5097d\" data-element_type=\"widget\" data-e-type=\"widget\" data-widget_type=\"heading.default\">\n\t\t\t\t<div class=\"elementor-widget-container\">\n\t\t\t\t\t<h1 class=\"elementor-heading-title elementor-size-default\">Boots sizes<\/h1>\t\t\t\t<\/div>\n\t\t\t\t<\/div>\n\t\t\t\t<\/div>\n\t\t<div class=\"elementor-element elementor-element-80e2864 e-con-full e-flex e-con e-child\" data-id=\"80e2864\" data-element_type=\"container\" data-e-type=\"container\" data-settings=\"{&quot;background_background&quot;:&quot;classic&quot;}\">\n\t\t\t\t<div class=\"elementor-element elementor-element-96fb053 elementor-tabs-view-horizontal elementor-widget elementor-widget-tabs\" data-id=\"96fb053\" data-element_type=\"widget\" data-e-type=\"widget\" data-widget_type=\"tabs.default\">\n\t\t\t\t<div class=\"elementor-widget-container\">\n\t\t\t\t\t\t\t<div class=\"elementor-tabs\">\n\t\t\t<div class=\"elementor-tabs-wrapper\" role=\"tablist\" >\n\t\t\t\t\t\t\t\t\t<div id=\"elementor-tab-title-1581\" class=\"elementor-tab-title elementor-tab-desktop-title\" aria-selected=\"true\" data-tab=\"1\" role=\"tab\" tabindex=\"0\" aria-controls=\"elementor-tab-content-1581\" aria-expanded=\"false\">PAIKKA<\/div>\n\t\t\t\t\t\t\t\t\t<div id=\"elementor-tab-title-1582\" class=\"elementor-tab-title elementor-tab-desktop-title\" aria-selected=\"false\" data-tab=\"2\" role=\"tab\" tabindex=\"-1\" aria-controls=\"elementor-tab-content-1582\" aria-expanded=\"false\">ForMyDogs<\/div>\n\t\t\t\t\t\t\t<\/div>\n\t\t\t<div class=\"elementor-tabs-content-wrapper\" role=\"tablist\" aria-orientation=\"vertical\">\n\t\t\t\t\t\t\t\t\t<div class=\"elementor-tab-title elementor-tab-mobile-title\" aria-selected=\"true\" data-tab=\"1\" role=\"tab\" tabindex=\"0\" aria-controls=\"elementor-tab-content-1581\" aria-expanded=\"false\">PAIKKA<\/div>\n\t\t\t\t\t<div id=\"elementor-tab-content-1581\" class=\"elementor-tab-content elementor-clearfix\" data-tab=\"1\" role=\"tabpanel\" aria-labelledby=\"elementor-tab-title-1581\" tabindex=\"0\" hidden=\"false\"><p><img fetchpriority=\"high\" decoding=\"async\" class=\"alignnone wp-image-8821\" src=\"https:\/\/baltagauja.eu\/wp-content\/uploads\/2024\/07\/Lisaa_otsikko-819x1024.webp\" alt=\"\" width=\"500\" height=\"625\" srcset=\"https:\/\/baltagauja.eu\/wp-content\/uploads\/2024\/07\/Lisaa_otsikko-819x1024.webp 819w, https:\/\/baltagauja.eu\/wp-content\/uploads\/2024\/07\/Lisaa_otsikko-240x300.webp 240w, https:\/\/baltagauja.eu\/wp-content\/uploads\/2024\/07\/Lisaa_otsikko-768x960.webp 768w, https:\/\/baltagauja.eu\/wp-content\/uploads\/2024\/07\/Lisaa_otsikko-600x750.webp 600w, https:\/\/baltagauja.eu\/wp-content\/uploads\/2024\/07\/Lisaa_otsikko-64x80.webp 64w, https:\/\/baltagauja.eu\/wp-content\/uploads\/2024\/07\/Lisaa_otsikko.webp 1080w\" sizes=\"(max-width: 500px) 100vw, 500px\" \/><\/p>\n<\/div>\n\t\t\t\t\t\t\t\t\t<div class=\"elementor-tab-title elementor-tab-mobile-title\" aria-selected=\"false\" data-tab=\"2\" role=\"tab\" tabindex=\"-1\" aria-controls=\"elementor-tab-content-1582\" aria-expanded=\"false\">ForMyDogs<\/div>\n\t\t\t\t\t<div id=\"elementor-tab-content-1582\" class=\"elementor-tab-content elementor-clearfix\" data-tab=\"2\" role=\"tabpanel\" aria-labelledby=\"elementor-tab-title-1582\" tabindex=\"0\" hidden=\"hidden\"><p><img decoding=\"async\" class=\"alignnone size-medium wp-image-7612\" src=\"https:\/\/baltagauja.eu\/wp-content\/uploads\/2024\/04\/dg-1-300x282.png\" alt=\"\" width=\"300\" height=\"282\" srcset=\"https:\/\/baltagauja.eu\/wp-content\/uploads\/2024\/04\/dg-1-300x282.png 300w, https:\/\/baltagauja.eu\/wp-content\/uploads\/2024\/04\/dg-1-64x60.png 64w, https:\/\/baltagauja.eu\/wp-content\/uploads\/2024\/04\/dg-1.png 323w\" sizes=\"(max-width: 300px) 100vw, 300px\" \/><\/p>\n<p>Please note that the table shows the dimensions of the shoe and not the paw.<\/p>\n<p><img decoding=\"async\" class=\"alignnone wp-image-10628 size-full\" src=\"https:\/\/baltagauja.eu\/wp-content\/uploads\/2024\/08\/Screenshot-2024-08-19-at-13.56.26.png\" alt=\"\" width=\"355\" height=\"408\" srcset=\"https:\/\/baltagauja.eu\/wp-content\/uploads\/2024\/08\/Screenshot-2024-08-19-at-13.56.26.png 355w, https:\/\/baltagauja.eu\/wp-content\/uploads\/2024\/08\/Screenshot-2024-08-19-at-13.56.26-261x300.png 261w, https:\/\/baltagauja.eu\/wp-content\/uploads\/2024\/08\/Screenshot-2024-08-19-at-13.56.26-64x74.png 64w\" sizes=\"(max-width: 355px) 100vw, 355px\" \/><\/p>\n<\/div>\n\t\t\t\t\t\t\t<\/div>\n\t\t<\/div>\n\t\t\t\t\t\t<\/div>\n\t\t\t\t<\/div>\n\t\t\t\t<\/div>\n\t\t\t\t<\/div>\n\t\t\t\t\t<\/div>\n\t\t\t\t<\/div>\n\t\t\t\t<\/div>\n\t\t","protected":false},"excerpt":{"rendered":"<p>Boots sizes PAIKKA ForMyDogs PAIKKA ForMyDogs Please note that the table shows the dimensions of the shoe and not the paw.<\/p>\n","protected":false},"author":1,"featured_media":0,"parent":10731,"menu_order":2,"comment_status":"closed","ping_status":"closed","template":"","meta":{"site-sidebar-layout":"no-sidebar","site-content-layout":"page-builder","ast-site-content-layout":"full-width-container","site-content-style":"default","site-sidebar-style":"default","ast-global-header-display":"","ast-banner-title-visibility":"","ast-main-header-display":"","ast-hfb-above-header-display":"","ast-hfb-below-header-display":"","ast-hfb-mobile-header-display":"","site-post-title":"disabled","ast-breadcrumbs-content":"","ast-featured-img":"disabled","footer-sml-layout":"","ast-disable-related-posts":"","theme-transparent-header-meta":"","adv-header-id-meta":"","stick-header-meta":"","header-above-stick-meta":"","header-main-stick-meta":"","header-below-stick-meta":"","astra-migrate-meta-layouts":"default","ast-page-background-enabled":"default","ast-page-background-meta":{"desktop":{"background-color":"","background-image":"","background-repeat":"repeat","background-position":"center center","background-size":"auto","background-attachment":"scroll","background-type":"","background-media":"","overlay-type":"","overlay-color":"","overlay-opacity":"","overlay-gradient":""},"tablet":{"background-color":"","background-image":"","background-repeat":"repeat","background-position":"center center","background-size":"auto","background-attachment":"scroll","background-type":"","background-media":"","overlay-type":"","overlay-color":"","overlay-opacity":"","overlay-gradient":""},"mobile":{"background-color":"","background-image":"","background-repeat":"repeat","background-position":"center center","background-size":"auto","background-attachment":"scroll","background-type":"","background-media":"","overlay-type":"","overlay-color":"","overlay-opacity":"","overlay-gradient":""}},"ast-content-background-meta":{"desktop":{"background-color":"var(--ast-global-color-5)","background-image":"","background-repeat":"repeat","background-position":"center center","background-size":"auto","background-attachment":"scroll","background-type":"","background-media":"","overlay-type":"","overlay-color":"","overlay-opacity":"","overlay-gradient":""},"tablet":{"background-color":"var(--ast-global-color-5)","background-image":"","background-repeat":"repeat","background-position":"center center","background-size":"auto","background-attachment":"scroll","background-type":"","background-media":"","overlay-type":"","overlay-color":"","overlay-opacity":"","overlay-gradient":""},"mobile":{"background-color":"var(--ast-global-color-5)","background-image":"","background-repeat":"repeat","background-position":"center center","background-size":"auto","background-attachment":"scroll","background-type":"","background-media":"","overlay-type":"","overlay-color":"","overlay-opacity":"","overlay-gradient":""}},"footnotes":""},"class_list":["post-10735","page","type-page","status-publish","hentry"],"yoast_head":"<!-- This site is optimized with the Yoast SEO plugin v27.3 - https:\/\/yoast.com\/product\/yoast-seo-wordpress\/ -->\n<title>Boots size charts - Baltagauja<\/title>\n<meta name=\"robots\" content=\"index, follow, max-snippet:-1, max-image-preview:large, max-video-preview:-1\" \/>\n<link rel=\"canonical\" href=\"https:\/\/baltagauja.eu\/en\/size-charts\/boots-size-charts\/\" \/>\n<meta property=\"og:locale\" content=\"en_US\" \/>\n<meta property=\"og:type\" content=\"article\" \/>\n<meta property=\"og:title\" content=\"Boots size charts - Baltagauja\" \/>\n<meta property=\"og:description\" content=\"Boots sizes PAIKKA ForMyDogs PAIKKA ForMyDogs Please note that the table shows the dimensions of the shoe and not the paw.\" \/>\n<meta property=\"og:url\" content=\"https:\/\/baltagauja.eu\/en\/size-charts\/boots-size-charts\/\" \/>\n<meta property=\"og:site_name\" content=\"Baltagauja\" \/>\n<meta property=\"article:publisher\" content=\"https:\/\/www.facebook.com\/baltagauja.eu\" \/>\n<meta property=\"article:modified_time\" content=\"2024-08-28T15:36:19+00:00\" \/>\n<meta property=\"og:image\" content=\"https:\/\/baltagauja.eu\/wp-content\/uploads\/2024\/07\/Lisaa_otsikko-819x1024.webp\" \/>\n<meta name=\"twitter:card\" content=\"summary_large_image\" \/>\n<script type=\"application\/ld+json\" class=\"yoast-schema-graph\">{\"@context\":\"https:\\\/\\\/schema.org\",\"@graph\":[{\"@type\":\"WebPage\",\"@id\":\"https:\\\/\\\/baltagauja.eu\\\/en\\\/size-charts\\\/boots-size-charts\\\/\",\"url\":\"https:\\\/\\\/baltagauja.eu\\\/en\\\/size-charts\\\/boots-size-charts\\\/\",\"name\":\"Boots size charts - Baltagauja\",\"isPartOf\":{\"@id\":\"https:\\\/\\\/baltagauja.eu\\\/en\\\/#website\"},\"primaryImageOfPage\":{\"@id\":\"https:\\\/\\\/baltagauja.eu\\\/en\\\/size-charts\\\/boots-size-charts\\\/#primaryimage\"},\"image\":{\"@id\":\"https:\\\/\\\/baltagauja.eu\\\/en\\\/size-charts\\\/boots-size-charts\\\/#primaryimage\"},\"thumbnailUrl\":\"https:\\\/\\\/baltagauja.eu\\\/wp-content\\\/uploads\\\/2024\\\/07\\\/Lisaa_otsikko-819x1024.webp\",\"datePublished\":\"2024-08-19T08:23:33+00:00\",\"dateModified\":\"2024-08-28T15:36:19+00:00\",\"breadcrumb\":{\"@id\":\"https:\\\/\\\/baltagauja.eu\\\/en\\\/size-charts\\\/boots-size-charts\\\/#breadcrumb\"},\"inLanguage\":\"en-US\",\"potentialAction\":[{\"@type\":\"ReadAction\",\"target\":[\"https:\\\/\\\/baltagauja.eu\\\/en\\\/size-charts\\\/boots-size-charts\\\/\"]}]},{\"@type\":\"ImageObject\",\"inLanguage\":\"en-US\",\"@id\":\"https:\\\/\\\/baltagauja.eu\\\/en\\\/size-charts\\\/boots-size-charts\\\/#primaryimage\",\"url\":\"https:\\\/\\\/baltagauja.eu\\\/wp-content\\\/uploads\\\/2024\\\/07\\\/Lisaa_otsikko-819x1024.webp\",\"contentUrl\":\"https:\\\/\\\/baltagauja.eu\\\/wp-content\\\/uploads\\\/2024\\\/07\\\/Lisaa_otsikko-819x1024.webp\"},{\"@type\":\"BreadcrumbList\",\"@id\":\"https:\\\/\\\/baltagauja.eu\\\/en\\\/size-charts\\\/boots-size-charts\\\/#breadcrumb\",\"itemListElement\":[{\"@type\":\"ListItem\",\"position\":1,\"name\":\"Size charts\",\"item\":\"https:\\\/\\\/baltagauja.eu\\\/en\\\/dydziu-lenteles\\\/\"},{\"@type\":\"ListItem\",\"position\":2,\"name\":\"Boots size charts\"}]},{\"@type\":\"WebSite\",\"@id\":\"https:\\\/\\\/baltagauja.eu\\\/en\\\/#website\",\"url\":\"https:\\\/\\\/baltagauja.eu\\\/en\\\/\",\"name\":\"baltagauja.eu\",\"description\":\"Kokybi\u0161kos prek\u0117s \u0161unims\",\"publisher\":{\"@id\":\"https:\\\/\\\/baltagauja.eu\\\/en\\\/#organization\"},\"potentialAction\":[{\"@type\":\"SearchAction\",\"target\":{\"@type\":\"EntryPoint\",\"urlTemplate\":\"https:\\\/\\\/baltagauja.eu\\\/en\\\/?s={search_term_string}\"},\"query-input\":{\"@type\":\"PropertyValueSpecification\",\"valueRequired\":true,\"valueName\":\"search_term_string\"}}],\"inLanguage\":\"en-US\"},{\"@type\":\"Organization\",\"@id\":\"https:\\\/\\\/baltagauja.eu\\\/en\\\/#organization\",\"name\":\"Balta gauja\",\"url\":\"https:\\\/\\\/baltagauja.eu\\\/en\\\/\",\"logo\":{\"@type\":\"ImageObject\",\"inLanguage\":\"en-US\",\"@id\":\"https:\\\/\\\/baltagauja.eu\\\/en\\\/#\\\/schema\\\/logo\\\/image\\\/\",\"url\":\"https:\\\/\\\/baltagauja.eu\\\/wp-content\\\/uploads\\\/2024\\\/05\\\/Color-logo-without-background6.png\",\"contentUrl\":\"https:\\\/\\\/baltagauja.eu\\\/wp-content\\\/uploads\\\/2024\\\/05\\\/Color-logo-without-background6.png\",\"width\":2103,\"height\":1336,\"caption\":\"Balta gauja\"},\"image\":{\"@id\":\"https:\\\/\\\/baltagauja.eu\\\/en\\\/#\\\/schema\\\/logo\\\/image\\\/\"},\"sameAs\":[\"https:\\\/\\\/www.facebook.com\\\/baltagauja.eu\"]}]}<\/script>\n<!-- \/ Yoast SEO plugin. -->","yoast_head_json":{"title":"Boots size charts - Baltagauja","robots":{"index":"index","follow":"follow","max-snippet":"max-snippet:-1","max-image-preview":"max-image-preview:large","max-video-preview":"max-video-preview:-1"},"canonical":"https:\/\/baltagauja.eu\/en\/size-charts\/boots-size-charts\/","og_locale":"en_US","og_type":"article","og_title":"Boots size charts - Baltagauja","og_description":"Boots sizes PAIKKA ForMyDogs PAIKKA ForMyDogs Please note that the table shows the dimensions of the shoe and not the paw.","og_url":"https:\/\/baltagauja.eu\/en\/size-charts\/boots-size-charts\/","og_site_name":"Baltagauja","article_publisher":"https:\/\/www.facebook.com\/baltagauja.eu","article_modified_time":"2024-08-28T15:36:19+00:00","og_image":[{"url":"https:\/\/baltagauja.eu\/wp-content\/uploads\/2024\/07\/Lisaa_otsikko-819x1024.webp","type":"","width":"","height":""}],"twitter_card":"summary_large_image","schema":{"@context":"https:\/\/schema.org","@graph":[{"@type":"WebPage","@id":"https:\/\/baltagauja.eu\/en\/size-charts\/boots-size-charts\/","url":"https:\/\/baltagauja.eu\/en\/size-charts\/boots-size-charts\/","name":"Boots size charts - Baltagauja","isPartOf":{"@id":"https:\/\/baltagauja.eu\/en\/#website"},"primaryImageOfPage":{"@id":"https:\/\/baltagauja.eu\/en\/size-charts\/boots-size-charts\/#primaryimage"},"image":{"@id":"https:\/\/baltagauja.eu\/en\/size-charts\/boots-size-charts\/#primaryimage"},"thumbnailUrl":"https:\/\/baltagauja.eu\/wp-content\/uploads\/2024\/07\/Lisaa_otsikko-819x1024.webp","datePublished":"2024-08-19T08:23:33+00:00","dateModified":"2024-08-28T15:36:19+00:00","breadcrumb":{"@id":"https:\/\/baltagauja.eu\/en\/size-charts\/boots-size-charts\/#breadcrumb"},"inLanguage":"en-US","potentialAction":[{"@type":"ReadAction","target":["https:\/\/baltagauja.eu\/en\/size-charts\/boots-size-charts\/"]}]},{"@type":"ImageObject","inLanguage":"en-US","@id":"https:\/\/baltagauja.eu\/en\/size-charts\/boots-size-charts\/#primaryimage","url":"https:\/\/baltagauja.eu\/wp-content\/uploads\/2024\/07\/Lisaa_otsikko-819x1024.webp","contentUrl":"https:\/\/baltagauja.eu\/wp-content\/uploads\/2024\/07\/Lisaa_otsikko-819x1024.webp"},{"@type":"BreadcrumbList","@id":"https:\/\/baltagauja.eu\/en\/size-charts\/boots-size-charts\/#breadcrumb","itemListElement":[{"@type":"ListItem","position":1,"name":"Size charts","item":"https:\/\/baltagauja.eu\/en\/dydziu-lenteles\/"},{"@type":"ListItem","position":2,"name":"Boots size charts"}]},{"@type":"WebSite","@id":"https:\/\/baltagauja.eu\/en\/#website","url":"https:\/\/baltagauja.eu\/en\/","name":"baltagauja.eu","description":"Kokybi\u0161kos prek\u0117s \u0161unims","publisher":{"@id":"https:\/\/baltagauja.eu\/en\/#organization"},"potentialAction":[{"@type":"SearchAction","target":{"@type":"EntryPoint","urlTemplate":"https:\/\/baltagauja.eu\/en\/?s={search_term_string}"},"query-input":{"@type":"PropertyValueSpecification","valueRequired":true,"valueName":"search_term_string"}}],"inLanguage":"en-US"},{"@type":"Organization","@id":"https:\/\/baltagauja.eu\/en\/#organization","name":"Balta gauja","url":"https:\/\/baltagauja.eu\/en\/","logo":{"@type":"ImageObject","inLanguage":"en-US","@id":"https:\/\/baltagauja.eu\/en\/#\/schema\/logo\/image\/","url":"https:\/\/baltagauja.eu\/wp-content\/uploads\/2024\/05\/Color-logo-without-background6.png","contentUrl":"https:\/\/baltagauja.eu\/wp-content\/uploads\/2024\/05\/Color-logo-without-background6.png","width":2103,"height":1336,"caption":"Balta gauja"},"image":{"@id":"https:\/\/baltagauja.eu\/en\/#\/schema\/logo\/image\/"},"sameAs":["https:\/\/www.facebook.com\/baltagauja.eu"]}]}},"jetpack_sharing_enabled":true,"_links":{"self":[{"href":"https:\/\/baltagauja.eu\/en\/wp-json\/wp\/v2\/pages\/10735","targetHints":{"allow":["GET"]}}],"collection":[{"href":"https:\/\/baltagauja.eu\/en\/wp-json\/wp\/v2\/pages"}],"about":[{"href":"https:\/\/baltagauja.eu\/en\/wp-json\/wp\/v2\/types\/page"}],"author":[{"embeddable":true,"href":"https:\/\/baltagauja.eu\/en\/wp-json\/wp\/v2\/users\/1"}],"replies":[{"embeddable":true,"href":"https:\/\/baltagauja.eu\/en\/wp-json\/wp\/v2\/comments?post=10735"}],"version-history":[{"count":2,"href":"https:\/\/baltagauja.eu\/en\/wp-json\/wp\/v2\/pages\/10735\/revisions"}],"predecessor-version":[{"id":10852,"href":"https:\/\/baltagauja.eu\/en\/wp-json\/wp\/v2\/pages\/10735\/revisions\/10852"}],"up":[{"embeddable":true,"href":"https:\/\/baltagauja.eu\/en\/wp-json\/wp\/v2\/pages\/10731"}],"wp:attachment":[{"href":"https:\/\/baltagauja.eu\/en\/wp-json\/wp\/v2\/media?parent=10735"}],"curies":[{"name":"wp","href":"https:\/\/api.w.org\/{rel}","templated":true}]}}