{"id":5920,"date":"2024-02-26T16:59:18","date_gmt":"2024-02-26T14:59:18","guid":{"rendered":"https:\/\/baltagauja.eu\/return-policy\/"},"modified":"2024-08-28T19:38:38","modified_gmt":"2024-08-28T16:38:38","slug":"return-policy","status":"publish","type":"page","link":"https:\/\/baltagauja.eu\/en\/return-policy\/","title":{"rendered":"Return policy"},"content":{"rendered":"\t\t<div data-elementor-type=\"wp-page\" data-elementor-id=\"5920\" class=\"elementor elementor-5920 elementor-9\" data-elementor-post-type=\"page\">\n\t\t\t\t<div class=\"elementor-element elementor-element-1a544c52 e-flex e-con-boxed e-con e-parent\" data-id=\"1a544c52\" data-element_type=\"container\" data-e-type=\"container\" data-settings=\"{&quot;background_background&quot;:&quot;classic&quot;}\">\n\t\t\t\t\t<div class=\"e-con-inner\">\n\t\t<div class=\"elementor-element elementor-element-e923477 e-con-full e-flex e-con e-child\" data-id=\"e923477\" data-element_type=\"container\" data-e-type=\"container\">\n\t\t\t\t<div class=\"elementor-element elementor-element-9155acf elementor-widget elementor-widget-heading\" data-id=\"9155acf\" data-element_type=\"widget\" data-e-type=\"widget\" data-widget_type=\"heading.default\">\n\t\t\t\t<div class=\"elementor-widget-container\">\n\t\t\t\t\t<h1 class=\"elementor-heading-title elementor-size-default\">Return policy<\/h1>\t\t\t\t<\/div>\n\t\t\t\t<\/div>\n\t\t\t\t<\/div>\n\t\t<div class=\"elementor-element elementor-element-87241cd e-con-full e-flex e-con e-child\" data-id=\"87241cd\" data-element_type=\"container\" data-e-type=\"container\" data-settings=\"{&quot;background_background&quot;:&quot;classic&quot;}\">\n\t\t\t\t<div class=\"elementor-element elementor-element-4ce94dc8 elementor-widget elementor-widget-text-editor\" data-id=\"4ce94dc8\" data-element_type=\"widget\" data-e-type=\"widget\" data-widget_type=\"text-editor.default\">\n\t\t\t\t<div class=\"elementor-widget-container\">\n\t\t\t\t\t\t\t\t\t\n<p><strong>Every item purchased in our online shop is covered by a 14-day return guarantee.<\/strong><\/p>\n<p>Returning the goods:<\/p>\n<ol>\n<li>\n<p>Returns can be made within 14 calendar days of purchase.<\/p>\n<\/li>\n<li>\n<p>The returned product must be in its original packaging, unused and with all its accessories (label, instructions, etc.) and gifts (if any).<\/p>\n<\/li>\n<li>\n<p>Goods will not be accepted for return, exchange or refund if:<br>&#8211; they have been used (opened packaging, bottle, etc.);<br>&#8211; damaged;<br>&#8211; they have not retained their usable characteristics;<br>&#8211; have lost their merchantable appearance;<br>&#8211; the original labels have been removed.<\/p>\n<\/li>\n<li>\n<p>The Seller must be notified of the withdrawal by email. by email to info@baltagauja.eu, stating: the buyer&#8217;s name and bank account number (optional: reason for return). The account holder must be the same as the buyer.<\/p>\n<\/li>\n<li>\n<p>The sender (buyer) is responsible for all costs related to the dispatch of the goods.<\/p>\n<\/li>\n<li>\n<p>The notification must be made within the prescribed time limit (fourteen calendar days).<\/p>\n<\/li>\n<li>\n<p>The product must be returned by sending it to the address Klaipeda str. 10, Kretingale city, LT 96332, Lithuania.<\/p>\n<\/li>\n<li>\n<p>The money will be refunded to the bank account specified by the customer. The money will be refunded by bank transfer within 3 (three) working days after receipt of the returned goods. <\/p>\n<\/li>\n<li>\n<p>In addition to the above conditions, the return of goods shall be subject to the Terms of Service and other legislation in force in the Republic of Lithuania.<\/p>\n<\/li>\n<\/ol>\n\t\t\t\t\t\t\t\t<\/div>\n\t\t\t\t<\/div>\n\t\t\t\t<\/div>\n\t\t\t\t\t<\/div>\n\t\t\t\t<\/div>\n\t\t\t\t<\/div>\n\t\t","protected":false},"excerpt":{"rendered":"<p>Return policy Every item purchased in our online shop is covered by a 14-day return guarantee. Returning the goods: Returns can be made within 14 calendar days of purchase. The returned product must be in its original packaging, unused and with all its accessories (label, instructions, etc.) and gifts (if any). Goods will not be [&hellip;]<\/p>\n","protected":false},"author":1,"featured_media":0,"parent":0,"menu_order":0,"comment_status":"closed","ping_status":"closed","template":"","meta":{"site-sidebar-layout":"default","site-content-layout":"","ast-site-content-layout":"default","site-content-style":"default","site-sidebar-style":"default","ast-global-header-display":"","ast-banner-title-visibility":"","ast-main-header-display":"","ast-hfb-above-header-display":"","ast-hfb-below-header-display":"","ast-hfb-mobile-header-display":"","site-post-title":"disabled","ast-breadcrumbs-content":"","ast-featured-img":"","footer-sml-layout":"","ast-disable-related-posts":"","theme-transparent-header-meta":"","adv-header-id-meta":"","stick-header-meta":"","header-above-stick-meta":"","header-main-stick-meta":"","header-below-stick-meta":"","astra-migrate-meta-layouts":"default","ast-page-background-enabled":"default","ast-page-background-meta":{"desktop":{"background-color":"","background-image":"","background-repeat":"repeat","background-position":"center center","background-size":"auto","background-attachment":"scroll","background-type":"","background-media":"","overlay-type":"","overlay-color":"","overlay-opacity":"","overlay-gradient":""},"tablet":{"background-color":"","background-image":"","background-repeat":"repeat","background-position":"center center","background-size":"auto","background-attachment":"scroll","background-type":"","background-media":"","overlay-type":"","overlay-color":"","overlay-opacity":"","overlay-gradient":""},"mobile":{"background-color":"","background-image":"","background-repeat":"repeat","background-position":"center center","background-size":"auto","background-attachment":"scroll","background-type":"","background-media":"","overlay-type":"","overlay-color":"","overlay-opacity":"","overlay-gradient":""}},"ast-content-background-meta":{"desktop":{"background-color":"var(--ast-global-color-5)","background-image":"","background-repeat":"repeat","background-position":"center center","background-size":"auto","background-attachment":"scroll","background-type":"","background-media":"","overlay-type":"","overlay-color":"","overlay-opacity":"","overlay-gradient":""},"tablet":{"background-color":"var(--ast-global-color-5)","background-image":"","background-repeat":"repeat","background-position":"center center","background-size":"auto","background-attachment":"scroll","background-type":"","background-media":"","overlay-type":"","overlay-color":"","overlay-opacity":"","overlay-gradient":""},"mobile":{"background-color":"var(--ast-global-color-5)","background-image":"","background-repeat":"repeat","background-position":"center center","background-size":"auto","background-attachment":"scroll","background-type":"","background-media":"","overlay-type":"","overlay-color":"","overlay-opacity":"","overlay-gradient":""}},"footnotes":""},"class_list":["post-5920","page","type-page","status-publish","hentry"],"yoast_head":"<!-- This site is optimized with the Yoast SEO plugin v27.4 - https:\/\/yoast.com\/product\/yoast-seo-wordpress\/ -->\n<title>Return policy - Baltagauja<\/title>\n<meta name=\"robots\" content=\"noindex, nofollow\" \/>\n<meta property=\"og:locale\" content=\"en_US\" \/>\n<meta property=\"og:type\" content=\"article\" \/>\n<meta property=\"og:title\" content=\"Return policy - Baltagauja\" \/>\n<meta property=\"og:description\" content=\"Return policy Every item purchased in our online shop is covered by a 14-day return guarantee. Returning the goods: Returns can be made within 14 calendar days of purchase. The returned product must be in its original packaging, unused and with all its accessories (label, instructions, etc.) and gifts (if any). Goods will not be [&hellip;]\" \/>\n<meta property=\"og:url\" content=\"https:\/\/baltagauja.eu\/en\/return-policy\/\" \/>\n<meta property=\"og:site_name\" content=\"Baltagauja\" \/>\n<meta property=\"article:publisher\" content=\"https:\/\/www.facebook.com\/baltagauja.eu\" \/>\n<meta property=\"article:modified_time\" content=\"2024-08-28T16:38:38+00:00\" \/>\n<meta name=\"twitter:card\" content=\"summary_large_image\" \/>\n<meta name=\"twitter:label1\" content=\"Est. reading time\" \/>\n\t<meta name=\"twitter:data1\" content=\"1 minute\" \/>\n<script type=\"application\/ld+json\" class=\"yoast-schema-graph\">{\"@context\":\"https:\\\/\\\/schema.org\",\"@graph\":[{\"@type\":\"WebPage\",\"@id\":\"https:\\\/\\\/baltagauja.eu\\\/en\\\/return-policy\\\/\",\"url\":\"https:\\\/\\\/baltagauja.eu\\\/en\\\/return-policy\\\/\",\"name\":\"Return policy - Baltagauja\",\"isPartOf\":{\"@id\":\"https:\\\/\\\/baltagauja.eu\\\/en\\\/#website\"},\"datePublished\":\"2024-02-26T14:59:18+00:00\",\"dateModified\":\"2024-08-28T16:38:38+00:00\",\"inLanguage\":\"en-US\",\"potentialAction\":[{\"@type\":\"ReadAction\",\"target\":[\"https:\\\/\\\/baltagauja.eu\\\/en\\\/return-policy\\\/\"]}]},{\"@type\":\"WebSite\",\"@id\":\"https:\\\/\\\/baltagauja.eu\\\/en\\\/#website\",\"url\":\"https:\\\/\\\/baltagauja.eu\\\/en\\\/\",\"name\":\"baltagauja.eu\",\"description\":\"Kokybi\u0161kos prek\u0117s \u0161unims\",\"publisher\":{\"@id\":\"https:\\\/\\\/baltagauja.eu\\\/en\\\/#organization\"},\"potentialAction\":[{\"@type\":\"SearchAction\",\"target\":{\"@type\":\"EntryPoint\",\"urlTemplate\":\"https:\\\/\\\/baltagauja.eu\\\/en\\\/?s={search_term_string}\"},\"query-input\":{\"@type\":\"PropertyValueSpecification\",\"valueRequired\":true,\"valueName\":\"search_term_string\"}}],\"inLanguage\":\"en-US\"},{\"@type\":\"Organization\",\"@id\":\"https:\\\/\\\/baltagauja.eu\\\/en\\\/#organization\",\"name\":\"Balta gauja\",\"url\":\"https:\\\/\\\/baltagauja.eu\\\/en\\\/\",\"logo\":{\"@type\":\"ImageObject\",\"inLanguage\":\"en-US\",\"@id\":\"https:\\\/\\\/baltagauja.eu\\\/en\\\/#\\\/schema\\\/logo\\\/image\\\/\",\"url\":\"https:\\\/\\\/baltagauja.eu\\\/wp-content\\\/uploads\\\/2024\\\/05\\\/Color-logo-without-background6.png\",\"contentUrl\":\"https:\\\/\\\/baltagauja.eu\\\/wp-content\\\/uploads\\\/2024\\\/05\\\/Color-logo-without-background6.png\",\"width\":2103,\"height\":1336,\"caption\":\"Balta gauja\"},\"image\":{\"@id\":\"https:\\\/\\\/baltagauja.eu\\\/en\\\/#\\\/schema\\\/logo\\\/image\\\/\"},\"sameAs\":[\"https:\\\/\\\/www.facebook.com\\\/baltagauja.eu\"]}]}<\/script>\n<!-- \/ Yoast SEO plugin. -->","yoast_head_json":{"title":"Return policy - Baltagauja","robots":{"index":"noindex","follow":"nofollow"},"og_locale":"en_US","og_type":"article","og_title":"Return policy - Baltagauja","og_description":"Return policy Every item purchased in our online shop is covered by a 14-day return guarantee. Returning the goods: Returns can be made within 14 calendar days of purchase. The returned product must be in its original packaging, unused and with all its accessories (label, instructions, etc.) and gifts (if any). Goods will not be [&hellip;]","og_url":"https:\/\/baltagauja.eu\/en\/return-policy\/","og_site_name":"Baltagauja","article_publisher":"https:\/\/www.facebook.com\/baltagauja.eu","article_modified_time":"2024-08-28T16:38:38+00:00","twitter_card":"summary_large_image","twitter_misc":{"Est. reading time":"1 minute"},"schema":{"@context":"https:\/\/schema.org","@graph":[{"@type":"WebPage","@id":"https:\/\/baltagauja.eu\/en\/return-policy\/","url":"https:\/\/baltagauja.eu\/en\/return-policy\/","name":"Return policy - Baltagauja","isPartOf":{"@id":"https:\/\/baltagauja.eu\/en\/#website"},"datePublished":"2024-02-26T14:59:18+00:00","dateModified":"2024-08-28T16:38:38+00:00","inLanguage":"en-US","potentialAction":[{"@type":"ReadAction","target":["https:\/\/baltagauja.eu\/en\/return-policy\/"]}]},{"@type":"WebSite","@id":"https:\/\/baltagauja.eu\/en\/#website","url":"https:\/\/baltagauja.eu\/en\/","name":"baltagauja.eu","description":"Kokybi\u0161kos prek\u0117s \u0161unims","publisher":{"@id":"https:\/\/baltagauja.eu\/en\/#organization"},"potentialAction":[{"@type":"SearchAction","target":{"@type":"EntryPoint","urlTemplate":"https:\/\/baltagauja.eu\/en\/?s={search_term_string}"},"query-input":{"@type":"PropertyValueSpecification","valueRequired":true,"valueName":"search_term_string"}}],"inLanguage":"en-US"},{"@type":"Organization","@id":"https:\/\/baltagauja.eu\/en\/#organization","name":"Balta gauja","url":"https:\/\/baltagauja.eu\/en\/","logo":{"@type":"ImageObject","inLanguage":"en-US","@id":"https:\/\/baltagauja.eu\/en\/#\/schema\/logo\/image\/","url":"https:\/\/baltagauja.eu\/wp-content\/uploads\/2024\/05\/Color-logo-without-background6.png","contentUrl":"https:\/\/baltagauja.eu\/wp-content\/uploads\/2024\/05\/Color-logo-without-background6.png","width":2103,"height":1336,"caption":"Balta gauja"},"image":{"@id":"https:\/\/baltagauja.eu\/en\/#\/schema\/logo\/image\/"},"sameAs":["https:\/\/www.facebook.com\/baltagauja.eu"]}]}},"jetpack_sharing_enabled":true,"_links":{"self":[{"href":"https:\/\/baltagauja.eu\/en\/wp-json\/wp\/v2\/pages\/5920","targetHints":{"allow":["GET"]}}],"collection":[{"href":"https:\/\/baltagauja.eu\/en\/wp-json\/wp\/v2\/pages"}],"about":[{"href":"https:\/\/baltagauja.eu\/en\/wp-json\/wp\/v2\/types\/page"}],"author":[{"embeddable":true,"href":"https:\/\/baltagauja.eu\/en\/wp-json\/wp\/v2\/users\/1"}],"replies":[{"embeddable":true,"href":"https:\/\/baltagauja.eu\/en\/wp-json\/wp\/v2\/comments?post=5920"}],"version-history":[{"count":5,"href":"https:\/\/baltagauja.eu\/en\/wp-json\/wp\/v2\/pages\/5920\/revisions"}],"predecessor-version":[{"id":10885,"href":"https:\/\/baltagauja.eu\/en\/wp-json\/wp\/v2\/pages\/5920\/revisions\/10885"}],"wp:attachment":[{"href":"https:\/\/baltagauja.eu\/en\/wp-json\/wp\/v2\/media?parent=5920"}],"curies":[{"name":"wp","href":"https:\/\/api.w.org\/{rel}","templated":true}]}}