{"id":6532,"date":"2024-03-01T14:33:15","date_gmt":"2024-03-01T12:33:15","guid":{"rendered":"https:\/\/baltagauja.eu\/about-baltagauja\/"},"modified":"2024-08-28T17:10:26","modified_gmt":"2024-08-28T14:10:26","slug":"about-baltagauja","status":"publish","type":"page","link":"https:\/\/baltagauja.eu\/en\/about-baltagauja\/","title":{"rendered":"About Balta gauja"},"content":{"rendered":"\t\t<div data-elementor-type=\"wp-page\" data-elementor-id=\"6532\" class=\"elementor elementor-6532 elementor-6245\" data-elementor-post-type=\"page\">\n\t\t\t\t<div class=\"elementor-element elementor-element-7c9fe233 e-flex e-con-boxed e-con e-parent\" data-id=\"7c9fe233\" data-element_type=\"container\" data-e-type=\"container\">\n\t\t\t\t\t<div class=\"e-con-inner\">\n\t\t<div class=\"elementor-element elementor-element-12367a4 e-con-full e-flex e-con e-child\" data-id=\"12367a4\" data-element_type=\"container\" data-e-type=\"container\">\n\t\t\t\t<div class=\"elementor-element elementor-element-4bd07221 elementor-widget elementor-widget-text-editor\" data-id=\"4bd07221\" data-element_type=\"widget\" data-e-type=\"widget\" data-widget_type=\"text-editor.default\">\n\t\t\t\t<div class=\"elementor-widget-container\">\n\t\t\t\t\t\t\t\t\t<p><\/p>\n<figure class=\"wp-block-image alignleft size-large is-resized\"><img fetchpriority=\"high\" decoding=\"async\" width=\"1024\" height=\"863\" class=\"wp-image-6040\" style=\"width: 633px; height: auto;\" src=\"http:\/\/baltagauja.eu\/wp-content\/uploads\/2024\/02\/20230917_192342-min-1024x863.jpg\" alt=\"\" srcset=\"https:\/\/baltagauja.eu\/wp-content\/uploads\/2024\/02\/20230917_192342-min-1024x863.jpg 1024w, https:\/\/baltagauja.eu\/wp-content\/uploads\/2024\/02\/20230917_192342-min-600x506.jpg 600w, https:\/\/baltagauja.eu\/wp-content\/uploads\/2024\/02\/20230917_192342-min-64x54.jpg 64w, https:\/\/baltagauja.eu\/wp-content\/uploads\/2024\/02\/20230917_192342-min-300x253.jpg 300w, https:\/\/baltagauja.eu\/wp-content\/uploads\/2024\/02\/20230917_192342-min-768x647.jpg 768w, https:\/\/baltagauja.eu\/wp-content\/uploads\/2024\/02\/20230917_192342-min-1536x1295.jpg 1536w, https:\/\/baltagauja.eu\/wp-content\/uploads\/2024\/02\/20230917_192342-min-2048x1727.jpg 2048w\" sizes=\"(max-width: 1024px) 100vw, 1024px\" \/><\/figure>\n<p><\/p>\n<p><\/p>\n<h2 class=\"wp-block-heading\" style=\"font-style: normal; font-weight: bold;\"> <\/h2>\n<h2 class=\"wp-block-heading\" style=\"font-style: normal; font-weight: bold;\">Decisions that make a difference in your life<\/h2>\n<p><\/p>\n<p><\/p>\n<p style=\"line-height: 1.6;\">&#8220;Life can be unbelievable &#8211; days, weeks, months, years without a single new feeling. But just open the door and a whole avalanche of feelings comes crashing down on him.&#8221; (<a href=\"https:\/\/www.15min.lt\/gyvenimas\/naujiena\/namai\/50-ikvepianciu-citatu-kurios-pades-atgauti-motyvacija-ir-gyvenimo-dziaugsma-1034-696237?utm_medium=copied\">Paulo Coelho<\/a>)<\/p>\n<p><\/p>\n<p><\/p>\n<h3 class=\"wp-block-heading\"><strong>The beginning<\/strong><\/h3>\n<p><\/p>\n<p><\/p>\n<p style=\"line-height: 1.6;\">After a lot of discussion in the family, we finally decided to get a West Highland White Terrier (Westie). Although we did not plan to breed or show, there was no doubt that it would be a pedigreed dog, as I had seen my parents&#8217; choice from a young age &#8211; either pedigreed or fostered.<\/p>\n<p><\/p>\n<p><\/p>\n<p style=\"line-height: 1.6;\">It was not difficult to choose our first westie after listening to our hearts. Soon the house was filled with a new puppy &#8211; Portas (King of white bears from Kip\u0161iukas), whose goal in life was to upset and crush everything!<\/p>\n<p><\/p>\n<p><\/p>\n<p style=\"line-height: 1.6;\">With the arrival of this little boy we started traveling to exhibitions, making new relationships and having new experiences. I had to overcome myself and my fears. With each challenge overcome came the experience of new emotions and the gaining of new skills.<\/p>\n<p><\/p>\n<p><\/p>\n<h3 class=\"wp-block-heading\"><strong>Why Baltagauja ?<\/strong><\/h3>\n<p><\/p>\n<p><\/p>\n<p style=\"line-height: 1.6;\">With the new phase &#8211; breeding and the registration of the kennel name, a long overdue, simple name was born:<\/p>\n<p><\/p>\n<p><\/p>\n<p>Balta \u2013 purity, goodness.<\/p>\n<p><\/p>\n<p><\/p>\n<p>Gauja \u2013 family.<\/p>\n<p><\/p>\n<p><\/p>\n<hr class=\"wp-block-separator has-alpha-channel-opacity is-style-default\" style=\"margin-top: var(--wp--preset--spacing--40); margin-bottom: var(--wp--preset--spacing--40);\">\n<p><\/p>\n<p><\/p>\n<p style=\"line-height: 1.6;\">In our online shop <a href=\"https:\/\/baltagauja.eu\/en\/shop\/\"><strong>baltagauja.eu<\/strong><\/a> you will find what has been tested and approved by the Balta gauja white-tailed quality controllers.<\/p>\n<p><\/p>\n<p><\/p>\n<p style=\"line-height: 1.6;\"><strong>I wish you good shopping and we will keep in touch!<\/strong><\/p>\n<p><\/p>\n<p><\/p>\n<p><\/p>\t\t\t\t\t\t\t\t<\/div>\n\t\t\t\t<\/div>\n\t\t\t\t<\/div>\n\t\t\t\t\t<\/div>\n\t\t\t\t<\/div>\n\t\t\t\t<\/div>\n\t\t","protected":false},"excerpt":{"rendered":"<p>Decisions that make a difference in your life &#8220;Life can be unbelievable &#8211; days, weeks, months, years without a single new feeling. But just open the door and a whole avalanche of feelings comes crashing down on him.&#8221; (Paulo Coelho) The beginning After a lot of discussion in the family, we finally decided to get [&hellip;]<\/p>\n","protected":false},"author":1,"featured_media":0,"parent":0,"menu_order":0,"comment_status":"closed","ping_status":"closed","template":"","meta":{"site-sidebar-layout":"default","site-content-layout":"","ast-site-content-layout":"default","site-content-style":"default","site-sidebar-style":"default","ast-global-header-display":"","ast-banner-title-visibility":"","ast-main-header-display":"","ast-hfb-above-header-display":"","ast-hfb-below-header-display":"","ast-hfb-mobile-header-display":"","site-post-title":"disabled","ast-breadcrumbs-content":"","ast-featured-img":"","footer-sml-layout":"","ast-disable-related-posts":"","theme-transparent-header-meta":"","adv-header-id-meta":"","stick-header-meta":"","header-above-stick-meta":"","header-main-stick-meta":"","header-below-stick-meta":"","astra-migrate-meta-layouts":"default","ast-page-background-enabled":"default","ast-page-background-meta":{"desktop":{"background-color":"","background-image":"","background-repeat":"repeat","background-position":"center center","background-size":"auto","background-attachment":"scroll","background-type":"","background-media":"","overlay-type":"","overlay-color":"","overlay-opacity":"","overlay-gradient":""},"tablet":{"background-color":"","background-image":"","background-repeat":"repeat","background-position":"center center","background-size":"auto","background-attachment":"scroll","background-type":"","background-media":"","overlay-type":"","overlay-color":"","overlay-opacity":"","overlay-gradient":""},"mobile":{"background-color":"","background-image":"","background-repeat":"repeat","background-position":"center center","background-size":"auto","background-attachment":"scroll","background-type":"","background-media":"","overlay-type":"","overlay-color":"","overlay-opacity":"","overlay-gradient":""}},"ast-content-background-meta":{"desktop":{"background-color":"var(--ast-global-color-5)","background-image":"","background-repeat":"repeat","background-position":"center center","background-size":"auto","background-attachment":"scroll","background-type":"","background-media":"","overlay-type":"","overlay-color":"","overlay-opacity":"","overlay-gradient":""},"tablet":{"background-color":"var(--ast-global-color-5)","background-image":"","background-repeat":"repeat","background-position":"center center","background-size":"auto","background-attachment":"scroll","background-type":"","background-media":"","overlay-type":"","overlay-color":"","overlay-opacity":"","overlay-gradient":""},"mobile":{"background-color":"var(--ast-global-color-5)","background-image":"","background-repeat":"repeat","background-position":"center center","background-size":"auto","background-attachment":"scroll","background-type":"","background-media":"","overlay-type":"","overlay-color":"","overlay-opacity":"","overlay-gradient":""}},"footnotes":""},"class_list":["post-6532","page","type-page","status-publish","hentry"],"yoast_head":"<!-- This site is optimized with the Yoast SEO plugin v27.4 - https:\/\/yoast.com\/product\/yoast-seo-wordpress\/ -->\n<title>About Balta gauja - Baltagauja<\/title>\n<meta name=\"description\" content=\"After buying the dog, we started travelling to dog shows, made new relationships and experiences, and Baltagauja was born.\" \/>\n<meta name=\"robots\" content=\"index, follow, max-snippet:-1, max-image-preview:large, max-video-preview:-1\" \/>\n<link rel=\"canonical\" href=\"https:\/\/baltagauja.eu\/en\/about-baltagauja\/\" \/>\n<meta property=\"og:locale\" content=\"en_US\" \/>\n<meta property=\"og:type\" content=\"article\" \/>\n<meta property=\"og:title\" content=\"About Balta gauja - Baltagauja\" \/>\n<meta property=\"og:description\" content=\"After buying the dog, we started travelling to dog shows, made new relationships and experiences, and Baltagauja was born.\" \/>\n<meta property=\"og:url\" content=\"https:\/\/baltagauja.eu\/en\/about-baltagauja\/\" \/>\n<meta property=\"og:site_name\" content=\"Baltagauja\" \/>\n<meta property=\"article:publisher\" content=\"https:\/\/www.facebook.com\/baltagauja.eu\" \/>\n<meta property=\"article:modified_time\" content=\"2024-08-28T14:10:26+00:00\" \/>\n<meta property=\"og:image\" content=\"http:\/\/baltagauja.eu\/wp-content\/uploads\/2024\/02\/20230917_192342-min-1024x863.jpg\" \/>\n<meta name=\"twitter:card\" content=\"summary_large_image\" \/>\n<meta name=\"twitter:label1\" content=\"Est. reading time\" \/>\n\t<meta name=\"twitter:data1\" content=\"1 minute\" \/>\n<script type=\"application\/ld+json\" class=\"yoast-schema-graph\">{\"@context\":\"https:\\\/\\\/schema.org\",\"@graph\":[{\"@type\":\"WebPage\",\"@id\":\"https:\\\/\\\/baltagauja.eu\\\/en\\\/about-baltagauja\\\/\",\"url\":\"https:\\\/\\\/baltagauja.eu\\\/en\\\/about-baltagauja\\\/\",\"name\":\"About Balta gauja - Baltagauja\",\"isPartOf\":{\"@id\":\"https:\\\/\\\/baltagauja.eu\\\/en\\\/#website\"},\"primaryImageOfPage\":{\"@id\":\"https:\\\/\\\/baltagauja.eu\\\/en\\\/about-baltagauja\\\/#primaryimage\"},\"image\":{\"@id\":\"https:\\\/\\\/baltagauja.eu\\\/en\\\/about-baltagauja\\\/#primaryimage\"},\"thumbnailUrl\":\"http:\\\/\\\/baltagauja.eu\\\/wp-content\\\/uploads\\\/2024\\\/02\\\/20230917_192342-min-1024x863.jpg\",\"datePublished\":\"2024-03-01T12:33:15+00:00\",\"dateModified\":\"2024-08-28T14:10:26+00:00\",\"description\":\"After buying the dog, we started travelling to dog shows, made new relationships and experiences, and Baltagauja was born.\",\"inLanguage\":\"en-US\",\"potentialAction\":[{\"@type\":\"ReadAction\",\"target\":[\"https:\\\/\\\/baltagauja.eu\\\/en\\\/about-baltagauja\\\/\"]}]},{\"@type\":\"ImageObject\",\"inLanguage\":\"en-US\",\"@id\":\"https:\\\/\\\/baltagauja.eu\\\/en\\\/about-baltagauja\\\/#primaryimage\",\"url\":\"http:\\\/\\\/baltagauja.eu\\\/wp-content\\\/uploads\\\/2024\\\/02\\\/20230917_192342-min-1024x863.jpg\",\"contentUrl\":\"http:\\\/\\\/baltagauja.eu\\\/wp-content\\\/uploads\\\/2024\\\/02\\\/20230917_192342-min-1024x863.jpg\"},{\"@type\":\"WebSite\",\"@id\":\"https:\\\/\\\/baltagauja.eu\\\/en\\\/#website\",\"url\":\"https:\\\/\\\/baltagauja.eu\\\/en\\\/\",\"name\":\"baltagauja.eu\",\"description\":\"Kokybi\u0161kos prek\u0117s \u0161unims\",\"publisher\":{\"@id\":\"https:\\\/\\\/baltagauja.eu\\\/en\\\/#organization\"},\"potentialAction\":[{\"@type\":\"SearchAction\",\"target\":{\"@type\":\"EntryPoint\",\"urlTemplate\":\"https:\\\/\\\/baltagauja.eu\\\/en\\\/?s={search_term_string}\"},\"query-input\":{\"@type\":\"PropertyValueSpecification\",\"valueRequired\":true,\"valueName\":\"search_term_string\"}}],\"inLanguage\":\"en-US\"},{\"@type\":\"Organization\",\"@id\":\"https:\\\/\\\/baltagauja.eu\\\/en\\\/#organization\",\"name\":\"Balta gauja\",\"url\":\"https:\\\/\\\/baltagauja.eu\\\/en\\\/\",\"logo\":{\"@type\":\"ImageObject\",\"inLanguage\":\"en-US\",\"@id\":\"https:\\\/\\\/baltagauja.eu\\\/en\\\/#\\\/schema\\\/logo\\\/image\\\/\",\"url\":\"https:\\\/\\\/baltagauja.eu\\\/wp-content\\\/uploads\\\/2024\\\/05\\\/Color-logo-without-background6.png\",\"contentUrl\":\"https:\\\/\\\/baltagauja.eu\\\/wp-content\\\/uploads\\\/2024\\\/05\\\/Color-logo-without-background6.png\",\"width\":2103,\"height\":1336,\"caption\":\"Balta gauja\"},\"image\":{\"@id\":\"https:\\\/\\\/baltagauja.eu\\\/en\\\/#\\\/schema\\\/logo\\\/image\\\/\"},\"sameAs\":[\"https:\\\/\\\/www.facebook.com\\\/baltagauja.eu\"]}]}<\/script>\n<!-- \/ Yoast SEO plugin. -->","yoast_head_json":{"title":"About Balta gauja - Baltagauja","description":"After buying the dog, we started travelling to dog shows, made new relationships and experiences, and Baltagauja was born.","robots":{"index":"index","follow":"follow","max-snippet":"max-snippet:-1","max-image-preview":"max-image-preview:large","max-video-preview":"max-video-preview:-1"},"canonical":"https:\/\/baltagauja.eu\/en\/about-baltagauja\/","og_locale":"en_US","og_type":"article","og_title":"About Balta gauja - Baltagauja","og_description":"After buying the dog, we started travelling to dog shows, made new relationships and experiences, and Baltagauja was born.","og_url":"https:\/\/baltagauja.eu\/en\/about-baltagauja\/","og_site_name":"Baltagauja","article_publisher":"https:\/\/www.facebook.com\/baltagauja.eu","article_modified_time":"2024-08-28T14:10:26+00:00","og_image":[{"url":"http:\/\/baltagauja.eu\/wp-content\/uploads\/2024\/02\/20230917_192342-min-1024x863.jpg","type":"","width":"","height":""}],"twitter_card":"summary_large_image","twitter_misc":{"Est. reading time":"1 minute"},"schema":{"@context":"https:\/\/schema.org","@graph":[{"@type":"WebPage","@id":"https:\/\/baltagauja.eu\/en\/about-baltagauja\/","url":"https:\/\/baltagauja.eu\/en\/about-baltagauja\/","name":"About Balta gauja - Baltagauja","isPartOf":{"@id":"https:\/\/baltagauja.eu\/en\/#website"},"primaryImageOfPage":{"@id":"https:\/\/baltagauja.eu\/en\/about-baltagauja\/#primaryimage"},"image":{"@id":"https:\/\/baltagauja.eu\/en\/about-baltagauja\/#primaryimage"},"thumbnailUrl":"http:\/\/baltagauja.eu\/wp-content\/uploads\/2024\/02\/20230917_192342-min-1024x863.jpg","datePublished":"2024-03-01T12:33:15+00:00","dateModified":"2024-08-28T14:10:26+00:00","description":"After buying the dog, we started travelling to dog shows, made new relationships and experiences, and Baltagauja was born.","inLanguage":"en-US","potentialAction":[{"@type":"ReadAction","target":["https:\/\/baltagauja.eu\/en\/about-baltagauja\/"]}]},{"@type":"ImageObject","inLanguage":"en-US","@id":"https:\/\/baltagauja.eu\/en\/about-baltagauja\/#primaryimage","url":"http:\/\/baltagauja.eu\/wp-content\/uploads\/2024\/02\/20230917_192342-min-1024x863.jpg","contentUrl":"http:\/\/baltagauja.eu\/wp-content\/uploads\/2024\/02\/20230917_192342-min-1024x863.jpg"},{"@type":"WebSite","@id":"https:\/\/baltagauja.eu\/en\/#website","url":"https:\/\/baltagauja.eu\/en\/","name":"baltagauja.eu","description":"Kokybi\u0161kos prek\u0117s \u0161unims","publisher":{"@id":"https:\/\/baltagauja.eu\/en\/#organization"},"potentialAction":[{"@type":"SearchAction","target":{"@type":"EntryPoint","urlTemplate":"https:\/\/baltagauja.eu\/en\/?s={search_term_string}"},"query-input":{"@type":"PropertyValueSpecification","valueRequired":true,"valueName":"search_term_string"}}],"inLanguage":"en-US"},{"@type":"Organization","@id":"https:\/\/baltagauja.eu\/en\/#organization","name":"Balta gauja","url":"https:\/\/baltagauja.eu\/en\/","logo":{"@type":"ImageObject","inLanguage":"en-US","@id":"https:\/\/baltagauja.eu\/en\/#\/schema\/logo\/image\/","url":"https:\/\/baltagauja.eu\/wp-content\/uploads\/2024\/05\/Color-logo-without-background6.png","contentUrl":"https:\/\/baltagauja.eu\/wp-content\/uploads\/2024\/05\/Color-logo-without-background6.png","width":2103,"height":1336,"caption":"Balta gauja"},"image":{"@id":"https:\/\/baltagauja.eu\/en\/#\/schema\/logo\/image\/"},"sameAs":["https:\/\/www.facebook.com\/baltagauja.eu"]}]}},"jetpack_sharing_enabled":true,"_links":{"self":[{"href":"https:\/\/baltagauja.eu\/en\/wp-json\/wp\/v2\/pages\/6532","targetHints":{"allow":["GET"]}}],"collection":[{"href":"https:\/\/baltagauja.eu\/en\/wp-json\/wp\/v2\/pages"}],"about":[{"href":"https:\/\/baltagauja.eu\/en\/wp-json\/wp\/v2\/types\/page"}],"author":[{"embeddable":true,"href":"https:\/\/baltagauja.eu\/en\/wp-json\/wp\/v2\/users\/1"}],"replies":[{"embeddable":true,"href":"https:\/\/baltagauja.eu\/en\/wp-json\/wp\/v2\/comments?post=6532"}],"version-history":[{"count":15,"href":"https:\/\/baltagauja.eu\/en\/wp-json\/wp\/v2\/pages\/6532\/revisions"}],"predecessor-version":[{"id":10764,"href":"https:\/\/baltagauja.eu\/en\/wp-json\/wp\/v2\/pages\/6532\/revisions\/10764"}],"wp:attachment":[{"href":"https:\/\/baltagauja.eu\/en\/wp-json\/wp\/v2\/media?parent=6532"}],"curies":[{"name":"wp","href":"https:\/\/api.w.org\/{rel}","templated":true}]}}