{"id":8074,"date":"2024-03-07T11:14:04","date_gmt":"2024-03-07T09:14:04","guid":{"rendered":"https:\/\/baltagauja.eu\/payment-methods\/"},"modified":"2024-08-28T18:37:11","modified_gmt":"2024-08-28T15:37:11","slug":"payment-methods","status":"publish","type":"page","link":"https:\/\/baltagauja.eu\/en\/payment-methods\/","title":{"rendered":"Payment methods"},"content":{"rendered":"\t\t<div data-elementor-type=\"wp-page\" data-elementor-id=\"8074\" class=\"elementor elementor-8074 elementor-6290\" data-elementor-post-type=\"page\">\n\t\t\t\t<div class=\"elementor-element elementor-element-311cce80 e-flex e-con-boxed e-con e-parent\" data-id=\"311cce80\" data-element_type=\"container\" data-e-type=\"container\" data-settings=\"{&quot;background_background&quot;:&quot;classic&quot;}\">\n\t\t\t\t\t<div class=\"e-con-inner\">\n\t\t<div class=\"elementor-element elementor-element-29c89eb e-con-full e-flex e-con e-child\" data-id=\"29c89eb\" data-element_type=\"container\" data-e-type=\"container\">\n\t\t\t\t<div class=\"elementor-element elementor-element-65e868e elementor-widget elementor-widget-heading\" data-id=\"65e868e\" data-element_type=\"widget\" data-e-type=\"widget\" data-widget_type=\"heading.default\">\n\t\t\t\t<div class=\"elementor-widget-container\">\n\t\t\t\t\t<h1 class=\"elementor-heading-title elementor-size-default\">Payment methods<\/h1>\t\t\t\t<\/div>\n\t\t\t\t<\/div>\n\t\t\t\t<\/div>\n\t\t<div class=\"elementor-element elementor-element-e75b2a0 e-con-full e-flex e-con e-child\" data-id=\"e75b2a0\" data-element_type=\"container\" data-e-type=\"container\">\n\t\t\t\t<div class=\"elementor-element elementor-element-43e4e633 elementor-widget elementor-widget-text-editor\" data-id=\"43e4e633\" data-element_type=\"widget\" data-e-type=\"widget\" data-widget_type=\"text-editor.default\">\n\t\t\t\t<div class=\"elementor-widget-container\">\n\t\t\t\t\t\t\t\t\t<p><\/p>\n<ul>\n<li>Payments are possible in euro currency.<\/li>\n<\/ul>\n<p><\/p>\n<p><\/p>\n<ul>\n<li>Payments are processed using the <a href=\"https:\/\/makecommerce.lt\/\" target=\"_blank\" rel=\"noreferrer noopener\">MakeCommerce.lt <\/a> payment platform. Online banking:<\/li>\n<\/ul>\n<p><\/p>\n<p><\/p>\n<figure class=\"wp-block-image\" style=\"padding-left: 80px;\"><img decoding=\"async\" class=\"wp-image-950\" src=\"https:\/\/hydroshop.lt\/wp-content\/uploads\/2021\/10\/Swedbank.png\" alt=\"\"><\/figure>\n<p><\/p>\n<p><\/p>\n<figure class=\"wp-block-image\" style=\"padding-left: 80px;\"><img decoding=\"async\" class=\"wp-image-937\" src=\"https:\/\/hydroshop.lt\/wp-content\/uploads\/2021\/10\/Luminor.png\" alt=\"\"><\/figure>\n<p><\/p>\n<p><\/p>\n<figure class=\"wp-block-image\" style=\"padding-left: 80px;\"><img decoding=\"async\" class=\"wp-image-936 alignnone\" src=\"https:\/\/hydroshop.lt\/wp-content\/uploads\/2021\/10\/Luminor-DNB.png\" alt=\"\"><\/figure>\n<p><\/p>\n<p><\/p>\n<figure class=\"wp-block-image\" style=\"padding-left: 80px;\"><img decoding=\"async\" class=\"wp-image-930\" src=\"https:\/\/hydroshop.lt\/wp-content\/uploads\/2021\/10\/Citadele.png\" alt=\"\"><\/figure>\n<p><\/p>\n<p><\/p>\n<figure class=\"wp-block-image\" style=\"padding-left: 80px;\"><img decoding=\"async\" class=\"wp-image-947\" src=\"https:\/\/hydroshop.lt\/wp-content\/uploads\/2021\/10\/SEB.png\" alt=\"\"><\/figure>\n<p><\/p>\n<p><\/p>\n<figure class=\"wp-block-image\" style=\"padding-left: 80px;\"><img decoding=\"async\" class=\"wp-image-948\" src=\"https:\/\/hydroshop.lt\/wp-content\/uploads\/2021\/10\/Siauliu-Bankas.png\" alt=\"\"><\/figure>\n<p><\/p>\n<p><\/p>\n<p><\/p>\n<p><\/p>\n<ul>\n<li class=\"wp-block-heading\">You can pay by bank transfer or cash on collection.<\/li>\n<\/ul>\n<p><\/p>\n<p><\/p>\n<p><\/p>\n<p><\/p>\n<p><\/p>\t\t\t\t\t\t\t\t<\/div>\n\t\t\t\t<\/div>\n\t\t\t\t<\/div>\n\t\t\t\t\t<\/div>\n\t\t\t\t<\/div>\n\t\t\t\t<\/div>\n\t\t","protected":false},"excerpt":{"rendered":"<p>Payment methods Payments are possible in euro currency. Payments are processed using the MakeCommerce.lt payment platform. Online banking: You can pay by bank transfer or cash on collection.<\/p>\n","protected":false},"author":1,"featured_media":0,"parent":0,"menu_order":0,"comment_status":"closed","ping_status":"closed","template":"","meta":{"site-sidebar-layout":"default","site-content-layout":"","ast-site-content-layout":"default","site-content-style":"default","site-sidebar-style":"default","ast-global-header-display":"","ast-banner-title-visibility":"","ast-main-header-display":"","ast-hfb-above-header-display":"","ast-hfb-below-header-display":"","ast-hfb-mobile-header-display":"","site-post-title":"disabled","ast-breadcrumbs-content":"","ast-featured-img":"","footer-sml-layout":"","ast-disable-related-posts":"","theme-transparent-header-meta":"","adv-header-id-meta":"","stick-header-meta":"","header-above-stick-meta":"","header-main-stick-meta":"","header-below-stick-meta":"","astra-migrate-meta-layouts":"default","ast-page-background-enabled":"default","ast-page-background-meta":{"desktop":{"background-color":"","background-image":"","background-repeat":"repeat","background-position":"center center","background-size":"auto","background-attachment":"scroll","background-type":"","background-media":"","overlay-type":"","overlay-color":"","overlay-opacity":"","overlay-gradient":""},"tablet":{"background-color":"","background-image":"","background-repeat":"repeat","background-position":"center center","background-size":"auto","background-attachment":"scroll","background-type":"","background-media":"","overlay-type":"","overlay-color":"","overlay-opacity":"","overlay-gradient":""},"mobile":{"background-color":"","background-image":"","background-repeat":"repeat","background-position":"center center","background-size":"auto","background-attachment":"scroll","background-type":"","background-media":"","overlay-type":"","overlay-color":"","overlay-opacity":"","overlay-gradient":""}},"ast-content-background-meta":{"desktop":{"background-color":"var(--ast-global-color-5)","background-image":"","background-repeat":"repeat","background-position":"center center","background-size":"auto","background-attachment":"scroll","background-type":"","background-media":"","overlay-type":"","overlay-color":"","overlay-opacity":"","overlay-gradient":""},"tablet":{"background-color":"var(--ast-global-color-5)","background-image":"","background-repeat":"repeat","background-position":"center center","background-size":"auto","background-attachment":"scroll","background-type":"","background-media":"","overlay-type":"","overlay-color":"","overlay-opacity":"","overlay-gradient":""},"mobile":{"background-color":"var(--ast-global-color-5)","background-image":"","background-repeat":"repeat","background-position":"center center","background-size":"auto","background-attachment":"scroll","background-type":"","background-media":"","overlay-type":"","overlay-color":"","overlay-opacity":"","overlay-gradient":""}},"footnotes":""},"class_list":["post-8074","page","type-page","status-publish","hentry"],"yoast_head":"<!-- This site is optimized with the Yoast SEO plugin v27.4 - https:\/\/yoast.com\/product\/yoast-seo-wordpress\/ -->\n<title>Payment methods - Baltagauja<\/title>\n<meta name=\"robots\" content=\"noindex, nofollow\" \/>\n<meta property=\"og:locale\" content=\"en_US\" \/>\n<meta property=\"og:type\" content=\"article\" \/>\n<meta property=\"og:title\" content=\"Payment methods - Baltagauja\" \/>\n<meta property=\"og:description\" content=\"Payment methods Payments are possible in euro currency. Payments are processed using the MakeCommerce.lt payment platform. Online banking: You can pay by bank transfer or cash on collection.\" \/>\n<meta property=\"og:url\" content=\"https:\/\/baltagauja.eu\/en\/payment-methods\/\" \/>\n<meta property=\"og:site_name\" content=\"Baltagauja\" \/>\n<meta property=\"article:publisher\" content=\"https:\/\/www.facebook.com\/baltagauja.eu\" \/>\n<meta property=\"article:modified_time\" content=\"2024-08-28T15:37:11+00:00\" \/>\n<meta property=\"og:image\" content=\"https:\/\/hydroshop.lt\/wp-content\/uploads\/2021\/10\/Swedbank.png\" \/>\n<meta name=\"twitter:card\" content=\"summary_large_image\" \/>\n<script type=\"application\/ld+json\" class=\"yoast-schema-graph\">{\"@context\":\"https:\\\/\\\/schema.org\",\"@graph\":[{\"@type\":\"WebPage\",\"@id\":\"https:\\\/\\\/baltagauja.eu\\\/en\\\/payment-methods\\\/\",\"url\":\"https:\\\/\\\/baltagauja.eu\\\/en\\\/payment-methods\\\/\",\"name\":\"Payment methods - Baltagauja\",\"isPartOf\":{\"@id\":\"https:\\\/\\\/baltagauja.eu\\\/en\\\/#website\"},\"primaryImageOfPage\":{\"@id\":\"https:\\\/\\\/baltagauja.eu\\\/en\\\/payment-methods\\\/#primaryimage\"},\"image\":{\"@id\":\"https:\\\/\\\/baltagauja.eu\\\/en\\\/payment-methods\\\/#primaryimage\"},\"thumbnailUrl\":\"https:\\\/\\\/hydroshop.lt\\\/wp-content\\\/uploads\\\/2021\\\/10\\\/Swedbank.png\",\"datePublished\":\"2024-03-07T09:14:04+00:00\",\"dateModified\":\"2024-08-28T15:37:11+00:00\",\"inLanguage\":\"en-US\",\"potentialAction\":[{\"@type\":\"ReadAction\",\"target\":[\"https:\\\/\\\/baltagauja.eu\\\/en\\\/payment-methods\\\/\"]}]},{\"@type\":\"ImageObject\",\"inLanguage\":\"en-US\",\"@id\":\"https:\\\/\\\/baltagauja.eu\\\/en\\\/payment-methods\\\/#primaryimage\",\"url\":\"https:\\\/\\\/hydroshop.lt\\\/wp-content\\\/uploads\\\/2021\\\/10\\\/Swedbank.png\",\"contentUrl\":\"https:\\\/\\\/hydroshop.lt\\\/wp-content\\\/uploads\\\/2021\\\/10\\\/Swedbank.png\"},{\"@type\":\"WebSite\",\"@id\":\"https:\\\/\\\/baltagauja.eu\\\/en\\\/#website\",\"url\":\"https:\\\/\\\/baltagauja.eu\\\/en\\\/\",\"name\":\"baltagauja.eu\",\"description\":\"Kokybi\u0161kos prek\u0117s \u0161unims\",\"publisher\":{\"@id\":\"https:\\\/\\\/baltagauja.eu\\\/en\\\/#organization\"},\"potentialAction\":[{\"@type\":\"SearchAction\",\"target\":{\"@type\":\"EntryPoint\",\"urlTemplate\":\"https:\\\/\\\/baltagauja.eu\\\/en\\\/?s={search_term_string}\"},\"query-input\":{\"@type\":\"PropertyValueSpecification\",\"valueRequired\":true,\"valueName\":\"search_term_string\"}}],\"inLanguage\":\"en-US\"},{\"@type\":\"Organization\",\"@id\":\"https:\\\/\\\/baltagauja.eu\\\/en\\\/#organization\",\"name\":\"Balta gauja\",\"url\":\"https:\\\/\\\/baltagauja.eu\\\/en\\\/\",\"logo\":{\"@type\":\"ImageObject\",\"inLanguage\":\"en-US\",\"@id\":\"https:\\\/\\\/baltagauja.eu\\\/en\\\/#\\\/schema\\\/logo\\\/image\\\/\",\"url\":\"https:\\\/\\\/baltagauja.eu\\\/wp-content\\\/uploads\\\/2024\\\/05\\\/Color-logo-without-background6.png\",\"contentUrl\":\"https:\\\/\\\/baltagauja.eu\\\/wp-content\\\/uploads\\\/2024\\\/05\\\/Color-logo-without-background6.png\",\"width\":2103,\"height\":1336,\"caption\":\"Balta gauja\"},\"image\":{\"@id\":\"https:\\\/\\\/baltagauja.eu\\\/en\\\/#\\\/schema\\\/logo\\\/image\\\/\"},\"sameAs\":[\"https:\\\/\\\/www.facebook.com\\\/baltagauja.eu\"]}]}<\/script>\n<!-- \/ Yoast SEO plugin. -->","yoast_head_json":{"title":"Payment methods - Baltagauja","robots":{"index":"noindex","follow":"nofollow"},"og_locale":"en_US","og_type":"article","og_title":"Payment methods - Baltagauja","og_description":"Payment methods Payments are possible in euro currency. Payments are processed using the MakeCommerce.lt payment platform. Online banking: You can pay by bank transfer or cash on collection.","og_url":"https:\/\/baltagauja.eu\/en\/payment-methods\/","og_site_name":"Baltagauja","article_publisher":"https:\/\/www.facebook.com\/baltagauja.eu","article_modified_time":"2024-08-28T15:37:11+00:00","og_image":[{"url":"https:\/\/hydroshop.lt\/wp-content\/uploads\/2021\/10\/Swedbank.png","type":"","width":"","height":""}],"twitter_card":"summary_large_image","schema":{"@context":"https:\/\/schema.org","@graph":[{"@type":"WebPage","@id":"https:\/\/baltagauja.eu\/en\/payment-methods\/","url":"https:\/\/baltagauja.eu\/en\/payment-methods\/","name":"Payment methods - Baltagauja","isPartOf":{"@id":"https:\/\/baltagauja.eu\/en\/#website"},"primaryImageOfPage":{"@id":"https:\/\/baltagauja.eu\/en\/payment-methods\/#primaryimage"},"image":{"@id":"https:\/\/baltagauja.eu\/en\/payment-methods\/#primaryimage"},"thumbnailUrl":"https:\/\/hydroshop.lt\/wp-content\/uploads\/2021\/10\/Swedbank.png","datePublished":"2024-03-07T09:14:04+00:00","dateModified":"2024-08-28T15:37:11+00:00","inLanguage":"en-US","potentialAction":[{"@type":"ReadAction","target":["https:\/\/baltagauja.eu\/en\/payment-methods\/"]}]},{"@type":"ImageObject","inLanguage":"en-US","@id":"https:\/\/baltagauja.eu\/en\/payment-methods\/#primaryimage","url":"https:\/\/hydroshop.lt\/wp-content\/uploads\/2021\/10\/Swedbank.png","contentUrl":"https:\/\/hydroshop.lt\/wp-content\/uploads\/2021\/10\/Swedbank.png"},{"@type":"WebSite","@id":"https:\/\/baltagauja.eu\/en\/#website","url":"https:\/\/baltagauja.eu\/en\/","name":"baltagauja.eu","description":"Kokybi\u0161kos prek\u0117s \u0161unims","publisher":{"@id":"https:\/\/baltagauja.eu\/en\/#organization"},"potentialAction":[{"@type":"SearchAction","target":{"@type":"EntryPoint","urlTemplate":"https:\/\/baltagauja.eu\/en\/?s={search_term_string}"},"query-input":{"@type":"PropertyValueSpecification","valueRequired":true,"valueName":"search_term_string"}}],"inLanguage":"en-US"},{"@type":"Organization","@id":"https:\/\/baltagauja.eu\/en\/#organization","name":"Balta gauja","url":"https:\/\/baltagauja.eu\/en\/","logo":{"@type":"ImageObject","inLanguage":"en-US","@id":"https:\/\/baltagauja.eu\/en\/#\/schema\/logo\/image\/","url":"https:\/\/baltagauja.eu\/wp-content\/uploads\/2024\/05\/Color-logo-without-background6.png","contentUrl":"https:\/\/baltagauja.eu\/wp-content\/uploads\/2024\/05\/Color-logo-without-background6.png","width":2103,"height":1336,"caption":"Balta gauja"},"image":{"@id":"https:\/\/baltagauja.eu\/en\/#\/schema\/logo\/image\/"},"sameAs":["https:\/\/www.facebook.com\/baltagauja.eu"]}]}},"jetpack_sharing_enabled":true,"_links":{"self":[{"href":"https:\/\/baltagauja.eu\/en\/wp-json\/wp\/v2\/pages\/8074","targetHints":{"allow":["GET"]}}],"collection":[{"href":"https:\/\/baltagauja.eu\/en\/wp-json\/wp\/v2\/pages"}],"about":[{"href":"https:\/\/baltagauja.eu\/en\/wp-json\/wp\/v2\/types\/page"}],"author":[{"embeddable":true,"href":"https:\/\/baltagauja.eu\/en\/wp-json\/wp\/v2\/users\/1"}],"replies":[{"embeddable":true,"href":"https:\/\/baltagauja.eu\/en\/wp-json\/wp\/v2\/comments?post=8074"}],"version-history":[{"count":3,"href":"https:\/\/baltagauja.eu\/en\/wp-json\/wp\/v2\/pages\/8074\/revisions"}],"predecessor-version":[{"id":10860,"href":"https:\/\/baltagauja.eu\/en\/wp-json\/wp\/v2\/pages\/8074\/revisions\/10860"}],"wp:attachment":[{"href":"https:\/\/baltagauja.eu\/en\/wp-json\/wp\/v2\/media?parent=8074"}],"curies":[{"name":"wp","href":"https:\/\/api.w.org\/{rel}","templated":true}]}}