{"id":10214,"date":"2024-08-12T15:14:44","date_gmt":"2024-08-12T12:14:44","guid":{"rendered":"https:\/\/baltagauja.eu\/?post_type=product&#038;p=10214"},"modified":"2024-08-12T15:34:54","modified_gmt":"2024-08-12T12:34:54","slug":"burgundy-overalls-for-female-kopija","status":"publish","type":"product","link":"https:\/\/baltagauja.eu\/en\/shop\/overalls\/overalls-with-warmth\/burgundy-overalls-for-female-kopija\/","title":{"rendered":"Green\/pink ovaralls for female dog"},"content":{"rendered":"<p>Upper: water-repellent polyester. Lining: sintepon and plush fur.  100% Polyester Adjustable elastic at the belly. Sleeves with an internal elastic band. Reflective elements: edging along the back and a strip on the neck.  Care: machine wash in gentle mode at 30 \u00b0 C. Warning: do not dry near heating sources (batteries, radiators). Changing the print during exploitation or washing is not a defect.<\/p>\n","protected":false},"excerpt":{"rendered":"<p>Stylish, practical and warm winter overalls for dogs with a waterproof polyester upper.<\/p>\n","protected":false},"featured_media":10225,"comment_status":"open","ping_status":"closed","template":"","meta":{"site-sidebar-layout":"default","site-content-layout":"","ast-site-content-layout":"default","site-content-style":"default","site-sidebar-style":"default","ast-global-header-display":"","ast-banner-title-visibility":"","ast-main-header-display":"","ast-hfb-above-header-display":"","ast-hfb-below-header-display":"","ast-hfb-mobile-header-display":"","site-post-title":"","ast-breadcrumbs-content":"","ast-featured-img":"","footer-sml-layout":"","ast-disable-related-posts":"","theme-transparent-header-meta":"default","adv-header-id-meta":"","stick-header-meta":"default","header-above-stick-meta":"","header-main-stick-meta":"","header-below-stick-meta":"","astra-migrate-meta-layouts":"set","ast-page-background-enabled":"default","ast-page-background-meta":{"desktop":{"background-color":"","background-image":"","background-repeat":"repeat","background-position":"center center","background-size":"auto","background-attachment":"scroll","background-type":"","background-media":"","overlay-type":"","overlay-color":"","overlay-opacity":"","overlay-gradient":""},"tablet":{"background-color":"","background-image":"","background-repeat":"repeat","background-position":"center center","background-size":"auto","background-attachment":"scroll","background-type":"","background-media":"","overlay-type":"","overlay-color":"","overlay-opacity":"","overlay-gradient":""},"mobile":{"background-color":"","background-image":"","background-repeat":"repeat","background-position":"center center","background-size":"auto","background-attachment":"scroll","background-type":"","background-media":"","overlay-type":"","overlay-color":"","overlay-opacity":"","overlay-gradient":""}},"ast-content-background-meta":{"desktop":{"background-color":"var(--ast-global-color-5)","background-image":"","background-repeat":"repeat","background-position":"center center","background-size":"auto","background-attachment":"scroll","background-type":"","background-media":"","overlay-type":"","overlay-color":"","overlay-opacity":"","overlay-gradient":""},"tablet":{"background-color":"var(--ast-global-color-5)","background-image":"","background-repeat":"repeat","background-position":"center center","background-size":"auto","background-attachment":"scroll","background-type":"","background-media":"","overlay-type":"","overlay-color":"","overlay-opacity":"","overlay-gradient":""},"mobile":{"background-color":"var(--ast-global-color-5)","background-image":"","background-repeat":"repeat","background-position":"center center","background-size":"auto","background-attachment":"scroll","background-type":"","background-media":"","overlay-type":"","overlay-color":"","overlay-opacity":"","overlay-gradient":""}}},"product_brand":[],"product_cat":[43,46],"product_tag":[],"berocket_brand":[116],"class_list":{"0":"post-10214","1":"product","2":"type-product","3":"status-publish","4":"has-post-thumbnail","6":"product_cat-kombinezonai","7":"product_cat-kombinezonai-su-pasiltinimu","8":"pa_dydis-147","9":"pa_dydis-97","10":"pa_suniuko-lytis-kalyte","11":"berocket_brand-for-my-dogs","12":"desktop-align-center","13":"tablet-align-center","14":"mobile-align-center","15":"ast-product-gallery-layout-horizontal-slider","16":"ast-product-single-variable","17":"ast-product-tabs-layout-horizontal","19":"first","20":"instock","21":"shipping-taxable","22":"purchasable","23":"product-type-variable"},"yoast_head":"<!-- This site is optimized with the Yoast SEO plugin v27.4 - https:\/\/yoast.com\/product\/yoast-seo-wordpress\/ -->\n<title>Green\/pink ovaralls for female dog - Baltagauja<\/title>\n<meta name=\"description\" content=\"Overalls for female. A practical way to protect your dog from cold, moisture and dirt. The zipper closes from head to tail, which makes dressing much easier and faster. On the sleeves of the cuff are for a tight fit to the foot.\" \/>\n<meta name=\"robots\" content=\"index, follow, max-snippet:-1, max-image-preview:large, max-video-preview:-1\" \/>\n<link rel=\"canonical\" href=\"https:\/\/baltagauja.eu\/en\/shop\/overalls\/overalls-with-warmth\/burgundy-overalls-for-female-kopija\/\" \/>\n<meta property=\"og:locale\" content=\"en_US\" \/>\n<meta property=\"og:type\" content=\"article\" \/>\n<meta property=\"og:title\" content=\"Green\/pink ovaralls for female dog - Baltagauja\" \/>\n<meta property=\"og:description\" content=\"Overalls for female. A practical way to protect your dog from cold, moisture and dirt. The zipper closes from head to tail, which makes dressing much easier and faster. On the sleeves of the cuff are for a tight fit to the foot.\" \/>\n<meta property=\"og:url\" content=\"https:\/\/baltagauja.eu\/en\/shop\/overalls\/overalls-with-warmth\/burgundy-overalls-for-female-kopija\/\" \/>\n<meta property=\"og:site_name\" content=\"Baltagauja\" \/>\n<meta property=\"article:publisher\" content=\"https:\/\/www.facebook.com\/baltagauja.eu\" \/>\n<meta property=\"article:modified_time\" content=\"2024-08-12T12:34:54+00:00\" \/>\n<meta property=\"og:image\" content=\"https:\/\/baltagauja.eu\/wp-content\/uploads\/2024\/08\/TDW0198-2023-F-min.jpg\" \/>\n\t<meta property=\"og:image:width\" content=\"800\" \/>\n\t<meta property=\"og:image:height\" content=\"800\" \/>\n\t<meta property=\"og:image:type\" content=\"image\/jpeg\" \/>\n<meta name=\"twitter:card\" content=\"summary_large_image\" \/>\n<script type=\"application\/ld+json\" class=\"yoast-schema-graph\">{\"@context\":\"https:\\\/\\\/schema.org\",\"@graph\":[{\"@type\":\"WebPage\",\"@id\":\"https:\\\/\\\/baltagauja.eu\\\/en\\\/shop\\\/overalls\\\/overalls-with-warmth\\\/burgundy-overalls-for-female-kopija\\\/\",\"url\":\"https:\\\/\\\/baltagauja.eu\\\/en\\\/shop\\\/overalls\\\/overalls-with-warmth\\\/burgundy-overalls-for-female-kopija\\\/\",\"name\":\"Green\\\/pink ovaralls for female dog - Baltagauja\",\"isPartOf\":{\"@id\":\"https:\\\/\\\/baltagauja.eu\\\/en\\\/#website\"},\"primaryImageOfPage\":{\"@id\":\"https:\\\/\\\/baltagauja.eu\\\/en\\\/shop\\\/overalls\\\/overalls-with-warmth\\\/burgundy-overalls-for-female-kopija\\\/#primaryimage\"},\"image\":{\"@id\":\"https:\\\/\\\/baltagauja.eu\\\/en\\\/shop\\\/overalls\\\/overalls-with-warmth\\\/burgundy-overalls-for-female-kopija\\\/#primaryimage\"},\"thumbnailUrl\":\"https:\\\/\\\/baltagauja.eu\\\/wp-content\\\/uploads\\\/2024\\\/08\\\/TDW0198-2023-F-min.jpg\",\"datePublished\":\"2024-08-12T12:14:44+00:00\",\"dateModified\":\"2024-08-12T12:34:54+00:00\",\"description\":\"Overalls for female. A practical way to protect your dog from cold, moisture and dirt. The zipper closes from head to tail, which makes dressing much easier and faster. On the sleeves of the cuff are for a tight fit to the foot.\",\"breadcrumb\":{\"@id\":\"https:\\\/\\\/baltagauja.eu\\\/en\\\/shop\\\/overalls\\\/overalls-with-warmth\\\/burgundy-overalls-for-female-kopija\\\/#breadcrumb\"},\"inLanguage\":\"en-US\",\"potentialAction\":[{\"@type\":\"ReadAction\",\"target\":[\"https:\\\/\\\/baltagauja.eu\\\/en\\\/shop\\\/overalls\\\/overalls-with-warmth\\\/burgundy-overalls-for-female-kopija\\\/\"]}]},{\"@type\":\"ImageObject\",\"inLanguage\":\"en-US\",\"@id\":\"https:\\\/\\\/baltagauja.eu\\\/en\\\/shop\\\/overalls\\\/overalls-with-warmth\\\/burgundy-overalls-for-female-kopija\\\/#primaryimage\",\"url\":\"https:\\\/\\\/baltagauja.eu\\\/wp-content\\\/uploads\\\/2024\\\/08\\\/TDW0198-2023-F-min.jpg\",\"contentUrl\":\"https:\\\/\\\/baltagauja.eu\\\/wp-content\\\/uploads\\\/2024\\\/08\\\/TDW0198-2023-F-min.jpg\",\"width\":800,\"height\":800,\"caption\":\"664SS-2022 F vasarinis kombinezonas r\u016bbas \u0161uniui\"},{\"@type\":\"BreadcrumbList\",\"@id\":\"https:\\\/\\\/baltagauja.eu\\\/en\\\/shop\\\/overalls\\\/overalls-with-warmth\\\/burgundy-overalls-for-female-kopija\\\/#breadcrumb\",\"itemListElement\":[{\"@type\":\"ListItem\",\"position\":1,\"name\":\"Shop\",\"item\":\"https:\\\/\\\/baltagauja.eu\\\/en\\\/shop\\\/\"},{\"@type\":\"ListItem\",\"position\":2,\"name\":\"Overalls\",\"item\":\"https:\\\/\\\/baltagauja.eu\\\/en\\\/Product-category\\\/overalls\\\/\"},{\"@type\":\"ListItem\",\"position\":3,\"name\":\"Green\\\/pink ovaralls for female dog\"}]},{\"@type\":\"WebSite\",\"@id\":\"https:\\\/\\\/baltagauja.eu\\\/en\\\/#website\",\"url\":\"https:\\\/\\\/baltagauja.eu\\\/en\\\/\",\"name\":\"baltagauja.eu\",\"description\":\"Kokybi\u0161kos prek\u0117s \u0161unims\",\"publisher\":{\"@id\":\"https:\\\/\\\/baltagauja.eu\\\/en\\\/#organization\"},\"potentialAction\":[{\"@type\":\"SearchAction\",\"target\":{\"@type\":\"EntryPoint\",\"urlTemplate\":\"https:\\\/\\\/baltagauja.eu\\\/en\\\/?s={search_term_string}\"},\"query-input\":{\"@type\":\"PropertyValueSpecification\",\"valueRequired\":true,\"valueName\":\"search_term_string\"}}],\"inLanguage\":\"en-US\"},{\"@type\":\"Organization\",\"@id\":\"https:\\\/\\\/baltagauja.eu\\\/en\\\/#organization\",\"name\":\"Balta gauja\",\"url\":\"https:\\\/\\\/baltagauja.eu\\\/en\\\/\",\"logo\":{\"@type\":\"ImageObject\",\"inLanguage\":\"en-US\",\"@id\":\"https:\\\/\\\/baltagauja.eu\\\/en\\\/#\\\/schema\\\/logo\\\/image\\\/\",\"url\":\"https:\\\/\\\/baltagauja.eu\\\/wp-content\\\/uploads\\\/2024\\\/05\\\/Color-logo-without-background6.png\",\"contentUrl\":\"https:\\\/\\\/baltagauja.eu\\\/wp-content\\\/uploads\\\/2024\\\/05\\\/Color-logo-without-background6.png\",\"width\":2103,\"height\":1336,\"caption\":\"Balta gauja\"},\"image\":{\"@id\":\"https:\\\/\\\/baltagauja.eu\\\/en\\\/#\\\/schema\\\/logo\\\/image\\\/\"},\"sameAs\":[\"https:\\\/\\\/www.facebook.com\\\/baltagauja.eu\"]}]}<\/script>\n<!-- \/ Yoast SEO plugin. -->","yoast_head_json":{"title":"Green\/pink ovaralls for female dog - Baltagauja","description":"Overalls for female. A practical way to protect your dog from cold, moisture and dirt. The zipper closes from head to tail, which makes dressing much easier and faster. On the sleeves of the cuff are for a tight fit to the foot.","robots":{"index":"index","follow":"follow","max-snippet":"max-snippet:-1","max-image-preview":"max-image-preview:large","max-video-preview":"max-video-preview:-1"},"canonical":"https:\/\/baltagauja.eu\/en\/shop\/overalls\/overalls-with-warmth\/burgundy-overalls-for-female-kopija\/","og_locale":"en_US","og_type":"article","og_title":"Green\/pink ovaralls for female dog - Baltagauja","og_description":"Overalls for female. A practical way to protect your dog from cold, moisture and dirt. The zipper closes from head to tail, which makes dressing much easier and faster. On the sleeves of the cuff are for a tight fit to the foot.","og_url":"https:\/\/baltagauja.eu\/en\/shop\/overalls\/overalls-with-warmth\/burgundy-overalls-for-female-kopija\/","og_site_name":"Baltagauja","article_publisher":"https:\/\/www.facebook.com\/baltagauja.eu","article_modified_time":"2024-08-12T12:34:54+00:00","og_image":[{"width":800,"height":800,"url":"https:\/\/baltagauja.eu\/wp-content\/uploads\/2024\/08\/TDW0198-2023-F-min.jpg","type":"image\/jpeg"}],"twitter_card":"summary_large_image","schema":{"@context":"https:\/\/schema.org","@graph":[{"@type":"WebPage","@id":"https:\/\/baltagauja.eu\/en\/shop\/overalls\/overalls-with-warmth\/burgundy-overalls-for-female-kopija\/","url":"https:\/\/baltagauja.eu\/en\/shop\/overalls\/overalls-with-warmth\/burgundy-overalls-for-female-kopija\/","name":"Green\/pink ovaralls for female dog - Baltagauja","isPartOf":{"@id":"https:\/\/baltagauja.eu\/en\/#website"},"primaryImageOfPage":{"@id":"https:\/\/baltagauja.eu\/en\/shop\/overalls\/overalls-with-warmth\/burgundy-overalls-for-female-kopija\/#primaryimage"},"image":{"@id":"https:\/\/baltagauja.eu\/en\/shop\/overalls\/overalls-with-warmth\/burgundy-overalls-for-female-kopija\/#primaryimage"},"thumbnailUrl":"https:\/\/baltagauja.eu\/wp-content\/uploads\/2024\/08\/TDW0198-2023-F-min.jpg","datePublished":"2024-08-12T12:14:44+00:00","dateModified":"2024-08-12T12:34:54+00:00","description":"Overalls for female. A practical way to protect your dog from cold, moisture and dirt. The zipper closes from head to tail, which makes dressing much easier and faster. On the sleeves of the cuff are for a tight fit to the foot.","breadcrumb":{"@id":"https:\/\/baltagauja.eu\/en\/shop\/overalls\/overalls-with-warmth\/burgundy-overalls-for-female-kopija\/#breadcrumb"},"inLanguage":"en-US","potentialAction":[{"@type":"ReadAction","target":["https:\/\/baltagauja.eu\/en\/shop\/overalls\/overalls-with-warmth\/burgundy-overalls-for-female-kopija\/"]}]},{"@type":"ImageObject","inLanguage":"en-US","@id":"https:\/\/baltagauja.eu\/en\/shop\/overalls\/overalls-with-warmth\/burgundy-overalls-for-female-kopija\/#primaryimage","url":"https:\/\/baltagauja.eu\/wp-content\/uploads\/2024\/08\/TDW0198-2023-F-min.jpg","contentUrl":"https:\/\/baltagauja.eu\/wp-content\/uploads\/2024\/08\/TDW0198-2023-F-min.jpg","width":800,"height":800,"caption":"664SS-2022 F vasarinis kombinezonas r\u016bbas \u0161uniui"},{"@type":"BreadcrumbList","@id":"https:\/\/baltagauja.eu\/en\/shop\/overalls\/overalls-with-warmth\/burgundy-overalls-for-female-kopija\/#breadcrumb","itemListElement":[{"@type":"ListItem","position":1,"name":"Shop","item":"https:\/\/baltagauja.eu\/en\/shop\/"},{"@type":"ListItem","position":2,"name":"Overalls","item":"https:\/\/baltagauja.eu\/en\/Product-category\/overalls\/"},{"@type":"ListItem","position":3,"name":"Green\/pink ovaralls for female dog"}]},{"@type":"WebSite","@id":"https:\/\/baltagauja.eu\/en\/#website","url":"https:\/\/baltagauja.eu\/en\/","name":"baltagauja.eu","description":"Kokybi\u0161kos prek\u0117s \u0161unims","publisher":{"@id":"https:\/\/baltagauja.eu\/en\/#organization"},"potentialAction":[{"@type":"SearchAction","target":{"@type":"EntryPoint","urlTemplate":"https:\/\/baltagauja.eu\/en\/?s={search_term_string}"},"query-input":{"@type":"PropertyValueSpecification","valueRequired":true,"valueName":"search_term_string"}}],"inLanguage":"en-US"},{"@type":"Organization","@id":"https:\/\/baltagauja.eu\/en\/#organization","name":"Balta gauja","url":"https:\/\/baltagauja.eu\/en\/","logo":{"@type":"ImageObject","inLanguage":"en-US","@id":"https:\/\/baltagauja.eu\/en\/#\/schema\/logo\/image\/","url":"https:\/\/baltagauja.eu\/wp-content\/uploads\/2024\/05\/Color-logo-without-background6.png","contentUrl":"https:\/\/baltagauja.eu\/wp-content\/uploads\/2024\/05\/Color-logo-without-background6.png","width":2103,"height":1336,"caption":"Balta gauja"},"image":{"@id":"https:\/\/baltagauja.eu\/en\/#\/schema\/logo\/image\/"},"sameAs":["https:\/\/www.facebook.com\/baltagauja.eu"]}]}},"jetpack_sharing_enabled":true,"_links":{"self":[{"href":"https:\/\/baltagauja.eu\/en\/wp-json\/wp\/v2\/product\/10214","targetHints":{"allow":["GET"]}}],"collection":[{"href":"https:\/\/baltagauja.eu\/en\/wp-json\/wp\/v2\/product"}],"about":[{"href":"https:\/\/baltagauja.eu\/en\/wp-json\/wp\/v2\/types\/product"}],"replies":[{"embeddable":true,"href":"https:\/\/baltagauja.eu\/en\/wp-json\/wp\/v2\/comments?post=10214"}],"wp:featuredmedia":[{"embeddable":true,"href":"https:\/\/baltagauja.eu\/en\/wp-json\/wp\/v2\/media\/10225"}],"wp:attachment":[{"href":"https:\/\/baltagauja.eu\/en\/wp-json\/wp\/v2\/media?parent=10214"}],"wp:term":[{"taxonomy":"product_brand","embeddable":true,"href":"https:\/\/baltagauja.eu\/en\/wp-json\/wp\/v2\/product_brand?post=10214"},{"taxonomy":"product_cat","embeddable":true,"href":"https:\/\/baltagauja.eu\/en\/wp-json\/wp\/v2\/product_cat?post=10214"},{"taxonomy":"product_tag","embeddable":true,"href":"https:\/\/baltagauja.eu\/en\/wp-json\/wp\/v2\/product_tag?post=10214"},{"taxonomy":"berocket_brand","embeddable":true,"href":"https:\/\/baltagauja.eu\/en\/wp-json\/wp\/v2\/berocket_brand?post=10214"}],"curies":[{"name":"wp","href":"https:\/\/api.w.org\/{rel}","templated":true}]}}