{"id":10488,"date":"2024-08-14T16:07:28","date_gmt":"2024-08-14T13:07:28","guid":{"rendered":"https:\/\/baltagauja.eu\/?post_type=product&#038;p=10488"},"modified":"2025-07-24T17:05:37","modified_gmt":"2025-07-24T14:05:37","slug":"green-raincoat-for-the-dog-kopija","status":"publish","type":"product","link":"https:\/\/baltagauja.eu\/en\/shop\/overalls\/rain-suits\/green-raincoat-for-the-dog-kopija\/","title":{"rendered":"Blue Raincoat for the dog"},"content":{"rendered":"<p>A raincoat for dogs with a waterproof polyester fabric. Lining &#8211; soft lining material. Zip closure at back. It fastens at the neck with snap buttons. Adjustable elasticated waistband.  Elasticated cuffs. Reflective elements: stripe along the back and neck. 100% Polyester Care: machine wash on gentle cycle at 30\u00b0C, reversed. A warning: Do not dry near sources of room heating (batteries, radiators). Changing the print during exploitation or washing is not a defect.<\/p>\n","protected":false},"excerpt":{"rendered":"<p>New! Raincoat with thin fleece lining <\/p>\n","protected":false},"featured_media":10498,"comment_status":"open","ping_status":"closed","template":"","meta":{"site-sidebar-layout":"default","site-content-layout":"","ast-site-content-layout":"default","site-content-style":"default","site-sidebar-style":"default","ast-global-header-display":"","ast-banner-title-visibility":"","ast-main-header-display":"","ast-hfb-above-header-display":"","ast-hfb-below-header-display":"","ast-hfb-mobile-header-display":"","site-post-title":"","ast-breadcrumbs-content":"","ast-featured-img":"","footer-sml-layout":"","ast-disable-related-posts":"","theme-transparent-header-meta":"default","adv-header-id-meta":"","stick-header-meta":"default","header-above-stick-meta":"","header-main-stick-meta":"","header-below-stick-meta":"","astra-migrate-meta-layouts":"set","ast-page-background-enabled":"default","ast-page-background-meta":{"desktop":{"background-color":"","background-image":"","background-repeat":"repeat","background-position":"center center","background-size":"auto","background-attachment":"scroll","background-type":"","background-media":"","overlay-type":"","overlay-color":"","overlay-opacity":"","overlay-gradient":""},"tablet":{"background-color":"","background-image":"","background-repeat":"repeat","background-position":"center center","background-size":"auto","background-attachment":"scroll","background-type":"","background-media":"","overlay-type":"","overlay-color":"","overlay-opacity":"","overlay-gradient":""},"mobile":{"background-color":"","background-image":"","background-repeat":"repeat","background-position":"center center","background-size":"auto","background-attachment":"scroll","background-type":"","background-media":"","overlay-type":"","overlay-color":"","overlay-opacity":"","overlay-gradient":""}},"ast-content-background-meta":{"desktop":{"background-color":"var(--ast-global-color-5)","background-image":"","background-repeat":"repeat","background-position":"center center","background-size":"auto","background-attachment":"scroll","background-type":"","background-media":"","overlay-type":"","overlay-color":"","overlay-opacity":"","overlay-gradient":""},"tablet":{"background-color":"var(--ast-global-color-5)","background-image":"","background-repeat":"repeat","background-position":"center center","background-size":"auto","background-attachment":"scroll","background-type":"","background-media":"","overlay-type":"","overlay-color":"","overlay-opacity":"","overlay-gradient":""},"mobile":{"background-color":"var(--ast-global-color-5)","background-image":"","background-repeat":"repeat","background-position":"center center","background-size":"auto","background-attachment":"scroll","background-type":"","background-media":"","overlay-type":"","overlay-color":"","overlay-opacity":"","overlay-gradient":""}}},"product_brand":[],"product_cat":[92,93],"product_tag":[],"berocket_brand":[153],"class_list":{"0":"post-10488","1":"product","2":"type-product","3":"status-publish","4":"has-post-thumbnail","6":"product_cat-overalls","7":"product_cat-rain-suits","8":"pa_dydis-a1-en","9":"pa_dydis-a2-en","10":"pa_suniuko-lytis-male","11":"berocket_brand-for-my-dogs-en-2","12":"desktop-align-center","13":"tablet-align-center","14":"mobile-align-center","15":"ast-product-gallery-layout-horizontal-slider","16":"ast-product-single-variable","17":"ast-product-tabs-layout-horizontal","19":"first","20":"instock","21":"shipping-taxable","22":"purchasable","23":"product-type-variable"},"yoast_head":"<!-- This site is optimized with the Yoast SEO plugin v27.4 - https:\/\/yoast.com\/product\/yoast-seo-wordpress\/ -->\n<title>Blue Raincoat for the dog - Baltagauja<\/title>\n<meta name=\"description\" content=\"Overalls - raincoat for a male dog. A comfortable way to protect your dog from wetness and dirtiness. The zipper closes from head to tail, which makes dressing much easier and faster. On the sleeves of the cuff are for a tight fit to the foot.\" \/>\n<meta name=\"robots\" content=\"index, follow, max-snippet:-1, max-image-preview:large, max-video-preview:-1\" \/>\n<link rel=\"canonical\" href=\"https:\/\/baltagauja.eu\/en\/shop\/overalls\/rain-suits\/green-raincoat-for-the-dog-kopija\/\" \/>\n<meta property=\"og:locale\" content=\"en_US\" \/>\n<meta property=\"og:type\" content=\"article\" \/>\n<meta property=\"og:title\" content=\"Blue Raincoat for the dog - Baltagauja\" \/>\n<meta property=\"og:description\" content=\"Overalls - raincoat for a male dog. A comfortable way to protect your dog from wetness and dirtiness. The zipper closes from head to tail, which makes dressing much easier and faster. On the sleeves of the cuff are for a tight fit to the foot.\" \/>\n<meta property=\"og:url\" content=\"https:\/\/baltagauja.eu\/en\/shop\/overalls\/rain-suits\/green-raincoat-for-the-dog-kopija\/\" \/>\n<meta property=\"og:site_name\" content=\"Baltagauja\" \/>\n<meta property=\"article:publisher\" content=\"https:\/\/www.facebook.com\/baltagauja.eu\" \/>\n<meta property=\"article:modified_time\" content=\"2025-07-24T14:05:37+00:00\" \/>\n<meta property=\"og:image\" content=\"https:\/\/baltagauja.eu\/wp-content\/uploads\/2024\/08\/TDSS0070-2024-M-min.jpg\" \/>\n\t<meta property=\"og:image:width\" content=\"800\" \/>\n\t<meta property=\"og:image:height\" content=\"800\" \/>\n\t<meta property=\"og:image:type\" content=\"image\/jpeg\" \/>\n<meta name=\"twitter:card\" content=\"summary_large_image\" \/>\n<script type=\"application\/ld+json\" class=\"yoast-schema-graph\">{\"@context\":\"https:\\\/\\\/schema.org\",\"@graph\":[{\"@type\":\"WebPage\",\"@id\":\"https:\\\/\\\/baltagauja.eu\\\/en\\\/shop\\\/overalls\\\/rain-suits\\\/green-raincoat-for-the-dog-kopija\\\/\",\"url\":\"https:\\\/\\\/baltagauja.eu\\\/en\\\/shop\\\/overalls\\\/rain-suits\\\/green-raincoat-for-the-dog-kopija\\\/\",\"name\":\"Blue Raincoat for the dog - Baltagauja\",\"isPartOf\":{\"@id\":\"https:\\\/\\\/baltagauja.eu\\\/en\\\/#website\"},\"primaryImageOfPage\":{\"@id\":\"https:\\\/\\\/baltagauja.eu\\\/en\\\/shop\\\/overalls\\\/rain-suits\\\/green-raincoat-for-the-dog-kopija\\\/#primaryimage\"},\"image\":{\"@id\":\"https:\\\/\\\/baltagauja.eu\\\/en\\\/shop\\\/overalls\\\/rain-suits\\\/green-raincoat-for-the-dog-kopija\\\/#primaryimage\"},\"thumbnailUrl\":\"https:\\\/\\\/baltagauja.eu\\\/wp-content\\\/uploads\\\/2024\\\/08\\\/TDSS0070-2024-M-min.jpg\",\"datePublished\":\"2024-08-14T13:07:28+00:00\",\"dateModified\":\"2025-07-24T14:05:37+00:00\",\"description\":\"Overalls - raincoat for a male dog. A comfortable way to protect your dog from wetness and dirtiness. The zipper closes from head to tail, which makes dressing much easier and faster. On the sleeves of the cuff are for a tight fit to the foot.\",\"breadcrumb\":{\"@id\":\"https:\\\/\\\/baltagauja.eu\\\/en\\\/shop\\\/overalls\\\/rain-suits\\\/green-raincoat-for-the-dog-kopija\\\/#breadcrumb\"},\"inLanguage\":\"en-US\",\"potentialAction\":[{\"@type\":\"ReadAction\",\"target\":[\"https:\\\/\\\/baltagauja.eu\\\/en\\\/shop\\\/overalls\\\/rain-suits\\\/green-raincoat-for-the-dog-kopija\\\/\"]}]},{\"@type\":\"ImageObject\",\"inLanguage\":\"en-US\",\"@id\":\"https:\\\/\\\/baltagauja.eu\\\/en\\\/shop\\\/overalls\\\/rain-suits\\\/green-raincoat-for-the-dog-kopija\\\/#primaryimage\",\"url\":\"https:\\\/\\\/baltagauja.eu\\\/wp-content\\\/uploads\\\/2024\\\/08\\\/TDSS0070-2024-M-min.jpg\",\"contentUrl\":\"https:\\\/\\\/baltagauja.eu\\\/wp-content\\\/uploads\\\/2024\\\/08\\\/TDSS0070-2024-M-min.jpg\",\"width\":800,\"height\":800,\"caption\":\"TDSS0070-2024 M rudeninis nuo lietaus kombinezonas r\u016bbas \u0161uniui\"},{\"@type\":\"BreadcrumbList\",\"@id\":\"https:\\\/\\\/baltagauja.eu\\\/en\\\/shop\\\/overalls\\\/rain-suits\\\/green-raincoat-for-the-dog-kopija\\\/#breadcrumb\",\"itemListElement\":[{\"@type\":\"ListItem\",\"position\":1,\"name\":\"Shop\",\"item\":\"https:\\\/\\\/baltagauja.eu\\\/en\\\/shop\\\/\"},{\"@type\":\"ListItem\",\"position\":2,\"name\":\"Overalls\",\"item\":\"https:\\\/\\\/baltagauja.eu\\\/en\\\/Product-category\\\/overalls\\\/\"},{\"@type\":\"ListItem\",\"position\":3,\"name\":\"Blue Raincoat for the dog\"}]},{\"@type\":\"WebSite\",\"@id\":\"https:\\\/\\\/baltagauja.eu\\\/en\\\/#website\",\"url\":\"https:\\\/\\\/baltagauja.eu\\\/en\\\/\",\"name\":\"baltagauja.eu\",\"description\":\"Kokybi\u0161kos prek\u0117s \u0161unims\",\"publisher\":{\"@id\":\"https:\\\/\\\/baltagauja.eu\\\/en\\\/#organization\"},\"potentialAction\":[{\"@type\":\"SearchAction\",\"target\":{\"@type\":\"EntryPoint\",\"urlTemplate\":\"https:\\\/\\\/baltagauja.eu\\\/en\\\/?s={search_term_string}\"},\"query-input\":{\"@type\":\"PropertyValueSpecification\",\"valueRequired\":true,\"valueName\":\"search_term_string\"}}],\"inLanguage\":\"en-US\"},{\"@type\":\"Organization\",\"@id\":\"https:\\\/\\\/baltagauja.eu\\\/en\\\/#organization\",\"name\":\"Balta gauja\",\"url\":\"https:\\\/\\\/baltagauja.eu\\\/en\\\/\",\"logo\":{\"@type\":\"ImageObject\",\"inLanguage\":\"en-US\",\"@id\":\"https:\\\/\\\/baltagauja.eu\\\/en\\\/#\\\/schema\\\/logo\\\/image\\\/\",\"url\":\"https:\\\/\\\/baltagauja.eu\\\/wp-content\\\/uploads\\\/2024\\\/05\\\/Color-logo-without-background6.png\",\"contentUrl\":\"https:\\\/\\\/baltagauja.eu\\\/wp-content\\\/uploads\\\/2024\\\/05\\\/Color-logo-without-background6.png\",\"width\":2103,\"height\":1336,\"caption\":\"Balta gauja\"},\"image\":{\"@id\":\"https:\\\/\\\/baltagauja.eu\\\/en\\\/#\\\/schema\\\/logo\\\/image\\\/\"},\"sameAs\":[\"https:\\\/\\\/www.facebook.com\\\/baltagauja.eu\"]}]}<\/script>\n<!-- \/ Yoast SEO plugin. -->","yoast_head_json":{"title":"Blue Raincoat for the dog - Baltagauja","description":"Overalls - raincoat for a male dog. A comfortable way to protect your dog from wetness and dirtiness. The zipper closes from head to tail, which makes dressing much easier and faster. On the sleeves of the cuff are for a tight fit to the foot.","robots":{"index":"index","follow":"follow","max-snippet":"max-snippet:-1","max-image-preview":"max-image-preview:large","max-video-preview":"max-video-preview:-1"},"canonical":"https:\/\/baltagauja.eu\/en\/shop\/overalls\/rain-suits\/green-raincoat-for-the-dog-kopija\/","og_locale":"en_US","og_type":"article","og_title":"Blue Raincoat for the dog - Baltagauja","og_description":"Overalls - raincoat for a male dog. A comfortable way to protect your dog from wetness and dirtiness. The zipper closes from head to tail, which makes dressing much easier and faster. On the sleeves of the cuff are for a tight fit to the foot.","og_url":"https:\/\/baltagauja.eu\/en\/shop\/overalls\/rain-suits\/green-raincoat-for-the-dog-kopija\/","og_site_name":"Baltagauja","article_publisher":"https:\/\/www.facebook.com\/baltagauja.eu","article_modified_time":"2025-07-24T14:05:37+00:00","og_image":[{"width":800,"height":800,"url":"https:\/\/baltagauja.eu\/wp-content\/uploads\/2024\/08\/TDSS0070-2024-M-min.jpg","type":"image\/jpeg"}],"twitter_card":"summary_large_image","schema":{"@context":"https:\/\/schema.org","@graph":[{"@type":"WebPage","@id":"https:\/\/baltagauja.eu\/en\/shop\/overalls\/rain-suits\/green-raincoat-for-the-dog-kopija\/","url":"https:\/\/baltagauja.eu\/en\/shop\/overalls\/rain-suits\/green-raincoat-for-the-dog-kopija\/","name":"Blue Raincoat for the dog - Baltagauja","isPartOf":{"@id":"https:\/\/baltagauja.eu\/en\/#website"},"primaryImageOfPage":{"@id":"https:\/\/baltagauja.eu\/en\/shop\/overalls\/rain-suits\/green-raincoat-for-the-dog-kopija\/#primaryimage"},"image":{"@id":"https:\/\/baltagauja.eu\/en\/shop\/overalls\/rain-suits\/green-raincoat-for-the-dog-kopija\/#primaryimage"},"thumbnailUrl":"https:\/\/baltagauja.eu\/wp-content\/uploads\/2024\/08\/TDSS0070-2024-M-min.jpg","datePublished":"2024-08-14T13:07:28+00:00","dateModified":"2025-07-24T14:05:37+00:00","description":"Overalls - raincoat for a male dog. A comfortable way to protect your dog from wetness and dirtiness. The zipper closes from head to tail, which makes dressing much easier and faster. On the sleeves of the cuff are for a tight fit to the foot.","breadcrumb":{"@id":"https:\/\/baltagauja.eu\/en\/shop\/overalls\/rain-suits\/green-raincoat-for-the-dog-kopija\/#breadcrumb"},"inLanguage":"en-US","potentialAction":[{"@type":"ReadAction","target":["https:\/\/baltagauja.eu\/en\/shop\/overalls\/rain-suits\/green-raincoat-for-the-dog-kopija\/"]}]},{"@type":"ImageObject","inLanguage":"en-US","@id":"https:\/\/baltagauja.eu\/en\/shop\/overalls\/rain-suits\/green-raincoat-for-the-dog-kopija\/#primaryimage","url":"https:\/\/baltagauja.eu\/wp-content\/uploads\/2024\/08\/TDSS0070-2024-M-min.jpg","contentUrl":"https:\/\/baltagauja.eu\/wp-content\/uploads\/2024\/08\/TDSS0070-2024-M-min.jpg","width":800,"height":800,"caption":"TDSS0070-2024 M rudeninis nuo lietaus kombinezonas r\u016bbas \u0161uniui"},{"@type":"BreadcrumbList","@id":"https:\/\/baltagauja.eu\/en\/shop\/overalls\/rain-suits\/green-raincoat-for-the-dog-kopija\/#breadcrumb","itemListElement":[{"@type":"ListItem","position":1,"name":"Shop","item":"https:\/\/baltagauja.eu\/en\/shop\/"},{"@type":"ListItem","position":2,"name":"Overalls","item":"https:\/\/baltagauja.eu\/en\/Product-category\/overalls\/"},{"@type":"ListItem","position":3,"name":"Blue Raincoat for the dog"}]},{"@type":"WebSite","@id":"https:\/\/baltagauja.eu\/en\/#website","url":"https:\/\/baltagauja.eu\/en\/","name":"baltagauja.eu","description":"Kokybi\u0161kos prek\u0117s \u0161unims","publisher":{"@id":"https:\/\/baltagauja.eu\/en\/#organization"},"potentialAction":[{"@type":"SearchAction","target":{"@type":"EntryPoint","urlTemplate":"https:\/\/baltagauja.eu\/en\/?s={search_term_string}"},"query-input":{"@type":"PropertyValueSpecification","valueRequired":true,"valueName":"search_term_string"}}],"inLanguage":"en-US"},{"@type":"Organization","@id":"https:\/\/baltagauja.eu\/en\/#organization","name":"Balta gauja","url":"https:\/\/baltagauja.eu\/en\/","logo":{"@type":"ImageObject","inLanguage":"en-US","@id":"https:\/\/baltagauja.eu\/en\/#\/schema\/logo\/image\/","url":"https:\/\/baltagauja.eu\/wp-content\/uploads\/2024\/05\/Color-logo-without-background6.png","contentUrl":"https:\/\/baltagauja.eu\/wp-content\/uploads\/2024\/05\/Color-logo-without-background6.png","width":2103,"height":1336,"caption":"Balta gauja"},"image":{"@id":"https:\/\/baltagauja.eu\/en\/#\/schema\/logo\/image\/"},"sameAs":["https:\/\/www.facebook.com\/baltagauja.eu"]}]}},"jetpack_sharing_enabled":true,"_links":{"self":[{"href":"https:\/\/baltagauja.eu\/en\/wp-json\/wp\/v2\/product\/10488","targetHints":{"allow":["GET"]}}],"collection":[{"href":"https:\/\/baltagauja.eu\/en\/wp-json\/wp\/v2\/product"}],"about":[{"href":"https:\/\/baltagauja.eu\/en\/wp-json\/wp\/v2\/types\/product"}],"replies":[{"embeddable":true,"href":"https:\/\/baltagauja.eu\/en\/wp-json\/wp\/v2\/comments?post=10488"}],"wp:featuredmedia":[{"embeddable":true,"href":"https:\/\/baltagauja.eu\/en\/wp-json\/wp\/v2\/media\/10498"}],"wp:attachment":[{"href":"https:\/\/baltagauja.eu\/en\/wp-json\/wp\/v2\/media?parent=10488"}],"wp:term":[{"taxonomy":"product_brand","embeddable":true,"href":"https:\/\/baltagauja.eu\/en\/wp-json\/wp\/v2\/product_brand?post=10488"},{"taxonomy":"product_cat","embeddable":true,"href":"https:\/\/baltagauja.eu\/en\/wp-json\/wp\/v2\/product_cat?post=10488"},{"taxonomy":"product_tag","embeddable":true,"href":"https:\/\/baltagauja.eu\/en\/wp-json\/wp\/v2\/product_tag?post=10488"},{"taxonomy":"berocket_brand","embeddable":true,"href":"https:\/\/baltagauja.eu\/en\/wp-json\/wp\/v2\/berocket_brand?post=10488"}],"curies":[{"name":"wp","href":"https:\/\/api.w.org\/{rel}","templated":true}]}}