{"id":8636,"date":"2024-07-08T17:22:39","date_gmt":"2024-07-08T14:22:39","guid":{"rendered":"https:\/\/baltagauja.eu\/?post_type=product&#038;p=8636"},"modified":"2024-09-25T16:04:54","modified_gmt":"2024-09-25T13:04:54","slug":"paikka-visibility-lite-petrol-dye-raincoat-for-dogs-kopija","status":"publish","type":"product","link":"https:\/\/baltagauja.eu\/en\/shop\/jackets\/raincoats\/paikka-visibility-lite-petrol-dye-raincoat-for-dogs-kopija\/","title":{"rendered":"PAIKKA Recovery Raincoat Orange"},"content":{"rendered":"<p>The PAIKKA Recovery Raincoat combines the best features: The signature reflective material guarantees visibility and safety during outdoor adventures, while the 100% waterproof fabric with taped main seams keeps your dog dry. The Far Infrared (FIR) emitting material may help boost the natural recovery process. Multiple adjustment points ensure the perfect fit for all dogs. Multiple adjustment points ensure the perfect fit for all dogs. <\/p>\n<ul>\n<li><span class=\"jCAhz JxVs2d ChMk0b\"><span class=\"ryNqvb\">Reflective material<\/span><\/span><\/li>\n<li>FIR lining<\/li>\n<li><span class=\"jCAhz JxVs2d ChMk0b\"><span class=\"ryNqvb\">Waterproof fabric and hood <\/span><\/span><\/li>\n<li><span class=\"jCAhz JxVs2d ChMk0b\"><span class=\"ryNqvb\">Harness opening with zipper <\/span><\/span><\/li>\n<li><span class=\"jCAhz JxVs2d ChMk0b\"><span class=\"ryNqvb\">Adjustable neckline, hood, waist, back length and leg straps <\/span><\/span><\/li>\n<li><span class=\"jCAhz JxVs2d\"><span class=\"ryNqvb\">Main seams taped<\/span><\/span><\/li>\n<\/ul>\n<p> Shell: 90% polyester, 10% TPU<br \/>Lining: 55% cotton, 37% graphene, 8% elastane Machine wash in 30 degrees, gentle or delicate cycle. Wash inside out with similar colors. Avoid bleach, chemical washes, tumble drying, ironing, or the use of washing softeners.<\/p>\n","protected":false},"excerpt":{"rendered":"<p>The PAIKKA Recovery Raincoat combines the best features: The signature reflective material guarantees visibility and safety during outdoor adventures, while the 100% waterproof fabric with taped main seams keeps your dog dry. The Far Infrared (FIR) emitting material may help boost the natural recovery process. Multiple adjustment points ensure the perfect fit for all dogs. [&hellip;]<\/p>\n","protected":false},"featured_media":8644,"comment_status":"open","ping_status":"closed","template":"","meta":{"site-sidebar-layout":"default","site-content-layout":"","ast-site-content-layout":"default","site-content-style":"default","site-sidebar-style":"default","ast-global-header-display":"","ast-banner-title-visibility":"","ast-main-header-display":"","ast-hfb-above-header-display":"","ast-hfb-below-header-display":"","ast-hfb-mobile-header-display":"","site-post-title":"","ast-breadcrumbs-content":"","ast-featured-img":"","footer-sml-layout":"","ast-disable-related-posts":"","theme-transparent-header-meta":"default","adv-header-id-meta":"","stick-header-meta":"default","header-above-stick-meta":"","header-main-stick-meta":"","header-below-stick-meta":"","astra-migrate-meta-layouts":"set","ast-page-background-enabled":"default","ast-page-background-meta":{"desktop":{"background-color":"","background-image":"","background-repeat":"repeat","background-position":"center center","background-size":"auto","background-attachment":"scroll","background-type":"","background-media":"","overlay-type":"","overlay-color":"","overlay-opacity":"","overlay-gradient":""},"tablet":{"background-color":"","background-image":"","background-repeat":"repeat","background-position":"center center","background-size":"auto","background-attachment":"scroll","background-type":"","background-media":"","overlay-type":"","overlay-color":"","overlay-opacity":"","overlay-gradient":""},"mobile":{"background-color":"","background-image":"","background-repeat":"repeat","background-position":"center center","background-size":"auto","background-attachment":"scroll","background-type":"","background-media":"","overlay-type":"","overlay-color":"","overlay-opacity":"","overlay-gradient":""}},"ast-content-background-meta":{"desktop":{"background-color":"var(--ast-global-color-5)","background-image":"","background-repeat":"repeat","background-position":"center center","background-size":"auto","background-attachment":"scroll","background-type":"","background-media":"","overlay-type":"","overlay-color":"","overlay-opacity":"","overlay-gradient":""},"tablet":{"background-color":"var(--ast-global-color-5)","background-image":"","background-repeat":"repeat","background-position":"center center","background-size":"auto","background-attachment":"scroll","background-type":"","background-media":"","overlay-type":"","overlay-color":"","overlay-opacity":"","overlay-gradient":""},"mobile":{"background-color":"var(--ast-global-color-5)","background-image":"","background-repeat":"repeat","background-position":"center center","background-size":"auto","background-attachment":"scroll","background-type":"","background-media":"","overlay-type":"","overlay-color":"","overlay-opacity":"","overlay-gradient":""}}},"product_brand":[],"product_cat":[99,113,246],"product_tag":[],"berocket_brand":[138],"class_list":{"0":"post-8636","1":"product","2":"type-product","3":"status-publish","4":"has-post-thumbnail","6":"product_cat-jackets","7":"product_cat-raincoats","8":"product_cat-sale","9":"pa_rubu-dydis-paikka-20-en","10":"pa_rubu-dydis-paikka-25-en","11":"pa_rubu-dydis-paikka-30-en","12":"pa_rubu-dydis-paikka-35-en","13":"pa_rubu-dydis-paikka-40-en","14":"pa_suniuko-lytis-female","15":"pa_suniuko-lytis-male","16":"berocket_brand-paikka-en-2","17":"desktop-align-center","18":"tablet-align-center","19":"mobile-align-center","20":"ast-product-gallery-layout-horizontal-slider","21":"ast-product-single-variable","22":"ast-product-tabs-layout-horizontal","24":"first","25":"instock","26":"sale","27":"featured","28":"shipping-taxable","29":"purchasable","30":"product-type-variable"},"yoast_head":"<!-- This site is optimized with the Yoast SEO plugin v27.4 - https:\/\/yoast.com\/product\/yoast-seo-wordpress\/ -->\n<title>PAIKKA Recovery Raincoat Orange - Baltagauja<\/title>\n<meta name=\"description\" content=\"Be prepared for any weather with PAIKKA Visibility Raincoat. The signature reflective material guarantees visibility and safety.\" \/>\n<meta name=\"robots\" content=\"index, follow, max-snippet:-1, max-image-preview:large, max-video-preview:-1\" \/>\n<link rel=\"canonical\" href=\"https:\/\/baltagauja.eu\/en\/shop\/jackets\/raincoats\/paikka-visibility-lite-petrol-dye-raincoat-for-dogs-kopija\/\" \/>\n<meta property=\"og:locale\" content=\"en_US\" \/>\n<meta property=\"og:type\" content=\"article\" \/>\n<meta property=\"og:title\" content=\"PAIKKA Recovery Raincoat Orange - Baltagauja\" \/>\n<meta property=\"og:description\" content=\"Be prepared for any weather with PAIKKA Visibility Raincoat. The signature reflective material guarantees visibility and safety.\" \/>\n<meta property=\"og:url\" content=\"https:\/\/baltagauja.eu\/en\/shop\/jackets\/raincoats\/paikka-visibility-lite-petrol-dye-raincoat-for-dogs-kopija\/\" \/>\n<meta property=\"og:site_name\" content=\"Baltagauja\" \/>\n<meta property=\"article:publisher\" content=\"https:\/\/www.facebook.com\/baltagauja.eu\" \/>\n<meta property=\"article:modified_time\" content=\"2024-09-25T13:04:54+00:00\" \/>\n<meta property=\"og:image\" content=\"https:\/\/baltagauja.eu\/wp-content\/uploads\/2024\/07\/PAIKKA_Rainjacket_orange_product.webp\" \/>\n\t<meta property=\"og:image:width\" content=\"1080\" \/>\n\t<meta property=\"og:image:height\" content=\"1350\" \/>\n\t<meta property=\"og:image:type\" content=\"image\/webp\" \/>\n<meta name=\"twitter:card\" content=\"summary_large_image\" \/>\n<meta name=\"twitter:label1\" content=\"Est. reading time\" \/>\n\t<meta name=\"twitter:data1\" content=\"1 minute\" \/>\n<script type=\"application\/ld+json\" class=\"yoast-schema-graph\">{\"@context\":\"https:\\\/\\\/schema.org\",\"@graph\":[{\"@type\":\"WebPage\",\"@id\":\"https:\\\/\\\/baltagauja.eu\\\/en\\\/shop\\\/jackets\\\/raincoats\\\/paikka-visibility-lite-petrol-dye-raincoat-for-dogs-kopija\\\/\",\"url\":\"https:\\\/\\\/baltagauja.eu\\\/en\\\/shop\\\/jackets\\\/raincoats\\\/paikka-visibility-lite-petrol-dye-raincoat-for-dogs-kopija\\\/\",\"name\":\"PAIKKA Recovery Raincoat Orange - Baltagauja\",\"isPartOf\":{\"@id\":\"https:\\\/\\\/baltagauja.eu\\\/en\\\/#website\"},\"primaryImageOfPage\":{\"@id\":\"https:\\\/\\\/baltagauja.eu\\\/en\\\/shop\\\/jackets\\\/raincoats\\\/paikka-visibility-lite-petrol-dye-raincoat-for-dogs-kopija\\\/#primaryimage\"},\"image\":{\"@id\":\"https:\\\/\\\/baltagauja.eu\\\/en\\\/shop\\\/jackets\\\/raincoats\\\/paikka-visibility-lite-petrol-dye-raincoat-for-dogs-kopija\\\/#primaryimage\"},\"thumbnailUrl\":\"https:\\\/\\\/baltagauja.eu\\\/wp-content\\\/uploads\\\/2024\\\/07\\\/PAIKKA_Rainjacket_orange_product.webp\",\"datePublished\":\"2024-07-08T14:22:39+00:00\",\"dateModified\":\"2024-09-25T13:04:54+00:00\",\"description\":\"Be prepared for any weather with PAIKKA Visibility Raincoat. The signature reflective material guarantees visibility and safety.\",\"breadcrumb\":{\"@id\":\"https:\\\/\\\/baltagauja.eu\\\/en\\\/shop\\\/jackets\\\/raincoats\\\/paikka-visibility-lite-petrol-dye-raincoat-for-dogs-kopija\\\/#breadcrumb\"},\"inLanguage\":\"en-US\",\"potentialAction\":[{\"@type\":\"ReadAction\",\"target\":[\"https:\\\/\\\/baltagauja.eu\\\/en\\\/shop\\\/jackets\\\/raincoats\\\/paikka-visibility-lite-petrol-dye-raincoat-for-dogs-kopija\\\/\"]}]},{\"@type\":\"ImageObject\",\"inLanguage\":\"en-US\",\"@id\":\"https:\\\/\\\/baltagauja.eu\\\/en\\\/shop\\\/jackets\\\/raincoats\\\/paikka-visibility-lite-petrol-dye-raincoat-for-dogs-kopija\\\/#primaryimage\",\"url\":\"https:\\\/\\\/baltagauja.eu\\\/wp-content\\\/uploads\\\/2024\\\/07\\\/PAIKKA_Rainjacket_orange_product.webp\",\"contentUrl\":\"https:\\\/\\\/baltagauja.eu\\\/wp-content\\\/uploads\\\/2024\\\/07\\\/PAIKKA_Rainjacket_orange_product.webp\",\"width\":1080,\"height\":1350,\"caption\":\"PAIKKA Recovery oran\u017ein\u0117 liemen\u0117 nuo lietaus \u0161uniui\"},{\"@type\":\"BreadcrumbList\",\"@id\":\"https:\\\/\\\/baltagauja.eu\\\/en\\\/shop\\\/jackets\\\/raincoats\\\/paikka-visibility-lite-petrol-dye-raincoat-for-dogs-kopija\\\/#breadcrumb\",\"itemListElement\":[{\"@type\":\"ListItem\",\"position\":1,\"name\":\"Shop\",\"item\":\"https:\\\/\\\/baltagauja.eu\\\/en\\\/shop\\\/\"},{\"@type\":\"ListItem\",\"position\":2,\"name\":\"Jackets\",\"item\":\"https:\\\/\\\/baltagauja.eu\\\/en\\\/Product-category\\\/jackets\\\/\"},{\"@type\":\"ListItem\",\"position\":3,\"name\":\"PAIKKA Recovery Raincoat Orange\"}]},{\"@type\":\"WebSite\",\"@id\":\"https:\\\/\\\/baltagauja.eu\\\/en\\\/#website\",\"url\":\"https:\\\/\\\/baltagauja.eu\\\/en\\\/\",\"name\":\"baltagauja.eu\",\"description\":\"Kokybi\u0161kos prek\u0117s \u0161unims\",\"publisher\":{\"@id\":\"https:\\\/\\\/baltagauja.eu\\\/en\\\/#organization\"},\"potentialAction\":[{\"@type\":\"SearchAction\",\"target\":{\"@type\":\"EntryPoint\",\"urlTemplate\":\"https:\\\/\\\/baltagauja.eu\\\/en\\\/?s={search_term_string}\"},\"query-input\":{\"@type\":\"PropertyValueSpecification\",\"valueRequired\":true,\"valueName\":\"search_term_string\"}}],\"inLanguage\":\"en-US\"},{\"@type\":\"Organization\",\"@id\":\"https:\\\/\\\/baltagauja.eu\\\/en\\\/#organization\",\"name\":\"Balta gauja\",\"url\":\"https:\\\/\\\/baltagauja.eu\\\/en\\\/\",\"logo\":{\"@type\":\"ImageObject\",\"inLanguage\":\"en-US\",\"@id\":\"https:\\\/\\\/baltagauja.eu\\\/en\\\/#\\\/schema\\\/logo\\\/image\\\/\",\"url\":\"https:\\\/\\\/baltagauja.eu\\\/wp-content\\\/uploads\\\/2024\\\/05\\\/Color-logo-without-background6.png\",\"contentUrl\":\"https:\\\/\\\/baltagauja.eu\\\/wp-content\\\/uploads\\\/2024\\\/05\\\/Color-logo-without-background6.png\",\"width\":2103,\"height\":1336,\"caption\":\"Balta gauja\"},\"image\":{\"@id\":\"https:\\\/\\\/baltagauja.eu\\\/en\\\/#\\\/schema\\\/logo\\\/image\\\/\"},\"sameAs\":[\"https:\\\/\\\/www.facebook.com\\\/baltagauja.eu\"]}]}<\/script>\n<!-- \/ Yoast SEO plugin. -->","yoast_head_json":{"title":"PAIKKA Recovery Raincoat Orange - Baltagauja","description":"Be prepared for any weather with PAIKKA Visibility Raincoat. The signature reflective material guarantees visibility and safety.","robots":{"index":"index","follow":"follow","max-snippet":"max-snippet:-1","max-image-preview":"max-image-preview:large","max-video-preview":"max-video-preview:-1"},"canonical":"https:\/\/baltagauja.eu\/en\/shop\/jackets\/raincoats\/paikka-visibility-lite-petrol-dye-raincoat-for-dogs-kopija\/","og_locale":"en_US","og_type":"article","og_title":"PAIKKA Recovery Raincoat Orange - Baltagauja","og_description":"Be prepared for any weather with PAIKKA Visibility Raincoat. The signature reflective material guarantees visibility and safety.","og_url":"https:\/\/baltagauja.eu\/en\/shop\/jackets\/raincoats\/paikka-visibility-lite-petrol-dye-raincoat-for-dogs-kopija\/","og_site_name":"Baltagauja","article_publisher":"https:\/\/www.facebook.com\/baltagauja.eu","article_modified_time":"2024-09-25T13:04:54+00:00","og_image":[{"width":1080,"height":1350,"url":"https:\/\/baltagauja.eu\/wp-content\/uploads\/2024\/07\/PAIKKA_Rainjacket_orange_product.webp","type":"image\/webp"}],"twitter_card":"summary_large_image","twitter_misc":{"Est. reading time":"1 minute"},"schema":{"@context":"https:\/\/schema.org","@graph":[{"@type":"WebPage","@id":"https:\/\/baltagauja.eu\/en\/shop\/jackets\/raincoats\/paikka-visibility-lite-petrol-dye-raincoat-for-dogs-kopija\/","url":"https:\/\/baltagauja.eu\/en\/shop\/jackets\/raincoats\/paikka-visibility-lite-petrol-dye-raincoat-for-dogs-kopija\/","name":"PAIKKA Recovery Raincoat Orange - Baltagauja","isPartOf":{"@id":"https:\/\/baltagauja.eu\/en\/#website"},"primaryImageOfPage":{"@id":"https:\/\/baltagauja.eu\/en\/shop\/jackets\/raincoats\/paikka-visibility-lite-petrol-dye-raincoat-for-dogs-kopija\/#primaryimage"},"image":{"@id":"https:\/\/baltagauja.eu\/en\/shop\/jackets\/raincoats\/paikka-visibility-lite-petrol-dye-raincoat-for-dogs-kopija\/#primaryimage"},"thumbnailUrl":"https:\/\/baltagauja.eu\/wp-content\/uploads\/2024\/07\/PAIKKA_Rainjacket_orange_product.webp","datePublished":"2024-07-08T14:22:39+00:00","dateModified":"2024-09-25T13:04:54+00:00","description":"Be prepared for any weather with PAIKKA Visibility Raincoat. The signature reflective material guarantees visibility and safety.","breadcrumb":{"@id":"https:\/\/baltagauja.eu\/en\/shop\/jackets\/raincoats\/paikka-visibility-lite-petrol-dye-raincoat-for-dogs-kopija\/#breadcrumb"},"inLanguage":"en-US","potentialAction":[{"@type":"ReadAction","target":["https:\/\/baltagauja.eu\/en\/shop\/jackets\/raincoats\/paikka-visibility-lite-petrol-dye-raincoat-for-dogs-kopija\/"]}]},{"@type":"ImageObject","inLanguage":"en-US","@id":"https:\/\/baltagauja.eu\/en\/shop\/jackets\/raincoats\/paikka-visibility-lite-petrol-dye-raincoat-for-dogs-kopija\/#primaryimage","url":"https:\/\/baltagauja.eu\/wp-content\/uploads\/2024\/07\/PAIKKA_Rainjacket_orange_product.webp","contentUrl":"https:\/\/baltagauja.eu\/wp-content\/uploads\/2024\/07\/PAIKKA_Rainjacket_orange_product.webp","width":1080,"height":1350,"caption":"PAIKKA Recovery oran\u017ein\u0117 liemen\u0117 nuo lietaus \u0161uniui"},{"@type":"BreadcrumbList","@id":"https:\/\/baltagauja.eu\/en\/shop\/jackets\/raincoats\/paikka-visibility-lite-petrol-dye-raincoat-for-dogs-kopija\/#breadcrumb","itemListElement":[{"@type":"ListItem","position":1,"name":"Shop","item":"https:\/\/baltagauja.eu\/en\/shop\/"},{"@type":"ListItem","position":2,"name":"Jackets","item":"https:\/\/baltagauja.eu\/en\/Product-category\/jackets\/"},{"@type":"ListItem","position":3,"name":"PAIKKA Recovery Raincoat Orange"}]},{"@type":"WebSite","@id":"https:\/\/baltagauja.eu\/en\/#website","url":"https:\/\/baltagauja.eu\/en\/","name":"baltagauja.eu","description":"Kokybi\u0161kos prek\u0117s \u0161unims","publisher":{"@id":"https:\/\/baltagauja.eu\/en\/#organization"},"potentialAction":[{"@type":"SearchAction","target":{"@type":"EntryPoint","urlTemplate":"https:\/\/baltagauja.eu\/en\/?s={search_term_string}"},"query-input":{"@type":"PropertyValueSpecification","valueRequired":true,"valueName":"search_term_string"}}],"inLanguage":"en-US"},{"@type":"Organization","@id":"https:\/\/baltagauja.eu\/en\/#organization","name":"Balta gauja","url":"https:\/\/baltagauja.eu\/en\/","logo":{"@type":"ImageObject","inLanguage":"en-US","@id":"https:\/\/baltagauja.eu\/en\/#\/schema\/logo\/image\/","url":"https:\/\/baltagauja.eu\/wp-content\/uploads\/2024\/05\/Color-logo-without-background6.png","contentUrl":"https:\/\/baltagauja.eu\/wp-content\/uploads\/2024\/05\/Color-logo-without-background6.png","width":2103,"height":1336,"caption":"Balta gauja"},"image":{"@id":"https:\/\/baltagauja.eu\/en\/#\/schema\/logo\/image\/"},"sameAs":["https:\/\/www.facebook.com\/baltagauja.eu"]}]}},"jetpack_sharing_enabled":true,"_links":{"self":[{"href":"https:\/\/baltagauja.eu\/en\/wp-json\/wp\/v2\/product\/8636","targetHints":{"allow":["GET"]}}],"collection":[{"href":"https:\/\/baltagauja.eu\/en\/wp-json\/wp\/v2\/product"}],"about":[{"href":"https:\/\/baltagauja.eu\/en\/wp-json\/wp\/v2\/types\/product"}],"replies":[{"embeddable":true,"href":"https:\/\/baltagauja.eu\/en\/wp-json\/wp\/v2\/comments?post=8636"}],"wp:featuredmedia":[{"embeddable":true,"href":"https:\/\/baltagauja.eu\/en\/wp-json\/wp\/v2\/media\/8644"}],"wp:attachment":[{"href":"https:\/\/baltagauja.eu\/en\/wp-json\/wp\/v2\/media?parent=8636"}],"wp:term":[{"taxonomy":"product_brand","embeddable":true,"href":"https:\/\/baltagauja.eu\/en\/wp-json\/wp\/v2\/product_brand?post=8636"},{"taxonomy":"product_cat","embeddable":true,"href":"https:\/\/baltagauja.eu\/en\/wp-json\/wp\/v2\/product_cat?post=8636"},{"taxonomy":"product_tag","embeddable":true,"href":"https:\/\/baltagauja.eu\/en\/wp-json\/wp\/v2\/product_tag?post=8636"},{"taxonomy":"berocket_brand","embeddable":true,"href":"https:\/\/baltagauja.eu\/en\/wp-json\/wp\/v2\/berocket_brand?post=8636"}],"curies":[{"name":"wp","href":"https:\/\/api.w.org\/{rel}","templated":true}]}}