{"id":8700,"date":"2024-07-09T13:55:40","date_gmt":"2024-07-09T10:55:40","guid":{"rendered":"https:\/\/baltagauja.eu\/?post_type=product&#038;p=8700"},"modified":"2024-07-09T14:23:31","modified_gmt":"2024-07-09T11:23:31","slug":"paikka-visibility-raincoat-emerald-kopija","status":"publish","type":"product","link":"https:\/\/baltagauja.eu\/en\/shop\/knitted-sweaters\/paikka-visibility-raincoat-emerald-kopija\/","title":{"rendered":"PAIKKA Handmade Knit Sweater Green"},"content":{"rendered":"<p>This beautiful soft sweater is made of lamb wool blend. Wool has incredible warming qualities and natural moisture-wicking capacity. Wool is warm also when moist, and thanks to natural antibacterial properties it fights back odors.<\/p>\n<p>Features<br \/>\nWarmth from natural wool blend<\/p>\n<p>Materials: 70% acrylic, 30% wool<\/p>\n<p>Care<br \/>\nWash gently by hand. Exclusive detergent for wool recommended. No bleach, no chemical wash, no tumble dry, don\u2019t iron or use washing softeners.<\/p>\n<table width=\"510\">\n<tbody>\n<tr>\n<td width=\"87\">Size<\/td>\n<td width=\"183\">Back lenght<\/td>\n<td width=\"121\">Neckline<\/td>\n<td width=\"119\">Chest<\/td>\n<\/tr>\n<tr>\n<td>20<\/td>\n<td>20 cm<\/td>\n<td>20 cm<\/td>\n<td>28 cm<\/td>\n<\/tr>\n<tr>\n<td>25<\/td>\n<td>25 cm<\/td>\n<td>22 cm<\/td>\n<td>32 cm<\/td>\n<\/tr>\n<tr>\n<td>30<\/td>\n<td>30 cm<\/td>\n<td>24 cm<\/td>\n<td>36 cm<\/td>\n<\/tr>\n<tr>\n<td>35<\/td>\n<td>35 cm<\/td>\n<td>26 cm<\/td>\n<td>39 cm<\/td>\n<\/tr>\n<tr>\n<td>40<\/td>\n<td>40 cm<\/td>\n<td>28 cm<\/td>\n<td>42 cm<\/td>\n<\/tr>\n<tr>\n<td>45<\/td>\n<td>45 cm<\/td>\n<td>30 cm<\/td>\n<td>46 cm<\/td>\n<\/tr>\n<tr>\n<td>50<\/td>\n<td>50 cm<\/td>\n<td>32 cm<\/td>\n<td>50 cm<\/td>\n<\/tr>\n<\/tbody>\n<\/table>\n","protected":false},"excerpt":{"rendered":"<p>This beautiful soft sweater is made of lamb wool blend. Wool has incredible warming qualities and natural moisture-wicking capacity. Wool is warm also when moist, and thanks to natural antibacterial properties it fights back odors. Features Warmth from natural wool blend Materials: 70% acrylic, 30% wool Care Wash gently by hand. Exclusive detergent for wool [&hellip;]<\/p>\n","protected":false},"featured_media":8711,"comment_status":"open","ping_status":"closed","template":"","meta":{"site-sidebar-layout":"default","site-content-layout":"","ast-site-content-layout":"default","site-content-style":"default","site-sidebar-style":"default","ast-global-header-display":"","ast-banner-title-visibility":"","ast-main-header-display":"","ast-hfb-above-header-display":"","ast-hfb-below-header-display":"","ast-hfb-mobile-header-display":"","site-post-title":"","ast-breadcrumbs-content":"","ast-featured-img":"","footer-sml-layout":"","ast-disable-related-posts":"","theme-transparent-header-meta":"default","adv-header-id-meta":"","stick-header-meta":"default","header-above-stick-meta":"","header-main-stick-meta":"","header-below-stick-meta":"","astra-migrate-meta-layouts":"set","ast-page-background-enabled":"default","ast-page-background-meta":{"desktop":{"background-color":"","background-image":"","background-repeat":"repeat","background-position":"center center","background-size":"auto","background-attachment":"scroll","background-type":"","background-media":"","overlay-type":"","overlay-color":"","overlay-opacity":"","overlay-gradient":""},"tablet":{"background-color":"","background-image":"","background-repeat":"repeat","background-position":"center center","background-size":"auto","background-attachment":"scroll","background-type":"","background-media":"","overlay-type":"","overlay-color":"","overlay-opacity":"","overlay-gradient":""},"mobile":{"background-color":"","background-image":"","background-repeat":"repeat","background-position":"center center","background-size":"auto","background-attachment":"scroll","background-type":"","background-media":"","overlay-type":"","overlay-color":"","overlay-opacity":"","overlay-gradient":""}},"ast-content-background-meta":{"desktop":{"background-color":"var(--ast-global-color-5)","background-image":"","background-repeat":"repeat","background-position":"center center","background-size":"auto","background-attachment":"scroll","background-type":"","background-media":"","overlay-type":"","overlay-color":"","overlay-opacity":"","overlay-gradient":""},"tablet":{"background-color":"var(--ast-global-color-5)","background-image":"","background-repeat":"repeat","background-position":"center center","background-size":"auto","background-attachment":"scroll","background-type":"","background-media":"","overlay-type":"","overlay-color":"","overlay-opacity":"","overlay-gradient":""},"mobile":{"background-color":"var(--ast-global-color-5)","background-image":"","background-repeat":"repeat","background-position":"center center","background-size":"auto","background-attachment":"scroll","background-type":"","background-media":"","overlay-type":"","overlay-color":"","overlay-opacity":"","overlay-gradient":""}}},"product_brand":[],"product_cat":[111,246],"product_tag":[],"berocket_brand":[138],"class_list":{"0":"post-8700","1":"product","2":"type-product","3":"status-publish","4":"has-post-thumbnail","6":"product_cat-knitted-sweaters","7":"product_cat-sale","8":"pa_rubu-dydis-paikka-20-en","9":"pa_rubu-dydis-paikka-25-en","10":"pa_rubu-dydis-paikka-30-en","11":"pa_suniuko-lytis-female","12":"pa_suniuko-lytis-male","13":"berocket_brand-paikka-en-2","14":"desktop-align-center","15":"tablet-align-center","16":"mobile-align-center","17":"ast-product-gallery-layout-horizontal-slider","18":"ast-product-single-variable","19":"ast-product-tabs-layout-horizontal","21":"first","22":"instock","23":"sale","24":"shipping-taxable","25":"purchasable","26":"product-type-variable"},"yoast_head":"<!-- This site is optimized with the Yoast SEO plugin v27.4 - https:\/\/yoast.com\/product\/yoast-seo-wordpress\/ -->\n<title>PAIKKA Handmade Knit Sweater Green - Baltagauja<\/title>\n<meta name=\"description\" content=\"This beautiful soft sweater is made of lamb wool blend. Wool has incredible warming qualities and natural moisture-wicking capacity.\" \/>\n<meta name=\"robots\" content=\"index, follow, max-snippet:-1, max-image-preview:large, max-video-preview:-1\" \/>\n<link rel=\"canonical\" href=\"https:\/\/baltagauja.eu\/en\/shop\/knitted-sweaters\/paikka-visibility-raincoat-emerald-kopija\/\" \/>\n<meta property=\"og:locale\" content=\"en_US\" \/>\n<meta property=\"og:type\" content=\"article\" \/>\n<meta property=\"og:title\" content=\"PAIKKA Handmade Knit Sweater Green - Baltagauja\" \/>\n<meta property=\"og:description\" content=\"This beautiful soft sweater is made of lamb wool blend. Wool has incredible warming qualities and natural moisture-wicking capacity.\" \/>\n<meta property=\"og:url\" content=\"https:\/\/baltagauja.eu\/en\/shop\/knitted-sweaters\/paikka-visibility-raincoat-emerald-kopija\/\" \/>\n<meta property=\"og:site_name\" content=\"Baltagauja\" \/>\n<meta property=\"article:publisher\" content=\"https:\/\/www.facebook.com\/baltagauja.eu\" \/>\n<meta property=\"article:modified_time\" content=\"2024-07-09T11:23:31+00:00\" \/>\n<meta property=\"og:image\" content=\"https:\/\/baltagauja.eu\/wp-content\/uploads\/2024\/07\/PAIKKA-Handmade-Knit-green4.webp\" \/>\n\t<meta property=\"og:image:width\" content=\"1800\" \/>\n\t<meta property=\"og:image:height\" content=\"1800\" \/>\n\t<meta property=\"og:image:type\" content=\"image\/webp\" \/>\n<meta name=\"twitter:card\" content=\"summary_large_image\" \/>\n<script type=\"application\/ld+json\" class=\"yoast-schema-graph\">{\"@context\":\"https:\\\/\\\/schema.org\",\"@graph\":[{\"@type\":\"WebPage\",\"@id\":\"https:\\\/\\\/baltagauja.eu\\\/en\\\/shop\\\/knitted-sweaters\\\/paikka-visibility-raincoat-emerald-kopija\\\/\",\"url\":\"https:\\\/\\\/baltagauja.eu\\\/en\\\/shop\\\/knitted-sweaters\\\/paikka-visibility-raincoat-emerald-kopija\\\/\",\"name\":\"PAIKKA Handmade Knit Sweater Green - Baltagauja\",\"isPartOf\":{\"@id\":\"https:\\\/\\\/baltagauja.eu\\\/en\\\/#website\"},\"primaryImageOfPage\":{\"@id\":\"https:\\\/\\\/baltagauja.eu\\\/en\\\/shop\\\/knitted-sweaters\\\/paikka-visibility-raincoat-emerald-kopija\\\/#primaryimage\"},\"image\":{\"@id\":\"https:\\\/\\\/baltagauja.eu\\\/en\\\/shop\\\/knitted-sweaters\\\/paikka-visibility-raincoat-emerald-kopija\\\/#primaryimage\"},\"thumbnailUrl\":\"https:\\\/\\\/baltagauja.eu\\\/wp-content\\\/uploads\\\/2024\\\/07\\\/PAIKKA-Handmade-Knit-green4.webp\",\"datePublished\":\"2024-07-09T10:55:40+00:00\",\"dateModified\":\"2024-07-09T11:23:31+00:00\",\"description\":\"This beautiful soft sweater is made of lamb wool blend. Wool has incredible warming qualities and natural moisture-wicking capacity.\",\"breadcrumb\":{\"@id\":\"https:\\\/\\\/baltagauja.eu\\\/en\\\/shop\\\/knitted-sweaters\\\/paikka-visibility-raincoat-emerald-kopija\\\/#breadcrumb\"},\"inLanguage\":\"en-US\",\"potentialAction\":[{\"@type\":\"ReadAction\",\"target\":[\"https:\\\/\\\/baltagauja.eu\\\/en\\\/shop\\\/knitted-sweaters\\\/paikka-visibility-raincoat-emerald-kopija\\\/\"]}]},{\"@type\":\"ImageObject\",\"inLanguage\":\"en-US\",\"@id\":\"https:\\\/\\\/baltagauja.eu\\\/en\\\/shop\\\/knitted-sweaters\\\/paikka-visibility-raincoat-emerald-kopija\\\/#primaryimage\",\"url\":\"https:\\\/\\\/baltagauja.eu\\\/wp-content\\\/uploads\\\/2024\\\/07\\\/PAIKKA-Handmade-Knit-green4.webp\",\"contentUrl\":\"https:\\\/\\\/baltagauja.eu\\\/wp-content\\\/uploads\\\/2024\\\/07\\\/PAIKKA-Handmade-Knit-green4.webp\",\"width\":1800,\"height\":1800,\"caption\":\"PAIKKA Handmade Knit green megzta liemen\u0117 \u0161uniui su vilna\"},{\"@type\":\"BreadcrumbList\",\"@id\":\"https:\\\/\\\/baltagauja.eu\\\/en\\\/shop\\\/knitted-sweaters\\\/paikka-visibility-raincoat-emerald-kopija\\\/#breadcrumb\",\"itemListElement\":[{\"@type\":\"ListItem\",\"position\":1,\"name\":\"Shop\",\"item\":\"https:\\\/\\\/baltagauja.eu\\\/en\\\/shop\\\/\"},{\"@type\":\"ListItem\",\"position\":2,\"name\":\"Knitted sweaters\",\"item\":\"https:\\\/\\\/baltagauja.eu\\\/en\\\/Product-category\\\/knitted-sweaters\\\/\"},{\"@type\":\"ListItem\",\"position\":3,\"name\":\"PAIKKA Handmade Knit Sweater Green\"}]},{\"@type\":\"WebSite\",\"@id\":\"https:\\\/\\\/baltagauja.eu\\\/en\\\/#website\",\"url\":\"https:\\\/\\\/baltagauja.eu\\\/en\\\/\",\"name\":\"baltagauja.eu\",\"description\":\"Kokybi\u0161kos prek\u0117s \u0161unims\",\"publisher\":{\"@id\":\"https:\\\/\\\/baltagauja.eu\\\/en\\\/#organization\"},\"potentialAction\":[{\"@type\":\"SearchAction\",\"target\":{\"@type\":\"EntryPoint\",\"urlTemplate\":\"https:\\\/\\\/baltagauja.eu\\\/en\\\/?s={search_term_string}\"},\"query-input\":{\"@type\":\"PropertyValueSpecification\",\"valueRequired\":true,\"valueName\":\"search_term_string\"}}],\"inLanguage\":\"en-US\"},{\"@type\":\"Organization\",\"@id\":\"https:\\\/\\\/baltagauja.eu\\\/en\\\/#organization\",\"name\":\"Balta gauja\",\"url\":\"https:\\\/\\\/baltagauja.eu\\\/en\\\/\",\"logo\":{\"@type\":\"ImageObject\",\"inLanguage\":\"en-US\",\"@id\":\"https:\\\/\\\/baltagauja.eu\\\/en\\\/#\\\/schema\\\/logo\\\/image\\\/\",\"url\":\"https:\\\/\\\/baltagauja.eu\\\/wp-content\\\/uploads\\\/2024\\\/05\\\/Color-logo-without-background6.png\",\"contentUrl\":\"https:\\\/\\\/baltagauja.eu\\\/wp-content\\\/uploads\\\/2024\\\/05\\\/Color-logo-without-background6.png\",\"width\":2103,\"height\":1336,\"caption\":\"Balta gauja\"},\"image\":{\"@id\":\"https:\\\/\\\/baltagauja.eu\\\/en\\\/#\\\/schema\\\/logo\\\/image\\\/\"},\"sameAs\":[\"https:\\\/\\\/www.facebook.com\\\/baltagauja.eu\"]}]}<\/script>\n<!-- \/ Yoast SEO plugin. -->","yoast_head_json":{"title":"PAIKKA Handmade Knit Sweater Green - Baltagauja","description":"This beautiful soft sweater is made of lamb wool blend. Wool has incredible warming qualities and natural moisture-wicking capacity.","robots":{"index":"index","follow":"follow","max-snippet":"max-snippet:-1","max-image-preview":"max-image-preview:large","max-video-preview":"max-video-preview:-1"},"canonical":"https:\/\/baltagauja.eu\/en\/shop\/knitted-sweaters\/paikka-visibility-raincoat-emerald-kopija\/","og_locale":"en_US","og_type":"article","og_title":"PAIKKA Handmade Knit Sweater Green - Baltagauja","og_description":"This beautiful soft sweater is made of lamb wool blend. Wool has incredible warming qualities and natural moisture-wicking capacity.","og_url":"https:\/\/baltagauja.eu\/en\/shop\/knitted-sweaters\/paikka-visibility-raincoat-emerald-kopija\/","og_site_name":"Baltagauja","article_publisher":"https:\/\/www.facebook.com\/baltagauja.eu","article_modified_time":"2024-07-09T11:23:31+00:00","og_image":[{"width":1800,"height":1800,"url":"https:\/\/baltagauja.eu\/wp-content\/uploads\/2024\/07\/PAIKKA-Handmade-Knit-green4.webp","type":"image\/webp"}],"twitter_card":"summary_large_image","schema":{"@context":"https:\/\/schema.org","@graph":[{"@type":"WebPage","@id":"https:\/\/baltagauja.eu\/en\/shop\/knitted-sweaters\/paikka-visibility-raincoat-emerald-kopija\/","url":"https:\/\/baltagauja.eu\/en\/shop\/knitted-sweaters\/paikka-visibility-raincoat-emerald-kopija\/","name":"PAIKKA Handmade Knit Sweater Green - Baltagauja","isPartOf":{"@id":"https:\/\/baltagauja.eu\/en\/#website"},"primaryImageOfPage":{"@id":"https:\/\/baltagauja.eu\/en\/shop\/knitted-sweaters\/paikka-visibility-raincoat-emerald-kopija\/#primaryimage"},"image":{"@id":"https:\/\/baltagauja.eu\/en\/shop\/knitted-sweaters\/paikka-visibility-raincoat-emerald-kopija\/#primaryimage"},"thumbnailUrl":"https:\/\/baltagauja.eu\/wp-content\/uploads\/2024\/07\/PAIKKA-Handmade-Knit-green4.webp","datePublished":"2024-07-09T10:55:40+00:00","dateModified":"2024-07-09T11:23:31+00:00","description":"This beautiful soft sweater is made of lamb wool blend. Wool has incredible warming qualities and natural moisture-wicking capacity.","breadcrumb":{"@id":"https:\/\/baltagauja.eu\/en\/shop\/knitted-sweaters\/paikka-visibility-raincoat-emerald-kopija\/#breadcrumb"},"inLanguage":"en-US","potentialAction":[{"@type":"ReadAction","target":["https:\/\/baltagauja.eu\/en\/shop\/knitted-sweaters\/paikka-visibility-raincoat-emerald-kopija\/"]}]},{"@type":"ImageObject","inLanguage":"en-US","@id":"https:\/\/baltagauja.eu\/en\/shop\/knitted-sweaters\/paikka-visibility-raincoat-emerald-kopija\/#primaryimage","url":"https:\/\/baltagauja.eu\/wp-content\/uploads\/2024\/07\/PAIKKA-Handmade-Knit-green4.webp","contentUrl":"https:\/\/baltagauja.eu\/wp-content\/uploads\/2024\/07\/PAIKKA-Handmade-Knit-green4.webp","width":1800,"height":1800,"caption":"PAIKKA Handmade Knit green megzta liemen\u0117 \u0161uniui su vilna"},{"@type":"BreadcrumbList","@id":"https:\/\/baltagauja.eu\/en\/shop\/knitted-sweaters\/paikka-visibility-raincoat-emerald-kopija\/#breadcrumb","itemListElement":[{"@type":"ListItem","position":1,"name":"Shop","item":"https:\/\/baltagauja.eu\/en\/shop\/"},{"@type":"ListItem","position":2,"name":"Knitted sweaters","item":"https:\/\/baltagauja.eu\/en\/Product-category\/knitted-sweaters\/"},{"@type":"ListItem","position":3,"name":"PAIKKA Handmade Knit Sweater Green"}]},{"@type":"WebSite","@id":"https:\/\/baltagauja.eu\/en\/#website","url":"https:\/\/baltagauja.eu\/en\/","name":"baltagauja.eu","description":"Kokybi\u0161kos prek\u0117s \u0161unims","publisher":{"@id":"https:\/\/baltagauja.eu\/en\/#organization"},"potentialAction":[{"@type":"SearchAction","target":{"@type":"EntryPoint","urlTemplate":"https:\/\/baltagauja.eu\/en\/?s={search_term_string}"},"query-input":{"@type":"PropertyValueSpecification","valueRequired":true,"valueName":"search_term_string"}}],"inLanguage":"en-US"},{"@type":"Organization","@id":"https:\/\/baltagauja.eu\/en\/#organization","name":"Balta gauja","url":"https:\/\/baltagauja.eu\/en\/","logo":{"@type":"ImageObject","inLanguage":"en-US","@id":"https:\/\/baltagauja.eu\/en\/#\/schema\/logo\/image\/","url":"https:\/\/baltagauja.eu\/wp-content\/uploads\/2024\/05\/Color-logo-without-background6.png","contentUrl":"https:\/\/baltagauja.eu\/wp-content\/uploads\/2024\/05\/Color-logo-without-background6.png","width":2103,"height":1336,"caption":"Balta gauja"},"image":{"@id":"https:\/\/baltagauja.eu\/en\/#\/schema\/logo\/image\/"},"sameAs":["https:\/\/www.facebook.com\/baltagauja.eu"]}]}},"jetpack_sharing_enabled":true,"_links":{"self":[{"href":"https:\/\/baltagauja.eu\/en\/wp-json\/wp\/v2\/product\/8700","targetHints":{"allow":["GET"]}}],"collection":[{"href":"https:\/\/baltagauja.eu\/en\/wp-json\/wp\/v2\/product"}],"about":[{"href":"https:\/\/baltagauja.eu\/en\/wp-json\/wp\/v2\/types\/product"}],"replies":[{"embeddable":true,"href":"https:\/\/baltagauja.eu\/en\/wp-json\/wp\/v2\/comments?post=8700"}],"wp:featuredmedia":[{"embeddable":true,"href":"https:\/\/baltagauja.eu\/en\/wp-json\/wp\/v2\/media\/8711"}],"wp:attachment":[{"href":"https:\/\/baltagauja.eu\/en\/wp-json\/wp\/v2\/media?parent=8700"}],"wp:term":[{"taxonomy":"product_brand","embeddable":true,"href":"https:\/\/baltagauja.eu\/en\/wp-json\/wp\/v2\/product_brand?post=8700"},{"taxonomy":"product_cat","embeddable":true,"href":"https:\/\/baltagauja.eu\/en\/wp-json\/wp\/v2\/product_cat?post=8700"},{"taxonomy":"product_tag","embeddable":true,"href":"https:\/\/baltagauja.eu\/en\/wp-json\/wp\/v2\/product_tag?post=8700"},{"taxonomy":"berocket_brand","embeddable":true,"href":"https:\/\/baltagauja.eu\/en\/wp-json\/wp\/v2\/berocket_brand?post=8700"}],"curies":[{"name":"wp","href":"https:\/\/api.w.org\/{rel}","templated":true}]}}