{"id":8730,"date":"2024-07-09T14:23:52","date_gmt":"2024-07-09T11:23:52","guid":{"rendered":"https:\/\/baltagauja.eu\/?post_type=product&#038;p=8730"},"modified":"2024-07-09T15:03:35","modified_gmt":"2024-07-09T12:03:35","slug":"paikka-handmade-knit-sweater-green-kopija","status":"publish","type":"product","link":"https:\/\/baltagauja.eu\/en\/shop\/other\/paikka-handmade-knit-sweater-green-kopija\/","title":{"rendered":"PAIKKA Cool Vest Snow Leo"},"content":{"rendered":"<p>PAIKKA Cool Vest is designed to help keep your dog comfortable when the temperature rises.<br \/>\nSoak the vest in cool water, squeeze out the excess water gently, and the vest is ready to use. The highly absorbent material efficiently evaporates water, providing a cooling effect for a prolonged period. The design of the vest ensures that the cooling effect is concentrated where it works best \u2013 around the chest and near the heart.<\/p>\n<p>&#8211; Cool fabric and water-absorbent padding<br \/>\n&#8211; Cooling effect powered by water alone<br \/>\n&#8211; Cooling effect concentrated on the chest area<br \/>\n&#8211; Adjustable at the neck and girth<br \/>\n&#8211; Elastic Velcro adjustment<br \/>\n&#8211; Easy to use, compatible also with harness<\/p>\n<p>The evaporative cooling vest performs best in hot, dry climates. Keep in mind that external elements such as temperature, wind, and sunlight will influence the intensity and duration of the cooling effect.<\/p>\n<p>Materials<br \/>\nFabric 1: 100% polyester<br \/>\nFabric 2: 82% polyamide, 18% elastane<br \/>\nPadding: 100% polyester<\/p>\n<p>Care<br \/>\nMachine wash at 30 degrees, gentle cycle. No bleach, no chemical wash, no tumble dry. Do not iron.<\/p>\n<table width=\"309\">\n<tbody>\n<tr>\n<td width=\"87\">Size<\/td>\n<td width=\"113\">Neckline<\/td>\n<td width=\"109\">Chest<\/td>\n<\/tr>\n<tr>\n<td>XXS<\/td>\n<td>24cm &#8211; 30cm<\/td>\n<td>36cm &#8211; 42cm<\/td>\n<\/tr>\n<tr>\n<td>XS<\/td>\n<td>28cm &#8211; 34cm<\/td>\n<td>40cm &#8211; 46cm<\/td>\n<\/tr>\n<tr>\n<td>S<\/td>\n<td>32cm &#8211; 40cm<\/td>\n<td>45cm &#8211; 54cm<\/td>\n<\/tr>\n<tr>\n<td>M<\/td>\n<td>36cm &#8211; 46cm<\/td>\n<td>52cm &#8211; 66cm<\/td>\n<\/tr>\n<tr>\n<td>L<\/td>\n<td>42cm &#8211; 54cm<\/td>\n<td>62cm &#8211; 80cm<\/td>\n<\/tr>\n<tr>\n<td>XL<\/td>\n<td>50cm &#8211; 64cm<\/td>\n<td>76cm &#8211; 86cm<\/td>\n<\/tr>\n<\/tbody>\n<\/table>\n","protected":false},"excerpt":{"rendered":"<p>PAIKKA Cool Vest is designed to help keep your dog comfortable when the temperature rises. Soak the vest in cool water, squeeze out the excess water gently, and the vest is ready to use. The highly absorbent material efficiently evaporates water, providing a cooling effect for a prolonged period. The design of the vest ensures [&hellip;]<\/p>\n","protected":false},"featured_media":8741,"comment_status":"open","ping_status":"closed","template":"","meta":{"site-sidebar-layout":"default","site-content-layout":"","ast-site-content-layout":"default","site-content-style":"default","site-sidebar-style":"default","ast-global-header-display":"","ast-banner-title-visibility":"","ast-main-header-display":"","ast-hfb-above-header-display":"","ast-hfb-below-header-display":"","ast-hfb-mobile-header-display":"","site-post-title":"","ast-breadcrumbs-content":"","ast-featured-img":"","footer-sml-layout":"","ast-disable-related-posts":"","theme-transparent-header-meta":"default","adv-header-id-meta":"","stick-header-meta":"default","header-above-stick-meta":"","header-main-stick-meta":"","header-below-stick-meta":"","astra-migrate-meta-layouts":"set","ast-page-background-enabled":"default","ast-page-background-meta":{"desktop":{"background-color":"","background-image":"","background-repeat":"repeat","background-position":"center center","background-size":"auto","background-attachment":"scroll","background-type":"","background-media":"","overlay-type":"","overlay-color":"","overlay-opacity":"","overlay-gradient":""},"tablet":{"background-color":"","background-image":"","background-repeat":"repeat","background-position":"center center","background-size":"auto","background-attachment":"scroll","background-type":"","background-media":"","overlay-type":"","overlay-color":"","overlay-opacity":"","overlay-gradient":""},"mobile":{"background-color":"","background-image":"","background-repeat":"repeat","background-position":"center center","background-size":"auto","background-attachment":"scroll","background-type":"","background-media":"","overlay-type":"","overlay-color":"","overlay-opacity":"","overlay-gradient":""}},"ast-content-background-meta":{"desktop":{"background-color":"var(--ast-global-color-5)","background-image":"","background-repeat":"repeat","background-position":"center center","background-size":"auto","background-attachment":"scroll","background-type":"","background-media":"","overlay-type":"","overlay-color":"","overlay-opacity":"","overlay-gradient":""},"tablet":{"background-color":"var(--ast-global-color-5)","background-image":"","background-repeat":"repeat","background-position":"center center","background-size":"auto","background-attachment":"scroll","background-type":"","background-media":"","overlay-type":"","overlay-color":"","overlay-opacity":"","overlay-gradient":""},"mobile":{"background-color":"var(--ast-global-color-5)","background-image":"","background-repeat":"repeat","background-position":"center center","background-size":"auto","background-attachment":"scroll","background-type":"","background-media":"","overlay-type":"","overlay-color":"","overlay-opacity":"","overlay-gradient":""}}},"product_brand":[],"product_cat":[126,246],"product_tag":[],"berocket_brand":[138],"class_list":{"0":"post-8730","1":"product","2":"type-product","3":"status-publish","4":"has-post-thumbnail","6":"product_cat-other","7":"product_cat-sale","8":"pa_rubu-dydis-paikka-l-en","9":"pa_rubu-dydis-paikka-m-en","10":"pa_suniuko-lytis-female","11":"pa_suniuko-lytis-male","12":"berocket_brand-paikka-en-2","13":"desktop-align-center","14":"tablet-align-center","15":"mobile-align-center","16":"ast-product-gallery-layout-horizontal-slider","17":"ast-product-single-variable","18":"ast-product-tabs-layout-horizontal","20":"first","21":"instock","22":"sale","23":"featured","24":"shipping-taxable","25":"purchasable","26":"product-type-variable"},"yoast_head":"<!-- This site is optimized with the Yoast SEO plugin v27.4 - https:\/\/yoast.com\/product\/yoast-seo-wordpress\/ -->\n<title>PAIKKA Cool Vest Snow Leo - Baltagauja<\/title>\n<meta name=\"description\" content=\"PAIKKA Cool Vest is designed to help keep your dog comfortable when the temperature rises. Soak the vest in cool water, squeeze out the excess water gently, and the vest is ready to use.\" \/>\n<meta name=\"robots\" content=\"index, follow, max-snippet:-1, max-image-preview:large, max-video-preview:-1\" \/>\n<link rel=\"canonical\" href=\"https:\/\/baltagauja.eu\/en\/shop\/other\/paikka-handmade-knit-sweater-green-kopija\/\" \/>\n<meta property=\"og:locale\" content=\"en_US\" \/>\n<meta property=\"og:type\" content=\"article\" \/>\n<meta property=\"og:title\" content=\"PAIKKA Cool Vest Snow Leo - Baltagauja\" \/>\n<meta property=\"og:description\" content=\"PAIKKA Cool Vest is designed to help keep your dog comfortable when the temperature rises. Soak the vest in cool water, squeeze out the excess water gently, and the vest is ready to use.\" \/>\n<meta property=\"og:url\" content=\"https:\/\/baltagauja.eu\/en\/shop\/other\/paikka-handmade-knit-sweater-green-kopija\/\" \/>\n<meta property=\"og:site_name\" content=\"Baltagauja\" \/>\n<meta property=\"article:publisher\" content=\"https:\/\/www.facebook.com\/baltagauja.eu\" \/>\n<meta property=\"article:modified_time\" content=\"2024-07-09T12:03:35+00:00\" \/>\n<meta property=\"og:image\" content=\"https:\/\/baltagauja.eu\/wp-content\/uploads\/2024\/07\/Harness_main_3.webp\" \/>\n\t<meta property=\"og:image:width\" content=\"1080\" \/>\n\t<meta property=\"og:image:height\" content=\"1350\" \/>\n\t<meta property=\"og:image:type\" content=\"image\/webp\" \/>\n<meta name=\"twitter:card\" content=\"summary_large_image\" \/>\n<meta name=\"twitter:label1\" content=\"Est. reading time\" \/>\n\t<meta name=\"twitter:data1\" content=\"1 minute\" \/>\n<script type=\"application\/ld+json\" class=\"yoast-schema-graph\">{\"@context\":\"https:\\\/\\\/schema.org\",\"@graph\":[{\"@type\":\"WebPage\",\"@id\":\"https:\\\/\\\/baltagauja.eu\\\/en\\\/shop\\\/other\\\/paikka-handmade-knit-sweater-green-kopija\\\/\",\"url\":\"https:\\\/\\\/baltagauja.eu\\\/en\\\/shop\\\/other\\\/paikka-handmade-knit-sweater-green-kopija\\\/\",\"name\":\"PAIKKA Cool Vest Snow Leo - Baltagauja\",\"isPartOf\":{\"@id\":\"https:\\\/\\\/baltagauja.eu\\\/en\\\/#website\"},\"primaryImageOfPage\":{\"@id\":\"https:\\\/\\\/baltagauja.eu\\\/en\\\/shop\\\/other\\\/paikka-handmade-knit-sweater-green-kopija\\\/#primaryimage\"},\"image\":{\"@id\":\"https:\\\/\\\/baltagauja.eu\\\/en\\\/shop\\\/other\\\/paikka-handmade-knit-sweater-green-kopija\\\/#primaryimage\"},\"thumbnailUrl\":\"https:\\\/\\\/baltagauja.eu\\\/wp-content\\\/uploads\\\/2024\\\/07\\\/Harness_main_3.webp\",\"datePublished\":\"2024-07-09T11:23:52+00:00\",\"dateModified\":\"2024-07-09T12:03:35+00:00\",\"description\":\"PAIKKA Cool Vest is designed to help keep your dog comfortable when the temperature rises. Soak the vest in cool water, squeeze out the excess water gently, and the vest is ready to use.\",\"breadcrumb\":{\"@id\":\"https:\\\/\\\/baltagauja.eu\\\/en\\\/shop\\\/other\\\/paikka-handmade-knit-sweater-green-kopija\\\/#breadcrumb\"},\"inLanguage\":\"en-US\",\"potentialAction\":[{\"@type\":\"ReadAction\",\"target\":[\"https:\\\/\\\/baltagauja.eu\\\/en\\\/shop\\\/other\\\/paikka-handmade-knit-sweater-green-kopija\\\/\"]}]},{\"@type\":\"ImageObject\",\"inLanguage\":\"en-US\",\"@id\":\"https:\\\/\\\/baltagauja.eu\\\/en\\\/shop\\\/other\\\/paikka-handmade-knit-sweater-green-kopija\\\/#primaryimage\",\"url\":\"https:\\\/\\\/baltagauja.eu\\\/wp-content\\\/uploads\\\/2024\\\/07\\\/Harness_main_3.webp\",\"contentUrl\":\"https:\\\/\\\/baltagauja.eu\\\/wp-content\\\/uploads\\\/2024\\\/07\\\/Harness_main_3.webp\",\"width\":1080,\"height\":1350,\"caption\":\"PAIKKA Cool liemen\u0117 Snow Leo\"},{\"@type\":\"BreadcrumbList\",\"@id\":\"https:\\\/\\\/baltagauja.eu\\\/en\\\/shop\\\/other\\\/paikka-handmade-knit-sweater-green-kopija\\\/#breadcrumb\",\"itemListElement\":[{\"@type\":\"ListItem\",\"position\":1,\"name\":\"Shop\",\"item\":\"https:\\\/\\\/baltagauja.eu\\\/en\\\/shop\\\/\"},{\"@type\":\"ListItem\",\"position\":2,\"name\":\"Other\",\"item\":\"https:\\\/\\\/baltagauja.eu\\\/en\\\/Product-category\\\/other\\\/\"},{\"@type\":\"ListItem\",\"position\":3,\"name\":\"PAIKKA Cool Vest Snow Leo\"}]},{\"@type\":\"WebSite\",\"@id\":\"https:\\\/\\\/baltagauja.eu\\\/en\\\/#website\",\"url\":\"https:\\\/\\\/baltagauja.eu\\\/en\\\/\",\"name\":\"baltagauja.eu\",\"description\":\"Kokybi\u0161kos prek\u0117s \u0161unims\",\"publisher\":{\"@id\":\"https:\\\/\\\/baltagauja.eu\\\/en\\\/#organization\"},\"potentialAction\":[{\"@type\":\"SearchAction\",\"target\":{\"@type\":\"EntryPoint\",\"urlTemplate\":\"https:\\\/\\\/baltagauja.eu\\\/en\\\/?s={search_term_string}\"},\"query-input\":{\"@type\":\"PropertyValueSpecification\",\"valueRequired\":true,\"valueName\":\"search_term_string\"}}],\"inLanguage\":\"en-US\"},{\"@type\":\"Organization\",\"@id\":\"https:\\\/\\\/baltagauja.eu\\\/en\\\/#organization\",\"name\":\"Balta gauja\",\"url\":\"https:\\\/\\\/baltagauja.eu\\\/en\\\/\",\"logo\":{\"@type\":\"ImageObject\",\"inLanguage\":\"en-US\",\"@id\":\"https:\\\/\\\/baltagauja.eu\\\/en\\\/#\\\/schema\\\/logo\\\/image\\\/\",\"url\":\"https:\\\/\\\/baltagauja.eu\\\/wp-content\\\/uploads\\\/2024\\\/05\\\/Color-logo-without-background6.png\",\"contentUrl\":\"https:\\\/\\\/baltagauja.eu\\\/wp-content\\\/uploads\\\/2024\\\/05\\\/Color-logo-without-background6.png\",\"width\":2103,\"height\":1336,\"caption\":\"Balta gauja\"},\"image\":{\"@id\":\"https:\\\/\\\/baltagauja.eu\\\/en\\\/#\\\/schema\\\/logo\\\/image\\\/\"},\"sameAs\":[\"https:\\\/\\\/www.facebook.com\\\/baltagauja.eu\"]}]}<\/script>\n<!-- \/ Yoast SEO plugin. -->","yoast_head_json":{"title":"PAIKKA Cool Vest Snow Leo - Baltagauja","description":"PAIKKA Cool Vest is designed to help keep your dog comfortable when the temperature rises. Soak the vest in cool water, squeeze out the excess water gently, and the vest is ready to use.","robots":{"index":"index","follow":"follow","max-snippet":"max-snippet:-1","max-image-preview":"max-image-preview:large","max-video-preview":"max-video-preview:-1"},"canonical":"https:\/\/baltagauja.eu\/en\/shop\/other\/paikka-handmade-knit-sweater-green-kopija\/","og_locale":"en_US","og_type":"article","og_title":"PAIKKA Cool Vest Snow Leo - Baltagauja","og_description":"PAIKKA Cool Vest is designed to help keep your dog comfortable when the temperature rises. Soak the vest in cool water, squeeze out the excess water gently, and the vest is ready to use.","og_url":"https:\/\/baltagauja.eu\/en\/shop\/other\/paikka-handmade-knit-sweater-green-kopija\/","og_site_name":"Baltagauja","article_publisher":"https:\/\/www.facebook.com\/baltagauja.eu","article_modified_time":"2024-07-09T12:03:35+00:00","og_image":[{"width":1080,"height":1350,"url":"https:\/\/baltagauja.eu\/wp-content\/uploads\/2024\/07\/Harness_main_3.webp","type":"image\/webp"}],"twitter_card":"summary_large_image","twitter_misc":{"Est. reading time":"1 minute"},"schema":{"@context":"https:\/\/schema.org","@graph":[{"@type":"WebPage","@id":"https:\/\/baltagauja.eu\/en\/shop\/other\/paikka-handmade-knit-sweater-green-kopija\/","url":"https:\/\/baltagauja.eu\/en\/shop\/other\/paikka-handmade-knit-sweater-green-kopija\/","name":"PAIKKA Cool Vest Snow Leo - Baltagauja","isPartOf":{"@id":"https:\/\/baltagauja.eu\/en\/#website"},"primaryImageOfPage":{"@id":"https:\/\/baltagauja.eu\/en\/shop\/other\/paikka-handmade-knit-sweater-green-kopija\/#primaryimage"},"image":{"@id":"https:\/\/baltagauja.eu\/en\/shop\/other\/paikka-handmade-knit-sweater-green-kopija\/#primaryimage"},"thumbnailUrl":"https:\/\/baltagauja.eu\/wp-content\/uploads\/2024\/07\/Harness_main_3.webp","datePublished":"2024-07-09T11:23:52+00:00","dateModified":"2024-07-09T12:03:35+00:00","description":"PAIKKA Cool Vest is designed to help keep your dog comfortable when the temperature rises. Soak the vest in cool water, squeeze out the excess water gently, and the vest is ready to use.","breadcrumb":{"@id":"https:\/\/baltagauja.eu\/en\/shop\/other\/paikka-handmade-knit-sweater-green-kopija\/#breadcrumb"},"inLanguage":"en-US","potentialAction":[{"@type":"ReadAction","target":["https:\/\/baltagauja.eu\/en\/shop\/other\/paikka-handmade-knit-sweater-green-kopija\/"]}]},{"@type":"ImageObject","inLanguage":"en-US","@id":"https:\/\/baltagauja.eu\/en\/shop\/other\/paikka-handmade-knit-sweater-green-kopija\/#primaryimage","url":"https:\/\/baltagauja.eu\/wp-content\/uploads\/2024\/07\/Harness_main_3.webp","contentUrl":"https:\/\/baltagauja.eu\/wp-content\/uploads\/2024\/07\/Harness_main_3.webp","width":1080,"height":1350,"caption":"PAIKKA Cool liemen\u0117 Snow Leo"},{"@type":"BreadcrumbList","@id":"https:\/\/baltagauja.eu\/en\/shop\/other\/paikka-handmade-knit-sweater-green-kopija\/#breadcrumb","itemListElement":[{"@type":"ListItem","position":1,"name":"Shop","item":"https:\/\/baltagauja.eu\/en\/shop\/"},{"@type":"ListItem","position":2,"name":"Other","item":"https:\/\/baltagauja.eu\/en\/Product-category\/other\/"},{"@type":"ListItem","position":3,"name":"PAIKKA Cool Vest Snow Leo"}]},{"@type":"WebSite","@id":"https:\/\/baltagauja.eu\/en\/#website","url":"https:\/\/baltagauja.eu\/en\/","name":"baltagauja.eu","description":"Kokybi\u0161kos prek\u0117s \u0161unims","publisher":{"@id":"https:\/\/baltagauja.eu\/en\/#organization"},"potentialAction":[{"@type":"SearchAction","target":{"@type":"EntryPoint","urlTemplate":"https:\/\/baltagauja.eu\/en\/?s={search_term_string}"},"query-input":{"@type":"PropertyValueSpecification","valueRequired":true,"valueName":"search_term_string"}}],"inLanguage":"en-US"},{"@type":"Organization","@id":"https:\/\/baltagauja.eu\/en\/#organization","name":"Balta gauja","url":"https:\/\/baltagauja.eu\/en\/","logo":{"@type":"ImageObject","inLanguage":"en-US","@id":"https:\/\/baltagauja.eu\/en\/#\/schema\/logo\/image\/","url":"https:\/\/baltagauja.eu\/wp-content\/uploads\/2024\/05\/Color-logo-without-background6.png","contentUrl":"https:\/\/baltagauja.eu\/wp-content\/uploads\/2024\/05\/Color-logo-without-background6.png","width":2103,"height":1336,"caption":"Balta gauja"},"image":{"@id":"https:\/\/baltagauja.eu\/en\/#\/schema\/logo\/image\/"},"sameAs":["https:\/\/www.facebook.com\/baltagauja.eu"]}]}},"jetpack_sharing_enabled":true,"_links":{"self":[{"href":"https:\/\/baltagauja.eu\/en\/wp-json\/wp\/v2\/product\/8730","targetHints":{"allow":["GET"]}}],"collection":[{"href":"https:\/\/baltagauja.eu\/en\/wp-json\/wp\/v2\/product"}],"about":[{"href":"https:\/\/baltagauja.eu\/en\/wp-json\/wp\/v2\/types\/product"}],"replies":[{"embeddable":true,"href":"https:\/\/baltagauja.eu\/en\/wp-json\/wp\/v2\/comments?post=8730"}],"wp:featuredmedia":[{"embeddable":true,"href":"https:\/\/baltagauja.eu\/en\/wp-json\/wp\/v2\/media\/8741"}],"wp:attachment":[{"href":"https:\/\/baltagauja.eu\/en\/wp-json\/wp\/v2\/media?parent=8730"}],"wp:term":[{"taxonomy":"product_brand","embeddable":true,"href":"https:\/\/baltagauja.eu\/en\/wp-json\/wp\/v2\/product_brand?post=8730"},{"taxonomy":"product_cat","embeddable":true,"href":"https:\/\/baltagauja.eu\/en\/wp-json\/wp\/v2\/product_cat?post=8730"},{"taxonomy":"product_tag","embeddable":true,"href":"https:\/\/baltagauja.eu\/en\/wp-json\/wp\/v2\/product_tag?post=8730"},{"taxonomy":"berocket_brand","embeddable":true,"href":"https:\/\/baltagauja.eu\/en\/wp-json\/wp\/v2\/berocket_brand?post=8730"}],"curies":[{"name":"wp","href":"https:\/\/api.w.org\/{rel}","templated":true}]}}