{"id":8752,"date":"2024-07-09T15:04:17","date_gmt":"2024-07-09T12:04:17","guid":{"rendered":"https:\/\/baltagauja.eu\/?post_type=product&#038;p=8752"},"modified":"2024-09-25T15:57:52","modified_gmt":"2024-09-25T12:57:52","slug":"paikka-cool-vest-snow-leo-kopija","status":"publish","type":"product","link":"https:\/\/baltagauja.eu\/en\/shop\/harness\/paikka-cool-vest-snow-leo-kopija\/","title":{"rendered":"PAIKKA Visibility Harness Dark"},"content":{"rendered":"<p>This harness prioritizes your dog&#8217;s movement, thanks to its padded chest part, dispersing pulling forces effectively. The signature reflective material guarantees visibility and safety during outdoor adventures. Quick side-release buckles on the girth strap and a sturdy aluminum buckle on the neck strap for easy dressing and individual adjustment possibilities around neck and girth. \u2013 Reflective material<br \/>\u2013 Comfortable fit enabling free movement<br \/>\u2013 Adjustable around neck and girth<br \/>\u2013 Easy to dress, opens from the neck<\/p>\n<p>Fabric: 96% polyester, 4% spandex<br \/>Aluminium hardwares, plastic buckle <\/p>\n<table width=\"309\">\n<tbody>\n<tr>\n<td width=\"87\">Size<\/td>\n<td width=\"113\">Harness neck <\/td>\n<td width=\"109\"> Harness girth<\/td>\n<\/tr>\n<tr>\n<td>XS<\/td>\n<td>34cm &#8211; 38cm<\/td>\n<td>39cm &#8211; 56cm<\/td>\n<\/tr>\n<tr>\n<td>S<\/td>\n<td>36cm &#8211; 42cm<\/td>\n<td>42cm &#8211; 68cm<\/td>\n<\/tr>\n<tr>\n<td>M<\/td>\n<td>40cm &#8211; 46cm<\/td>\n<td>48cm &#8211; 80cm<\/td>\n<\/tr>\n<tr>\n<td>L<\/td>\n<td>46cm &#8211; 54cm<\/td>\n<td>50cm &#8211; 92cm<\/td>\n<\/tr>\n<tr>\n<td>XL<\/td>\n<td>52cm &#8211; 60cm<\/td>\n<td>52cm &#8211; 104cm<\/td>\n<\/tr>\n<tr>\n<td>XXL<\/td>\n<td>58cm &#8211; 68cm<\/td>\n<td>54cm &#8211; 118cm<\/td>\n<\/tr>\n<\/tbody>\n<\/table>\n","protected":false},"excerpt":{"rendered":"<p>This harness prioritizes your dog&#8217;s movement, thanks to its padded chest part, dispersing pulling forces effectively. The signature reflective material guarantees visibility and safety during outdoor adventures. Quick side-release buckles on the girth strap and a sturdy aluminum buckle on the neck strap for easy dressing and individual adjustment possibilities around neck and girth. \u2013 [&hellip;]<\/p>\n","protected":false},"featured_media":8758,"comment_status":"open","ping_status":"closed","template":"","meta":{"site-sidebar-layout":"default","site-content-layout":"","ast-site-content-layout":"default","site-content-style":"default","site-sidebar-style":"default","ast-global-header-display":"","ast-banner-title-visibility":"","ast-main-header-display":"","ast-hfb-above-header-display":"","ast-hfb-below-header-display":"","ast-hfb-mobile-header-display":"","site-post-title":"","ast-breadcrumbs-content":"","ast-featured-img":"","footer-sml-layout":"","ast-disable-related-posts":"","theme-transparent-header-meta":"default","adv-header-id-meta":"","stick-header-meta":"default","header-above-stick-meta":"","header-main-stick-meta":"","header-below-stick-meta":"","astra-migrate-meta-layouts":"set","ast-page-background-enabled":"default","ast-page-background-meta":{"desktop":{"background-color":"","background-image":"","background-repeat":"repeat","background-position":"center center","background-size":"auto","background-attachment":"scroll","background-type":"","background-media":"","overlay-type":"","overlay-color":"","overlay-opacity":"","overlay-gradient":""},"tablet":{"background-color":"","background-image":"","background-repeat":"repeat","background-position":"center center","background-size":"auto","background-attachment":"scroll","background-type":"","background-media":"","overlay-type":"","overlay-color":"","overlay-opacity":"","overlay-gradient":""},"mobile":{"background-color":"","background-image":"","background-repeat":"repeat","background-position":"center center","background-size":"auto","background-attachment":"scroll","background-type":"","background-media":"","overlay-type":"","overlay-color":"","overlay-opacity":"","overlay-gradient":""}},"ast-content-background-meta":{"desktop":{"background-color":"var(--ast-global-color-5)","background-image":"","background-repeat":"repeat","background-position":"center center","background-size":"auto","background-attachment":"scroll","background-type":"","background-media":"","overlay-type":"","overlay-color":"","overlay-opacity":"","overlay-gradient":""},"tablet":{"background-color":"var(--ast-global-color-5)","background-image":"","background-repeat":"repeat","background-position":"center center","background-size":"auto","background-attachment":"scroll","background-type":"","background-media":"","overlay-type":"","overlay-color":"","overlay-opacity":"","overlay-gradient":""},"mobile":{"background-color":"var(--ast-global-color-5)","background-image":"","background-repeat":"repeat","background-position":"center center","background-size":"auto","background-attachment":"scroll","background-type":"","background-media":"","overlay-type":"","overlay-color":"","overlay-opacity":"","overlay-gradient":""}}},"product_brand":[],"product_cat":[110,246],"product_tag":[],"berocket_brand":[138],"class_list":{"0":"post-8752","1":"product","2":"type-product","3":"status-publish","4":"has-post-thumbnail","6":"product_cat-harness","7":"product_cat-sale","8":"pa_petnesu-dydis-s-en","9":"berocket_brand-paikka-en-2","10":"desktop-align-center","11":"tablet-align-center","12":"mobile-align-center","13":"ast-product-gallery-layout-horizontal-slider","14":"ast-product-single-variable","15":"ast-product-tabs-layout-horizontal","17":"first","18":"instock","19":"sale","20":"featured","21":"shipping-taxable","22":"purchasable","23":"product-type-variable","24":"has-default-attributes"},"yoast_head":"<!-- This site is optimized with the Yoast SEO plugin v27.4 - https:\/\/yoast.com\/product\/yoast-seo-wordpress\/ -->\n<title>PAIKKA Visibility Harness Dark - Baltagauja<\/title>\n<meta name=\"description\" content=\"This harness prioritizes your dog&#039;s movement, thanks to its padded chest part, dispersing pulling forces effectively. The signature reflective material guarantees visibility and safety during outdoor adventures.\" \/>\n<meta name=\"robots\" content=\"index, follow, max-snippet:-1, max-image-preview:large, max-video-preview:-1\" \/>\n<link rel=\"canonical\" href=\"https:\/\/baltagauja.eu\/en\/shop\/harness\/paikka-cool-vest-snow-leo-kopija\/\" \/>\n<meta property=\"og:locale\" content=\"en_US\" \/>\n<meta property=\"og:type\" content=\"article\" \/>\n<meta property=\"og:title\" content=\"PAIKKA Visibility Harness Dark - Baltagauja\" \/>\n<meta property=\"og:description\" content=\"This harness prioritizes your dog&#039;s movement, thanks to its padded chest part, dispersing pulling forces effectively. The signature reflective material guarantees visibility and safety during outdoor adventures.\" \/>\n<meta property=\"og:url\" content=\"https:\/\/baltagauja.eu\/en\/shop\/harness\/paikka-cool-vest-snow-leo-kopija\/\" \/>\n<meta property=\"og:site_name\" content=\"Baltagauja\" \/>\n<meta property=\"article:publisher\" content=\"https:\/\/www.facebook.com\/baltagauja.eu\" \/>\n<meta property=\"article:modified_time\" content=\"2024-09-25T12:57:52+00:00\" \/>\n<meta property=\"og:image\" content=\"https:\/\/baltagauja.eu\/wp-content\/uploads\/2024\/07\/KopioKopioKopioVISIBILITYHARNESSBLACKDETAILS.webp\" \/>\n\t<meta property=\"og:image:width\" content=\"1080\" \/>\n\t<meta property=\"og:image:height\" content=\"1350\" \/>\n\t<meta property=\"og:image:type\" content=\"image\/webp\" \/>\n<meta name=\"twitter:card\" content=\"summary_large_image\" \/>\n<meta name=\"twitter:label1\" content=\"Est. reading time\" \/>\n\t<meta name=\"twitter:data1\" content=\"1 minute\" \/>\n<script type=\"application\/ld+json\" class=\"yoast-schema-graph\">{\"@context\":\"https:\\\/\\\/schema.org\",\"@graph\":[{\"@type\":\"WebPage\",\"@id\":\"https:\\\/\\\/baltagauja.eu\\\/en\\\/shop\\\/harness\\\/paikka-cool-vest-snow-leo-kopija\\\/\",\"url\":\"https:\\\/\\\/baltagauja.eu\\\/en\\\/shop\\\/harness\\\/paikka-cool-vest-snow-leo-kopija\\\/\",\"name\":\"PAIKKA Visibility Harness Dark - Baltagauja\",\"isPartOf\":{\"@id\":\"https:\\\/\\\/baltagauja.eu\\\/en\\\/#website\"},\"primaryImageOfPage\":{\"@id\":\"https:\\\/\\\/baltagauja.eu\\\/en\\\/shop\\\/harness\\\/paikka-cool-vest-snow-leo-kopija\\\/#primaryimage\"},\"image\":{\"@id\":\"https:\\\/\\\/baltagauja.eu\\\/en\\\/shop\\\/harness\\\/paikka-cool-vest-snow-leo-kopija\\\/#primaryimage\"},\"thumbnailUrl\":\"https:\\\/\\\/baltagauja.eu\\\/wp-content\\\/uploads\\\/2024\\\/07\\\/KopioKopioKopioVISIBILITYHARNESSBLACKDETAILS.webp\",\"datePublished\":\"2024-07-09T12:04:17+00:00\",\"dateModified\":\"2024-09-25T12:57:52+00:00\",\"description\":\"This harness prioritizes your dog's movement, thanks to its padded chest part, dispersing pulling forces effectively. The signature reflective material guarantees visibility and safety during outdoor adventures.\",\"breadcrumb\":{\"@id\":\"https:\\\/\\\/baltagauja.eu\\\/en\\\/shop\\\/harness\\\/paikka-cool-vest-snow-leo-kopija\\\/#breadcrumb\"},\"inLanguage\":\"en-US\",\"potentialAction\":[{\"@type\":\"ReadAction\",\"target\":[\"https:\\\/\\\/baltagauja.eu\\\/en\\\/shop\\\/harness\\\/paikka-cool-vest-snow-leo-kopija\\\/\"]}]},{\"@type\":\"ImageObject\",\"inLanguage\":\"en-US\",\"@id\":\"https:\\\/\\\/baltagauja.eu\\\/en\\\/shop\\\/harness\\\/paikka-cool-vest-snow-leo-kopija\\\/#primaryimage\",\"url\":\"https:\\\/\\\/baltagauja.eu\\\/wp-content\\\/uploads\\\/2024\\\/07\\\/KopioKopioKopioVISIBILITYHARNESSBLACKDETAILS.webp\",\"contentUrl\":\"https:\\\/\\\/baltagauja.eu\\\/wp-content\\\/uploads\\\/2024\\\/07\\\/KopioKopioKopioVISIBILITYHARNESSBLACKDETAILS.webp\",\"width\":1080,\"height\":1350,\"caption\":\"PAIKKA Visibility Harness Dark \u0161vies\u0105 atspindin\u010dios petne\u0161os \u0161unims\"},{\"@type\":\"BreadcrumbList\",\"@id\":\"https:\\\/\\\/baltagauja.eu\\\/en\\\/shop\\\/harness\\\/paikka-cool-vest-snow-leo-kopija\\\/#breadcrumb\",\"itemListElement\":[{\"@type\":\"ListItem\",\"position\":1,\"name\":\"Shop\",\"item\":\"https:\\\/\\\/baltagauja.eu\\\/en\\\/shop\\\/\"},{\"@type\":\"ListItem\",\"position\":2,\"name\":\"Harness\",\"item\":\"https:\\\/\\\/baltagauja.eu\\\/en\\\/Product-category\\\/harness\\\/\"},{\"@type\":\"ListItem\",\"position\":3,\"name\":\"PAIKKA Visibility Harness Dark\"}]},{\"@type\":\"WebSite\",\"@id\":\"https:\\\/\\\/baltagauja.eu\\\/en\\\/#website\",\"url\":\"https:\\\/\\\/baltagauja.eu\\\/en\\\/\",\"name\":\"baltagauja.eu\",\"description\":\"Kokybi\u0161kos prek\u0117s \u0161unims\",\"publisher\":{\"@id\":\"https:\\\/\\\/baltagauja.eu\\\/en\\\/#organization\"},\"potentialAction\":[{\"@type\":\"SearchAction\",\"target\":{\"@type\":\"EntryPoint\",\"urlTemplate\":\"https:\\\/\\\/baltagauja.eu\\\/en\\\/?s={search_term_string}\"},\"query-input\":{\"@type\":\"PropertyValueSpecification\",\"valueRequired\":true,\"valueName\":\"search_term_string\"}}],\"inLanguage\":\"en-US\"},{\"@type\":\"Organization\",\"@id\":\"https:\\\/\\\/baltagauja.eu\\\/en\\\/#organization\",\"name\":\"Balta gauja\",\"url\":\"https:\\\/\\\/baltagauja.eu\\\/en\\\/\",\"logo\":{\"@type\":\"ImageObject\",\"inLanguage\":\"en-US\",\"@id\":\"https:\\\/\\\/baltagauja.eu\\\/en\\\/#\\\/schema\\\/logo\\\/image\\\/\",\"url\":\"https:\\\/\\\/baltagauja.eu\\\/wp-content\\\/uploads\\\/2024\\\/05\\\/Color-logo-without-background6.png\",\"contentUrl\":\"https:\\\/\\\/baltagauja.eu\\\/wp-content\\\/uploads\\\/2024\\\/05\\\/Color-logo-without-background6.png\",\"width\":2103,\"height\":1336,\"caption\":\"Balta gauja\"},\"image\":{\"@id\":\"https:\\\/\\\/baltagauja.eu\\\/en\\\/#\\\/schema\\\/logo\\\/image\\\/\"},\"sameAs\":[\"https:\\\/\\\/www.facebook.com\\\/baltagauja.eu\"]}]}<\/script>\n<!-- \/ Yoast SEO plugin. -->","yoast_head_json":{"title":"PAIKKA Visibility Harness Dark - Baltagauja","description":"This harness prioritizes your dog's movement, thanks to its padded chest part, dispersing pulling forces effectively. The signature reflective material guarantees visibility and safety during outdoor adventures.","robots":{"index":"index","follow":"follow","max-snippet":"max-snippet:-1","max-image-preview":"max-image-preview:large","max-video-preview":"max-video-preview:-1"},"canonical":"https:\/\/baltagauja.eu\/en\/shop\/harness\/paikka-cool-vest-snow-leo-kopija\/","og_locale":"en_US","og_type":"article","og_title":"PAIKKA Visibility Harness Dark - Baltagauja","og_description":"This harness prioritizes your dog's movement, thanks to its padded chest part, dispersing pulling forces effectively. The signature reflective material guarantees visibility and safety during outdoor adventures.","og_url":"https:\/\/baltagauja.eu\/en\/shop\/harness\/paikka-cool-vest-snow-leo-kopija\/","og_site_name":"Baltagauja","article_publisher":"https:\/\/www.facebook.com\/baltagauja.eu","article_modified_time":"2024-09-25T12:57:52+00:00","og_image":[{"width":1080,"height":1350,"url":"https:\/\/baltagauja.eu\/wp-content\/uploads\/2024\/07\/KopioKopioKopioVISIBILITYHARNESSBLACKDETAILS.webp","type":"image\/webp"}],"twitter_card":"summary_large_image","twitter_misc":{"Est. reading time":"1 minute"},"schema":{"@context":"https:\/\/schema.org","@graph":[{"@type":"WebPage","@id":"https:\/\/baltagauja.eu\/en\/shop\/harness\/paikka-cool-vest-snow-leo-kopija\/","url":"https:\/\/baltagauja.eu\/en\/shop\/harness\/paikka-cool-vest-snow-leo-kopija\/","name":"PAIKKA Visibility Harness Dark - Baltagauja","isPartOf":{"@id":"https:\/\/baltagauja.eu\/en\/#website"},"primaryImageOfPage":{"@id":"https:\/\/baltagauja.eu\/en\/shop\/harness\/paikka-cool-vest-snow-leo-kopija\/#primaryimage"},"image":{"@id":"https:\/\/baltagauja.eu\/en\/shop\/harness\/paikka-cool-vest-snow-leo-kopija\/#primaryimage"},"thumbnailUrl":"https:\/\/baltagauja.eu\/wp-content\/uploads\/2024\/07\/KopioKopioKopioVISIBILITYHARNESSBLACKDETAILS.webp","datePublished":"2024-07-09T12:04:17+00:00","dateModified":"2024-09-25T12:57:52+00:00","description":"This harness prioritizes your dog's movement, thanks to its padded chest part, dispersing pulling forces effectively. The signature reflective material guarantees visibility and safety during outdoor adventures.","breadcrumb":{"@id":"https:\/\/baltagauja.eu\/en\/shop\/harness\/paikka-cool-vest-snow-leo-kopija\/#breadcrumb"},"inLanguage":"en-US","potentialAction":[{"@type":"ReadAction","target":["https:\/\/baltagauja.eu\/en\/shop\/harness\/paikka-cool-vest-snow-leo-kopija\/"]}]},{"@type":"ImageObject","inLanguage":"en-US","@id":"https:\/\/baltagauja.eu\/en\/shop\/harness\/paikka-cool-vest-snow-leo-kopija\/#primaryimage","url":"https:\/\/baltagauja.eu\/wp-content\/uploads\/2024\/07\/KopioKopioKopioVISIBILITYHARNESSBLACKDETAILS.webp","contentUrl":"https:\/\/baltagauja.eu\/wp-content\/uploads\/2024\/07\/KopioKopioKopioVISIBILITYHARNESSBLACKDETAILS.webp","width":1080,"height":1350,"caption":"PAIKKA Visibility Harness Dark \u0161vies\u0105 atspindin\u010dios petne\u0161os \u0161unims"},{"@type":"BreadcrumbList","@id":"https:\/\/baltagauja.eu\/en\/shop\/harness\/paikka-cool-vest-snow-leo-kopija\/#breadcrumb","itemListElement":[{"@type":"ListItem","position":1,"name":"Shop","item":"https:\/\/baltagauja.eu\/en\/shop\/"},{"@type":"ListItem","position":2,"name":"Harness","item":"https:\/\/baltagauja.eu\/en\/Product-category\/harness\/"},{"@type":"ListItem","position":3,"name":"PAIKKA Visibility Harness Dark"}]},{"@type":"WebSite","@id":"https:\/\/baltagauja.eu\/en\/#website","url":"https:\/\/baltagauja.eu\/en\/","name":"baltagauja.eu","description":"Kokybi\u0161kos prek\u0117s \u0161unims","publisher":{"@id":"https:\/\/baltagauja.eu\/en\/#organization"},"potentialAction":[{"@type":"SearchAction","target":{"@type":"EntryPoint","urlTemplate":"https:\/\/baltagauja.eu\/en\/?s={search_term_string}"},"query-input":{"@type":"PropertyValueSpecification","valueRequired":true,"valueName":"search_term_string"}}],"inLanguage":"en-US"},{"@type":"Organization","@id":"https:\/\/baltagauja.eu\/en\/#organization","name":"Balta gauja","url":"https:\/\/baltagauja.eu\/en\/","logo":{"@type":"ImageObject","inLanguage":"en-US","@id":"https:\/\/baltagauja.eu\/en\/#\/schema\/logo\/image\/","url":"https:\/\/baltagauja.eu\/wp-content\/uploads\/2024\/05\/Color-logo-without-background6.png","contentUrl":"https:\/\/baltagauja.eu\/wp-content\/uploads\/2024\/05\/Color-logo-without-background6.png","width":2103,"height":1336,"caption":"Balta gauja"},"image":{"@id":"https:\/\/baltagauja.eu\/en\/#\/schema\/logo\/image\/"},"sameAs":["https:\/\/www.facebook.com\/baltagauja.eu"]}]}},"jetpack_sharing_enabled":true,"_links":{"self":[{"href":"https:\/\/baltagauja.eu\/en\/wp-json\/wp\/v2\/product\/8752","targetHints":{"allow":["GET"]}}],"collection":[{"href":"https:\/\/baltagauja.eu\/en\/wp-json\/wp\/v2\/product"}],"about":[{"href":"https:\/\/baltagauja.eu\/en\/wp-json\/wp\/v2\/types\/product"}],"replies":[{"embeddable":true,"href":"https:\/\/baltagauja.eu\/en\/wp-json\/wp\/v2\/comments?post=8752"}],"wp:featuredmedia":[{"embeddable":true,"href":"https:\/\/baltagauja.eu\/en\/wp-json\/wp\/v2\/media\/8758"}],"wp:attachment":[{"href":"https:\/\/baltagauja.eu\/en\/wp-json\/wp\/v2\/media?parent=8752"}],"wp:term":[{"taxonomy":"product_brand","embeddable":true,"href":"https:\/\/baltagauja.eu\/en\/wp-json\/wp\/v2\/product_brand?post=8752"},{"taxonomy":"product_cat","embeddable":true,"href":"https:\/\/baltagauja.eu\/en\/wp-json\/wp\/v2\/product_cat?post=8752"},{"taxonomy":"product_tag","embeddable":true,"href":"https:\/\/baltagauja.eu\/en\/wp-json\/wp\/v2\/product_tag?post=8752"},{"taxonomy":"berocket_brand","embeddable":true,"href":"https:\/\/baltagauja.eu\/en\/wp-json\/wp\/v2\/berocket_brand?post=8752"}],"curies":[{"name":"wp","href":"https:\/\/api.w.org\/{rel}","templated":true}]}}