{"id":8781,"date":"2024-07-10T17:32:33","date_gmt":"2024-07-10T14:32:33","guid":{"rendered":"https:\/\/baltagauja.eu\/parduotuve\/uncategorized\/cool-bowl\/"},"modified":"2024-08-16T15:48:54","modified_gmt":"2024-08-16T12:48:54","slug":"cool-bowl","status":"publish","type":"product","link":"https:\/\/baltagauja.eu\/en\/shop\/bowls\/cool-bowl\/","title":{"rendered":"Cool Bowl"},"content":{"rendered":"<p>Crafted from cooling ceramics using a patented production method, PAIKKA Cool Bowls are a game-changer in keeping water fresh and cool for extended periods. Activate the cooling effect by submerging the bowl in water for 45 seconds. Maintains water and food freshness while inhibiting bacterial growth. Bowls can also be used for controlled defrosting of raw pet food. &#8211; Promotes increased water consumption for dogs, ensuring optimal hydration and health &#8211; Maintains bowl coolness without external power &#8211; Handmade according to a patented production method &#8211; Scandinavian design Cooling ceramic material licensed by Magisso\u00ae 100% ceramic Care &#8211; Dishwasher safe, but make sure the dish does not move during washing.<\/p>\n","protected":false},"excerpt":{"rendered":"<p>Crafted from cooling ceramics using a patented production method, PAIKKA Cool Bowls are a game-changer in keeping water fresh and cool for extended periods. Activate the cooling effect by submerging the bowl in water for 45 seconds. Maintains water and food freshness while inhibiting bacterial growth. Bowls can also be used for controlled defrosting of [&hellip;]<\/p>\n","protected":false},"featured_media":8775,"comment_status":"open","ping_status":"closed","template":"","meta":{"site-sidebar-layout":"default","site-content-layout":"","ast-site-content-layout":"default","site-content-style":"default","site-sidebar-style":"default","ast-global-header-display":"","ast-banner-title-visibility":"","ast-main-header-display":"","ast-hfb-above-header-display":"","ast-hfb-below-header-display":"","ast-hfb-mobile-header-display":"","site-post-title":"","ast-breadcrumbs-content":"","ast-featured-img":"","footer-sml-layout":"","ast-disable-related-posts":"","theme-transparent-header-meta":"default","adv-header-id-meta":"","stick-header-meta":"default","header-above-stick-meta":"","header-main-stick-meta":"","header-below-stick-meta":"","astra-migrate-meta-layouts":"default","ast-page-background-enabled":"default","ast-page-background-meta":{"desktop":{"background-color":"","background-image":"","background-repeat":"repeat","background-position":"center center","background-size":"auto","background-attachment":"scroll","background-type":"","background-media":"","overlay-type":"","overlay-color":"","overlay-opacity":"","overlay-gradient":""},"tablet":{"background-color":"","background-image":"","background-repeat":"repeat","background-position":"center center","background-size":"auto","background-attachment":"scroll","background-type":"","background-media":"","overlay-type":"","overlay-color":"","overlay-opacity":"","overlay-gradient":""},"mobile":{"background-color":"","background-image":"","background-repeat":"repeat","background-position":"center center","background-size":"auto","background-attachment":"scroll","background-type":"","background-media":"","overlay-type":"","overlay-color":"","overlay-opacity":"","overlay-gradient":""}},"ast-content-background-meta":{"desktop":{"background-color":"var(--ast-global-color-5)","background-image":"","background-repeat":"repeat","background-position":"center center","background-size":"auto","background-attachment":"scroll","background-type":"","background-media":"","overlay-type":"","overlay-color":"","overlay-opacity":"","overlay-gradient":""},"tablet":{"background-color":"var(--ast-global-color-5)","background-image":"","background-repeat":"repeat","background-position":"center center","background-size":"auto","background-attachment":"scroll","background-type":"","background-media":"","overlay-type":"","overlay-color":"","overlay-opacity":"","overlay-gradient":""},"mobile":{"background-color":"var(--ast-global-color-5)","background-image":"","background-repeat":"repeat","background-position":"center center","background-size":"auto","background-attachment":"scroll","background-type":"","background-media":"","overlay-type":"","overlay-color":"","overlay-opacity":"","overlay-gradient":""}}},"product_brand":[],"product_cat":[118,241],"product_tag":[],"berocket_brand":[129],"class_list":{"0":"post-8781","1":"product","2":"type-product","3":"status-publish","4":"has-post-thumbnail","6":"product_cat-dubeneliai","7":"product_cat-ispardavimas","8":"pa_dubenelio-dydis-l","9":"pa_dubenelio-dydis-m","10":"pa_dubenelio-dydis-s","11":"pa_suniuko-lytis-kalyte","12":"pa_suniuko-lytis-patinukas","13":"berocket_brand-paikka","14":"desktop-align-center","15":"tablet-align-center","16":"mobile-align-center","17":"ast-product-gallery-layout-horizontal-slider","18":"ast-product-single-variable","19":"ast-product-tabs-layout-horizontal","21":"first","22":"instock","23":"sale","24":"shipping-taxable","25":"purchasable","26":"product-type-variable"},"yoast_head":"<!-- This site is optimized with the Yoast SEO plugin v27.4 - https:\/\/yoast.com\/product\/yoast-seo-wordpress\/ -->\n<title>Cool Bowl - Baltagauja<\/title>\n<meta name=\"description\" content=\"Crafted from cooling ceramics using a patented production method. Maintains water and food freshness.\" \/>\n<meta name=\"robots\" content=\"index, follow, max-snippet:-1, max-image-preview:large, max-video-preview:-1\" \/>\n<link rel=\"canonical\" href=\"https:\/\/baltagauja.eu\/en\/shop\/bowls\/cool-bowl\/\" \/>\n<meta property=\"og:locale\" content=\"en_US\" \/>\n<meta property=\"og:type\" content=\"article\" \/>\n<meta property=\"og:title\" content=\"Cool Bowl - Baltagauja\" \/>\n<meta property=\"og:description\" content=\"Crafted from cooling ceramics using a patented production method. Maintains water and food freshness.\" \/>\n<meta property=\"og:url\" content=\"https:\/\/baltagauja.eu\/en\/shop\/bowls\/cool-bowl\/\" \/>\n<meta property=\"og:site_name\" content=\"Baltagauja\" \/>\n<meta property=\"article:publisher\" content=\"https:\/\/www.facebook.com\/baltagauja.eu\" \/>\n<meta property=\"article:modified_time\" content=\"2024-08-16T12:48:54+00:00\" \/>\n<meta property=\"og:image\" content=\"https:\/\/baltagauja.eu\/wp-content\/uploads\/2024\/07\/1010001_PAIKKA_Slow_Feed_Bowl_Dark_L_2_2dc92fd3-bf05-4daa-b440-5759b3dc0c8c.webp\" \/>\n\t<meta property=\"og:image:width\" content=\"1080\" \/>\n\t<meta property=\"og:image:height\" content=\"1350\" \/>\n\t<meta property=\"og:image:type\" content=\"image\/webp\" \/>\n<meta name=\"twitter:card\" content=\"summary_large_image\" \/>\n<meta name=\"twitter:label1\" content=\"Est. reading time\" \/>\n\t<meta name=\"twitter:data1\" content=\"1 minute\" \/>\n<script type=\"application\/ld+json\" class=\"yoast-schema-graph\">{\"@context\":\"https:\\\/\\\/schema.org\",\"@graph\":[{\"@type\":\"WebPage\",\"@id\":\"https:\\\/\\\/baltagauja.eu\\\/en\\\/shop\\\/bowls\\\/cool-bowl\\\/\",\"url\":\"https:\\\/\\\/baltagauja.eu\\\/en\\\/shop\\\/bowls\\\/cool-bowl\\\/\",\"name\":\"Cool Bowl - Baltagauja\",\"isPartOf\":{\"@id\":\"https:\\\/\\\/baltagauja.eu\\\/en\\\/#website\"},\"primaryImageOfPage\":{\"@id\":\"https:\\\/\\\/baltagauja.eu\\\/en\\\/shop\\\/bowls\\\/cool-bowl\\\/#primaryimage\"},\"image\":{\"@id\":\"https:\\\/\\\/baltagauja.eu\\\/en\\\/shop\\\/bowls\\\/cool-bowl\\\/#primaryimage\"},\"thumbnailUrl\":\"https:\\\/\\\/baltagauja.eu\\\/wp-content\\\/uploads\\\/2024\\\/07\\\/1010001_PAIKKA_Slow_Feed_Bowl_Dark_L_2_2dc92fd3-bf05-4daa-b440-5759b3dc0c8c.webp\",\"datePublished\":\"2024-07-10T14:32:33+00:00\",\"dateModified\":\"2024-08-16T12:48:54+00:00\",\"description\":\"Crafted from cooling ceramics using a patented production method. Maintains water and food freshness.\",\"breadcrumb\":{\"@id\":\"https:\\\/\\\/baltagauja.eu\\\/en\\\/shop\\\/bowls\\\/cool-bowl\\\/#breadcrumb\"},\"inLanguage\":\"en-US\",\"potentialAction\":[{\"@type\":\"ReadAction\",\"target\":[\"https:\\\/\\\/baltagauja.eu\\\/en\\\/shop\\\/bowls\\\/cool-bowl\\\/\"]}]},{\"@type\":\"ImageObject\",\"inLanguage\":\"en-US\",\"@id\":\"https:\\\/\\\/baltagauja.eu\\\/en\\\/shop\\\/bowls\\\/cool-bowl\\\/#primaryimage\",\"url\":\"https:\\\/\\\/baltagauja.eu\\\/wp-content\\\/uploads\\\/2024\\\/07\\\/1010001_PAIKKA_Slow_Feed_Bowl_Dark_L_2_2dc92fd3-bf05-4daa-b440-5759b3dc0c8c.webp\",\"contentUrl\":\"https:\\\/\\\/baltagauja.eu\\\/wp-content\\\/uploads\\\/2024\\\/07\\\/1010001_PAIKKA_Slow_Feed_Bowl_Dark_L_2_2dc92fd3-bf05-4daa-b440-5759b3dc0c8c.webp\",\"width\":1080,\"height\":1350,\"caption\":\"Paikka\"},{\"@type\":\"BreadcrumbList\",\"@id\":\"https:\\\/\\\/baltagauja.eu\\\/en\\\/shop\\\/bowls\\\/cool-bowl\\\/#breadcrumb\",\"itemListElement\":[{\"@type\":\"ListItem\",\"position\":1,\"name\":\"Shop\",\"item\":\"https:\\\/\\\/baltagauja.eu\\\/en\\\/shop\\\/\"},{\"@type\":\"ListItem\",\"position\":2,\"name\":\"Bowls\",\"item\":\"https:\\\/\\\/baltagauja.eu\\\/en\\\/Product-category\\\/bowls\\\/\"},{\"@type\":\"ListItem\",\"position\":3,\"name\":\"Cool Bowl\"}]},{\"@type\":\"WebSite\",\"@id\":\"https:\\\/\\\/baltagauja.eu\\\/en\\\/#website\",\"url\":\"https:\\\/\\\/baltagauja.eu\\\/en\\\/\",\"name\":\"baltagauja.eu\",\"description\":\"Kokybi\u0161kos prek\u0117s \u0161unims\",\"publisher\":{\"@id\":\"https:\\\/\\\/baltagauja.eu\\\/en\\\/#organization\"},\"potentialAction\":[{\"@type\":\"SearchAction\",\"target\":{\"@type\":\"EntryPoint\",\"urlTemplate\":\"https:\\\/\\\/baltagauja.eu\\\/en\\\/?s={search_term_string}\"},\"query-input\":{\"@type\":\"PropertyValueSpecification\",\"valueRequired\":true,\"valueName\":\"search_term_string\"}}],\"inLanguage\":\"en-US\"},{\"@type\":\"Organization\",\"@id\":\"https:\\\/\\\/baltagauja.eu\\\/en\\\/#organization\",\"name\":\"Balta gauja\",\"url\":\"https:\\\/\\\/baltagauja.eu\\\/en\\\/\",\"logo\":{\"@type\":\"ImageObject\",\"inLanguage\":\"en-US\",\"@id\":\"https:\\\/\\\/baltagauja.eu\\\/en\\\/#\\\/schema\\\/logo\\\/image\\\/\",\"url\":\"https:\\\/\\\/baltagauja.eu\\\/wp-content\\\/uploads\\\/2024\\\/05\\\/Color-logo-without-background6.png\",\"contentUrl\":\"https:\\\/\\\/baltagauja.eu\\\/wp-content\\\/uploads\\\/2024\\\/05\\\/Color-logo-without-background6.png\",\"width\":2103,\"height\":1336,\"caption\":\"Balta gauja\"},\"image\":{\"@id\":\"https:\\\/\\\/baltagauja.eu\\\/en\\\/#\\\/schema\\\/logo\\\/image\\\/\"},\"sameAs\":[\"https:\\\/\\\/www.facebook.com\\\/baltagauja.eu\"]}]}<\/script>\n<!-- \/ Yoast SEO plugin. -->","yoast_head_json":{"title":"Cool Bowl - Baltagauja","description":"Crafted from cooling ceramics using a patented production method. Maintains water and food freshness.","robots":{"index":"index","follow":"follow","max-snippet":"max-snippet:-1","max-image-preview":"max-image-preview:large","max-video-preview":"max-video-preview:-1"},"canonical":"https:\/\/baltagauja.eu\/en\/shop\/bowls\/cool-bowl\/","og_locale":"en_US","og_type":"article","og_title":"Cool Bowl - Baltagauja","og_description":"Crafted from cooling ceramics using a patented production method. Maintains water and food freshness.","og_url":"https:\/\/baltagauja.eu\/en\/shop\/bowls\/cool-bowl\/","og_site_name":"Baltagauja","article_publisher":"https:\/\/www.facebook.com\/baltagauja.eu","article_modified_time":"2024-08-16T12:48:54+00:00","og_image":[{"width":1080,"height":1350,"url":"https:\/\/baltagauja.eu\/wp-content\/uploads\/2024\/07\/1010001_PAIKKA_Slow_Feed_Bowl_Dark_L_2_2dc92fd3-bf05-4daa-b440-5759b3dc0c8c.webp","type":"image\/webp"}],"twitter_card":"summary_large_image","twitter_misc":{"Est. reading time":"1 minute"},"schema":{"@context":"https:\/\/schema.org","@graph":[{"@type":"WebPage","@id":"https:\/\/baltagauja.eu\/en\/shop\/bowls\/cool-bowl\/","url":"https:\/\/baltagauja.eu\/en\/shop\/bowls\/cool-bowl\/","name":"Cool Bowl - Baltagauja","isPartOf":{"@id":"https:\/\/baltagauja.eu\/en\/#website"},"primaryImageOfPage":{"@id":"https:\/\/baltagauja.eu\/en\/shop\/bowls\/cool-bowl\/#primaryimage"},"image":{"@id":"https:\/\/baltagauja.eu\/en\/shop\/bowls\/cool-bowl\/#primaryimage"},"thumbnailUrl":"https:\/\/baltagauja.eu\/wp-content\/uploads\/2024\/07\/1010001_PAIKKA_Slow_Feed_Bowl_Dark_L_2_2dc92fd3-bf05-4daa-b440-5759b3dc0c8c.webp","datePublished":"2024-07-10T14:32:33+00:00","dateModified":"2024-08-16T12:48:54+00:00","description":"Crafted from cooling ceramics using a patented production method. Maintains water and food freshness.","breadcrumb":{"@id":"https:\/\/baltagauja.eu\/en\/shop\/bowls\/cool-bowl\/#breadcrumb"},"inLanguage":"en-US","potentialAction":[{"@type":"ReadAction","target":["https:\/\/baltagauja.eu\/en\/shop\/bowls\/cool-bowl\/"]}]},{"@type":"ImageObject","inLanguage":"en-US","@id":"https:\/\/baltagauja.eu\/en\/shop\/bowls\/cool-bowl\/#primaryimage","url":"https:\/\/baltagauja.eu\/wp-content\/uploads\/2024\/07\/1010001_PAIKKA_Slow_Feed_Bowl_Dark_L_2_2dc92fd3-bf05-4daa-b440-5759b3dc0c8c.webp","contentUrl":"https:\/\/baltagauja.eu\/wp-content\/uploads\/2024\/07\/1010001_PAIKKA_Slow_Feed_Bowl_Dark_L_2_2dc92fd3-bf05-4daa-b440-5759b3dc0c8c.webp","width":1080,"height":1350,"caption":"Paikka"},{"@type":"BreadcrumbList","@id":"https:\/\/baltagauja.eu\/en\/shop\/bowls\/cool-bowl\/#breadcrumb","itemListElement":[{"@type":"ListItem","position":1,"name":"Shop","item":"https:\/\/baltagauja.eu\/en\/shop\/"},{"@type":"ListItem","position":2,"name":"Bowls","item":"https:\/\/baltagauja.eu\/en\/Product-category\/bowls\/"},{"@type":"ListItem","position":3,"name":"Cool Bowl"}]},{"@type":"WebSite","@id":"https:\/\/baltagauja.eu\/en\/#website","url":"https:\/\/baltagauja.eu\/en\/","name":"baltagauja.eu","description":"Kokybi\u0161kos prek\u0117s \u0161unims","publisher":{"@id":"https:\/\/baltagauja.eu\/en\/#organization"},"potentialAction":[{"@type":"SearchAction","target":{"@type":"EntryPoint","urlTemplate":"https:\/\/baltagauja.eu\/en\/?s={search_term_string}"},"query-input":{"@type":"PropertyValueSpecification","valueRequired":true,"valueName":"search_term_string"}}],"inLanguage":"en-US"},{"@type":"Organization","@id":"https:\/\/baltagauja.eu\/en\/#organization","name":"Balta gauja","url":"https:\/\/baltagauja.eu\/en\/","logo":{"@type":"ImageObject","inLanguage":"en-US","@id":"https:\/\/baltagauja.eu\/en\/#\/schema\/logo\/image\/","url":"https:\/\/baltagauja.eu\/wp-content\/uploads\/2024\/05\/Color-logo-without-background6.png","contentUrl":"https:\/\/baltagauja.eu\/wp-content\/uploads\/2024\/05\/Color-logo-without-background6.png","width":2103,"height":1336,"caption":"Balta gauja"},"image":{"@id":"https:\/\/baltagauja.eu\/en\/#\/schema\/logo\/image\/"},"sameAs":["https:\/\/www.facebook.com\/baltagauja.eu"]}]}},"jetpack_sharing_enabled":true,"_links":{"self":[{"href":"https:\/\/baltagauja.eu\/en\/wp-json\/wp\/v2\/product\/8781","targetHints":{"allow":["GET"]}}],"collection":[{"href":"https:\/\/baltagauja.eu\/en\/wp-json\/wp\/v2\/product"}],"about":[{"href":"https:\/\/baltagauja.eu\/en\/wp-json\/wp\/v2\/types\/product"}],"replies":[{"embeddable":true,"href":"https:\/\/baltagauja.eu\/en\/wp-json\/wp\/v2\/comments?post=8781"}],"wp:featuredmedia":[{"embeddable":true,"href":"https:\/\/baltagauja.eu\/en\/wp-json\/wp\/v2\/media\/8775"}],"wp:attachment":[{"href":"https:\/\/baltagauja.eu\/en\/wp-json\/wp\/v2\/media?parent=8781"}],"wp:term":[{"taxonomy":"product_brand","embeddable":true,"href":"https:\/\/baltagauja.eu\/en\/wp-json\/wp\/v2\/product_brand?post=8781"},{"taxonomy":"product_cat","embeddable":true,"href":"https:\/\/baltagauja.eu\/en\/wp-json\/wp\/v2\/product_cat?post=8781"},{"taxonomy":"product_tag","embeddable":true,"href":"https:\/\/baltagauja.eu\/en\/wp-json\/wp\/v2\/product_tag?post=8781"},{"taxonomy":"berocket_brand","embeddable":true,"href":"https:\/\/baltagauja.eu\/en\/wp-json\/wp\/v2\/berocket_brand?post=8781"}],"curies":[{"name":"wp","href":"https:\/\/api.w.org\/{rel}","templated":true}]}}