{"id":8811,"date":"2024-07-11T16:17:10","date_gmt":"2024-07-11T13:17:10","guid":{"rendered":"https:\/\/baltagauja.eu\/?post_type=product&#038;p=8811"},"modified":"2024-09-25T16:00:17","modified_gmt":"2024-09-25T13:00:17","slug":"demi-seasonal-navy-blue-boots-kopija","status":"publish","type":"product","link":"https:\/\/baltagauja.eu\/en\/shop\/boots\/demi-seasonal-navy-blue-boots-kopija\/","title":{"rendered":"PAIKKA Dog Shoes"},"content":{"rendered":"<p>PAIKKA All-Weather Dog Shoes \u2013 the ultimate protection for paws. These premium shoes, made from durable neoprene, offer a reliable shield against extreme temperatures, from scorching hot pavement to icy cold ground. The anatomic sole ensures excellent support and comfort, even on sharp terrains. With adjustable Velcro fastenings, PAIKKA All-Weather Dog Shoes provide a secure and custom fit for any adventure. Keep your dog&#8217;s paws safe and comfortable in all conditions with PAIKKA! <img fetchpriority=\"high\" decoding=\"async\" class=\"alignnone size-medium wp-image-8821\" src=\"https:\/\/baltagauja.eu\/wp-content\/uploads\/2024\/07\/Lisaa_otsikko-240x300.webp\" alt=\"\" width=\"240\" height=\"300\" srcset=\"https:\/\/baltagauja.eu\/wp-content\/uploads\/2024\/07\/Lisaa_otsikko-240x300.webp 240w, https:\/\/baltagauja.eu\/wp-content\/uploads\/2024\/07\/Lisaa_otsikko-819x1024.webp 819w, https:\/\/baltagauja.eu\/wp-content\/uploads\/2024\/07\/Lisaa_otsikko-768x960.webp 768w, https:\/\/baltagauja.eu\/wp-content\/uploads\/2024\/07\/Lisaa_otsikko-600x750.webp 600w, https:\/\/baltagauja.eu\/wp-content\/uploads\/2024\/07\/Lisaa_otsikko-64x80.webp 64w, https:\/\/baltagauja.eu\/wp-content\/uploads\/2024\/07\/Lisaa_otsikko.webp 1080w\" sizes=\"(max-width: 240px) 100vw, 240px\" \/><\/p>\n","protected":false},"excerpt":{"rendered":"<p>PAIKKA All-Weather Dog Shoes \u2013 the ultimate protection for paws. These premium shoes, made from durable neoprene, offer a reliable shield against extreme temperatures, from scorching hot pavement to icy cold ground. The anatomic sole ensures excellent support and comfort, even on sharp terrains. With adjustable Velcro fastenings, PAIKKA All-Weather Dog Shoes provide a secure [&hellip;]<\/p>\n","protected":false},"featured_media":8816,"comment_status":"open","ping_status":"closed","template":"","meta":{"site-sidebar-layout":"default","site-content-layout":"","ast-site-content-layout":"default","site-content-style":"default","site-sidebar-style":"default","ast-global-header-display":"","ast-banner-title-visibility":"","ast-main-header-display":"","ast-hfb-above-header-display":"","ast-hfb-below-header-display":"","ast-hfb-mobile-header-display":"","site-post-title":"","ast-breadcrumbs-content":"","ast-featured-img":"","footer-sml-layout":"","ast-disable-related-posts":"","theme-transparent-header-meta":"default","adv-header-id-meta":"","stick-header-meta":"default","header-above-stick-meta":"","header-main-stick-meta":"","header-below-stick-meta":"","astra-migrate-meta-layouts":"set","ast-page-background-enabled":"default","ast-page-background-meta":{"desktop":{"background-color":"","background-image":"","background-repeat":"repeat","background-position":"center center","background-size":"auto","background-attachment":"scroll","background-type":"","background-media":"","overlay-type":"","overlay-color":"","overlay-opacity":"","overlay-gradient":""},"tablet":{"background-color":"","background-image":"","background-repeat":"repeat","background-position":"center center","background-size":"auto","background-attachment":"scroll","background-type":"","background-media":"","overlay-type":"","overlay-color":"","overlay-opacity":"","overlay-gradient":""},"mobile":{"background-color":"","background-image":"","background-repeat":"repeat","background-position":"center center","background-size":"auto","background-attachment":"scroll","background-type":"","background-media":"","overlay-type":"","overlay-color":"","overlay-opacity":"","overlay-gradient":""}},"ast-content-background-meta":{"desktop":{"background-color":"var(--ast-global-color-5)","background-image":"","background-repeat":"repeat","background-position":"center center","background-size":"auto","background-attachment":"scroll","background-type":"","background-media":"","overlay-type":"","overlay-color":"","overlay-opacity":"","overlay-gradient":""},"tablet":{"background-color":"var(--ast-global-color-5)","background-image":"","background-repeat":"repeat","background-position":"center center","background-size":"auto","background-attachment":"scroll","background-type":"","background-media":"","overlay-type":"","overlay-color":"","overlay-opacity":"","overlay-gradient":""},"mobile":{"background-color":"var(--ast-global-color-5)","background-image":"","background-repeat":"repeat","background-position":"center center","background-size":"auto","background-attachment":"scroll","background-type":"","background-media":"","overlay-type":"","overlay-color":"","overlay-opacity":"","overlay-gradient":""}}},"product_brand":[],"product_cat":[114],"product_tag":[],"berocket_brand":[138],"class_list":{"0":"post-8811","1":"product","2":"type-product","3":"status-publish","4":"has-post-thumbnail","6":"product_cat-boots","7":"pa_batu-dydis-1-en","8":"pa_batu-dydis-2-en","9":"pa_batu-dydis-3-en","10":"pa_batu-dydis-4-en","11":"pa_batu-dydis-5-en","12":"pa_suniuko-lytis-female","13":"pa_suniuko-lytis-male","14":"berocket_brand-paikka-en-2","15":"desktop-align-center","16":"tablet-align-center","17":"mobile-align-center","18":"ast-product-gallery-layout-horizontal-slider","19":"ast-product-single-variable","20":"ast-product-tabs-layout-horizontal","22":"first","23":"instock","24":"featured","25":"shipping-taxable","26":"purchasable","27":"product-type-variable"},"yoast_head":"<!-- This site is optimized with the Yoast SEO plugin v27.4 - https:\/\/yoast.com\/product\/yoast-seo-wordpress\/ -->\n<title>PAIKKA Dog Shoes - Baltagauja<\/title>\n<meta name=\"description\" content=\"These premium shoes, made from durable neoprene, offer a reliable shield against extreme temperatures, from scorching hot pavement to icy cold ground.\" \/>\n<meta name=\"robots\" content=\"index, follow, max-snippet:-1, max-image-preview:large, max-video-preview:-1\" \/>\n<link rel=\"canonical\" href=\"https:\/\/baltagauja.eu\/en\/shop\/boots\/demi-seasonal-navy-blue-boots-kopija\/\" \/>\n<meta property=\"og:locale\" content=\"en_US\" \/>\n<meta property=\"og:type\" content=\"article\" \/>\n<meta property=\"og:title\" content=\"PAIKKA Dog Shoes - Baltagauja\" \/>\n<meta property=\"og:description\" content=\"These premium shoes, made from durable neoprene, offer a reliable shield against extreme temperatures, from scorching hot pavement to icy cold ground.\" \/>\n<meta property=\"og:url\" content=\"https:\/\/baltagauja.eu\/en\/shop\/boots\/demi-seasonal-navy-blue-boots-kopija\/\" \/>\n<meta property=\"og:site_name\" content=\"Baltagauja\" \/>\n<meta property=\"article:publisher\" content=\"https:\/\/www.facebook.com\/baltagauja.eu\" \/>\n<meta property=\"article:modified_time\" content=\"2024-09-25T13:00:17+00:00\" \/>\n<meta property=\"og:image\" content=\"https:\/\/baltagauja.eu\/wp-content\/uploads\/2024\/07\/Boots_Black_side.webp\" \/>\n\t<meta property=\"og:image:width\" content=\"1080\" \/>\n\t<meta property=\"og:image:height\" content=\"1350\" \/>\n\t<meta property=\"og:image:type\" content=\"image\/webp\" \/>\n<meta name=\"twitter:card\" content=\"summary_large_image\" \/>\n<script type=\"application\/ld+json\" class=\"yoast-schema-graph\">{\"@context\":\"https:\\\/\\\/schema.org\",\"@graph\":[{\"@type\":\"WebPage\",\"@id\":\"https:\\\/\\\/baltagauja.eu\\\/en\\\/shop\\\/boots\\\/demi-seasonal-navy-blue-boots-kopija\\\/\",\"url\":\"https:\\\/\\\/baltagauja.eu\\\/en\\\/shop\\\/boots\\\/demi-seasonal-navy-blue-boots-kopija\\\/\",\"name\":\"PAIKKA Dog Shoes - Baltagauja\",\"isPartOf\":{\"@id\":\"https:\\\/\\\/baltagauja.eu\\\/en\\\/#website\"},\"primaryImageOfPage\":{\"@id\":\"https:\\\/\\\/baltagauja.eu\\\/en\\\/shop\\\/boots\\\/demi-seasonal-navy-blue-boots-kopija\\\/#primaryimage\"},\"image\":{\"@id\":\"https:\\\/\\\/baltagauja.eu\\\/en\\\/shop\\\/boots\\\/demi-seasonal-navy-blue-boots-kopija\\\/#primaryimage\"},\"thumbnailUrl\":\"https:\\\/\\\/baltagauja.eu\\\/wp-content\\\/uploads\\\/2024\\\/07\\\/Boots_Black_side.webp\",\"datePublished\":\"2024-07-11T13:17:10+00:00\",\"dateModified\":\"2024-09-25T13:00:17+00:00\",\"description\":\"These premium shoes, made from durable neoprene, offer a reliable shield against extreme temperatures, from scorching hot pavement to icy cold ground.\",\"breadcrumb\":{\"@id\":\"https:\\\/\\\/baltagauja.eu\\\/en\\\/shop\\\/boots\\\/demi-seasonal-navy-blue-boots-kopija\\\/#breadcrumb\"},\"inLanguage\":\"en-US\",\"potentialAction\":[{\"@type\":\"ReadAction\",\"target\":[\"https:\\\/\\\/baltagauja.eu\\\/en\\\/shop\\\/boots\\\/demi-seasonal-navy-blue-boots-kopija\\\/\"]}]},{\"@type\":\"ImageObject\",\"inLanguage\":\"en-US\",\"@id\":\"https:\\\/\\\/baltagauja.eu\\\/en\\\/shop\\\/boots\\\/demi-seasonal-navy-blue-boots-kopija\\\/#primaryimage\",\"url\":\"https:\\\/\\\/baltagauja.eu\\\/wp-content\\\/uploads\\\/2024\\\/07\\\/Boots_Black_side.webp\",\"contentUrl\":\"https:\\\/\\\/baltagauja.eu\\\/wp-content\\\/uploads\\\/2024\\\/07\\\/Boots_Black_side.webp\",\"width\":1080,\"height\":1350,\"caption\":\"PAIIKA\"},{\"@type\":\"BreadcrumbList\",\"@id\":\"https:\\\/\\\/baltagauja.eu\\\/en\\\/shop\\\/boots\\\/demi-seasonal-navy-blue-boots-kopija\\\/#breadcrumb\",\"itemListElement\":[{\"@type\":\"ListItem\",\"position\":1,\"name\":\"Shop\",\"item\":\"https:\\\/\\\/baltagauja.eu\\\/en\\\/shop\\\/\"},{\"@type\":\"ListItem\",\"position\":2,\"name\":\"Boots\",\"item\":\"https:\\\/\\\/baltagauja.eu\\\/en\\\/Product-category\\\/boots\\\/\"},{\"@type\":\"ListItem\",\"position\":3,\"name\":\"PAIKKA Dog Shoes\"}]},{\"@type\":\"WebSite\",\"@id\":\"https:\\\/\\\/baltagauja.eu\\\/en\\\/#website\",\"url\":\"https:\\\/\\\/baltagauja.eu\\\/en\\\/\",\"name\":\"baltagauja.eu\",\"description\":\"Kokybi\u0161kos prek\u0117s \u0161unims\",\"publisher\":{\"@id\":\"https:\\\/\\\/baltagauja.eu\\\/en\\\/#organization\"},\"potentialAction\":[{\"@type\":\"SearchAction\",\"target\":{\"@type\":\"EntryPoint\",\"urlTemplate\":\"https:\\\/\\\/baltagauja.eu\\\/en\\\/?s={search_term_string}\"},\"query-input\":{\"@type\":\"PropertyValueSpecification\",\"valueRequired\":true,\"valueName\":\"search_term_string\"}}],\"inLanguage\":\"en-US\"},{\"@type\":\"Organization\",\"@id\":\"https:\\\/\\\/baltagauja.eu\\\/en\\\/#organization\",\"name\":\"Balta gauja\",\"url\":\"https:\\\/\\\/baltagauja.eu\\\/en\\\/\",\"logo\":{\"@type\":\"ImageObject\",\"inLanguage\":\"en-US\",\"@id\":\"https:\\\/\\\/baltagauja.eu\\\/en\\\/#\\\/schema\\\/logo\\\/image\\\/\",\"url\":\"https:\\\/\\\/baltagauja.eu\\\/wp-content\\\/uploads\\\/2024\\\/05\\\/Color-logo-without-background6.png\",\"contentUrl\":\"https:\\\/\\\/baltagauja.eu\\\/wp-content\\\/uploads\\\/2024\\\/05\\\/Color-logo-without-background6.png\",\"width\":2103,\"height\":1336,\"caption\":\"Balta gauja\"},\"image\":{\"@id\":\"https:\\\/\\\/baltagauja.eu\\\/en\\\/#\\\/schema\\\/logo\\\/image\\\/\"},\"sameAs\":[\"https:\\\/\\\/www.facebook.com\\\/baltagauja.eu\"]}]}<\/script>\n<!-- \/ Yoast SEO plugin. -->","yoast_head_json":{"title":"PAIKKA Dog Shoes - Baltagauja","description":"These premium shoes, made from durable neoprene, offer a reliable shield against extreme temperatures, from scorching hot pavement to icy cold ground.","robots":{"index":"index","follow":"follow","max-snippet":"max-snippet:-1","max-image-preview":"max-image-preview:large","max-video-preview":"max-video-preview:-1"},"canonical":"https:\/\/baltagauja.eu\/en\/shop\/boots\/demi-seasonal-navy-blue-boots-kopija\/","og_locale":"en_US","og_type":"article","og_title":"PAIKKA Dog Shoes - Baltagauja","og_description":"These premium shoes, made from durable neoprene, offer a reliable shield against extreme temperatures, from scorching hot pavement to icy cold ground.","og_url":"https:\/\/baltagauja.eu\/en\/shop\/boots\/demi-seasonal-navy-blue-boots-kopija\/","og_site_name":"Baltagauja","article_publisher":"https:\/\/www.facebook.com\/baltagauja.eu","article_modified_time":"2024-09-25T13:00:17+00:00","og_image":[{"width":1080,"height":1350,"url":"https:\/\/baltagauja.eu\/wp-content\/uploads\/2024\/07\/Boots_Black_side.webp","type":"image\/webp"}],"twitter_card":"summary_large_image","schema":{"@context":"https:\/\/schema.org","@graph":[{"@type":"WebPage","@id":"https:\/\/baltagauja.eu\/en\/shop\/boots\/demi-seasonal-navy-blue-boots-kopija\/","url":"https:\/\/baltagauja.eu\/en\/shop\/boots\/demi-seasonal-navy-blue-boots-kopija\/","name":"PAIKKA Dog Shoes - Baltagauja","isPartOf":{"@id":"https:\/\/baltagauja.eu\/en\/#website"},"primaryImageOfPage":{"@id":"https:\/\/baltagauja.eu\/en\/shop\/boots\/demi-seasonal-navy-blue-boots-kopija\/#primaryimage"},"image":{"@id":"https:\/\/baltagauja.eu\/en\/shop\/boots\/demi-seasonal-navy-blue-boots-kopija\/#primaryimage"},"thumbnailUrl":"https:\/\/baltagauja.eu\/wp-content\/uploads\/2024\/07\/Boots_Black_side.webp","datePublished":"2024-07-11T13:17:10+00:00","dateModified":"2024-09-25T13:00:17+00:00","description":"These premium shoes, made from durable neoprene, offer a reliable shield against extreme temperatures, from scorching hot pavement to icy cold ground.","breadcrumb":{"@id":"https:\/\/baltagauja.eu\/en\/shop\/boots\/demi-seasonal-navy-blue-boots-kopija\/#breadcrumb"},"inLanguage":"en-US","potentialAction":[{"@type":"ReadAction","target":["https:\/\/baltagauja.eu\/en\/shop\/boots\/demi-seasonal-navy-blue-boots-kopija\/"]}]},{"@type":"ImageObject","inLanguage":"en-US","@id":"https:\/\/baltagauja.eu\/en\/shop\/boots\/demi-seasonal-navy-blue-boots-kopija\/#primaryimage","url":"https:\/\/baltagauja.eu\/wp-content\/uploads\/2024\/07\/Boots_Black_side.webp","contentUrl":"https:\/\/baltagauja.eu\/wp-content\/uploads\/2024\/07\/Boots_Black_side.webp","width":1080,"height":1350,"caption":"PAIIKA"},{"@type":"BreadcrumbList","@id":"https:\/\/baltagauja.eu\/en\/shop\/boots\/demi-seasonal-navy-blue-boots-kopija\/#breadcrumb","itemListElement":[{"@type":"ListItem","position":1,"name":"Shop","item":"https:\/\/baltagauja.eu\/en\/shop\/"},{"@type":"ListItem","position":2,"name":"Boots","item":"https:\/\/baltagauja.eu\/en\/Product-category\/boots\/"},{"@type":"ListItem","position":3,"name":"PAIKKA Dog Shoes"}]},{"@type":"WebSite","@id":"https:\/\/baltagauja.eu\/en\/#website","url":"https:\/\/baltagauja.eu\/en\/","name":"baltagauja.eu","description":"Kokybi\u0161kos prek\u0117s \u0161unims","publisher":{"@id":"https:\/\/baltagauja.eu\/en\/#organization"},"potentialAction":[{"@type":"SearchAction","target":{"@type":"EntryPoint","urlTemplate":"https:\/\/baltagauja.eu\/en\/?s={search_term_string}"},"query-input":{"@type":"PropertyValueSpecification","valueRequired":true,"valueName":"search_term_string"}}],"inLanguage":"en-US"},{"@type":"Organization","@id":"https:\/\/baltagauja.eu\/en\/#organization","name":"Balta gauja","url":"https:\/\/baltagauja.eu\/en\/","logo":{"@type":"ImageObject","inLanguage":"en-US","@id":"https:\/\/baltagauja.eu\/en\/#\/schema\/logo\/image\/","url":"https:\/\/baltagauja.eu\/wp-content\/uploads\/2024\/05\/Color-logo-without-background6.png","contentUrl":"https:\/\/baltagauja.eu\/wp-content\/uploads\/2024\/05\/Color-logo-without-background6.png","width":2103,"height":1336,"caption":"Balta gauja"},"image":{"@id":"https:\/\/baltagauja.eu\/en\/#\/schema\/logo\/image\/"},"sameAs":["https:\/\/www.facebook.com\/baltagauja.eu"]}]}},"jetpack_sharing_enabled":true,"_links":{"self":[{"href":"https:\/\/baltagauja.eu\/en\/wp-json\/wp\/v2\/product\/8811","targetHints":{"allow":["GET"]}}],"collection":[{"href":"https:\/\/baltagauja.eu\/en\/wp-json\/wp\/v2\/product"}],"about":[{"href":"https:\/\/baltagauja.eu\/en\/wp-json\/wp\/v2\/types\/product"}],"replies":[{"embeddable":true,"href":"https:\/\/baltagauja.eu\/en\/wp-json\/wp\/v2\/comments?post=8811"}],"wp:featuredmedia":[{"embeddable":true,"href":"https:\/\/baltagauja.eu\/en\/wp-json\/wp\/v2\/media\/8816"}],"wp:attachment":[{"href":"https:\/\/baltagauja.eu\/en\/wp-json\/wp\/v2\/media?parent=8811"}],"wp:term":[{"taxonomy":"product_brand","embeddable":true,"href":"https:\/\/baltagauja.eu\/en\/wp-json\/wp\/v2\/product_brand?post=8811"},{"taxonomy":"product_cat","embeddable":true,"href":"https:\/\/baltagauja.eu\/en\/wp-json\/wp\/v2\/product_cat?post=8811"},{"taxonomy":"product_tag","embeddable":true,"href":"https:\/\/baltagauja.eu\/en\/wp-json\/wp\/v2\/product_tag?post=8811"},{"taxonomy":"berocket_brand","embeddable":true,"href":"https:\/\/baltagauja.eu\/en\/wp-json\/wp\/v2\/berocket_brand?post=8811"}],"curies":[{"name":"wp","href":"https:\/\/api.w.org\/{rel}","templated":true}]}}