{"id":8838,"date":"2024-07-11T16:43:08","date_gmt":"2024-07-11T13:43:08","guid":{"rendered":"https:\/\/baltagauja.eu\/?post_type=product&#038;p=8838"},"modified":"2024-07-11T17:09:51","modified_gmt":"2024-07-11T14:09:51","slug":"paikka-dog-shoes-kopija","status":"publish","type":"product","link":"https:\/\/baltagauja.eu\/en\/shop\/collars\/paikka-dog-shoes-kopija\/","title":{"rendered":"PAIKKA Glow Collar Aqua"},"content":{"rendered":"<p>Crafted from fluorescent material, this collar absorbs light and glows brightly in the dark, ensuring visibility in low light conditions. The PAIKKA Glow Collar is not only visually striking but also designed with practicality and durability in mind. The sizing is adjustable for comfortable and secure fit.<\/p>\n<p>&#8211; Fluorescent<br \/>\n&#8211; Carefree material<br \/>\n&#8211; Adjustable sizing<\/p>\n<p>Comes in same three colors as the PAIKKA Glow Leash.<\/p>\n<p>Please note that fluorescent materials require light absorption to emit a luminous glow. Radiance can last between 90 and 120 minutes before requiring further exposure to light for revitalization.<\/p>\n<p>Award-winning! PAIKKA &#8220;Glow Bundle Leash and Collar&#8221; is the 2024 Winner of the Global Innovation Award (gia) for Product Design.<\/p>\n<p>Protected by Community Design RCD 015047443-0001\/015047443-0004<\/p>\n<p>Materials<br \/>\n100% polyester webbing, PVC coating, aluminum D-ring<\/p>\n<p>Care<br \/>\nHand wash with mild detergent.<\/p>\n","protected":false},"excerpt":{"rendered":"<p>Crafted from fluorescent material, this collar absorbs light and glows brightly in the dark, ensuring visibility in low light conditions. The PAIKKA Glow Collar is not only visually striking but also designed with practicality and durability in mind. The sizing is adjustable for comfortable and secure fit. &#8211; Fluorescent &#8211; Carefree material &#8211; Adjustable sizing [&hellip;]<\/p>\n","protected":false},"featured_media":8851,"comment_status":"open","ping_status":"closed","template":"","meta":{"site-sidebar-layout":"default","site-content-layout":"","ast-site-content-layout":"default","site-content-style":"default","site-sidebar-style":"default","ast-global-header-display":"","ast-banner-title-visibility":"","ast-main-header-display":"","ast-hfb-above-header-display":"","ast-hfb-below-header-display":"","ast-hfb-mobile-header-display":"","site-post-title":"","ast-breadcrumbs-content":"","ast-featured-img":"","footer-sml-layout":"","ast-disable-related-posts":"","theme-transparent-header-meta":"default","adv-header-id-meta":"","stick-header-meta":"default","header-above-stick-meta":"","header-main-stick-meta":"","header-below-stick-meta":"","astra-migrate-meta-layouts":"set","ast-page-background-enabled":"default","ast-page-background-meta":{"desktop":{"background-color":"","background-image":"","background-repeat":"repeat","background-position":"center center","background-size":"auto","background-attachment":"scroll","background-type":"","background-media":"","overlay-type":"","overlay-color":"","overlay-opacity":"","overlay-gradient":""},"tablet":{"background-color":"","background-image":"","background-repeat":"repeat","background-position":"center center","background-size":"auto","background-attachment":"scroll","background-type":"","background-media":"","overlay-type":"","overlay-color":"","overlay-opacity":"","overlay-gradient":""},"mobile":{"background-color":"","background-image":"","background-repeat":"repeat","background-position":"center center","background-size":"auto","background-attachment":"scroll","background-type":"","background-media":"","overlay-type":"","overlay-color":"","overlay-opacity":"","overlay-gradient":""}},"ast-content-background-meta":{"desktop":{"background-color":"var(--ast-global-color-5)","background-image":"","background-repeat":"repeat","background-position":"center center","background-size":"auto","background-attachment":"scroll","background-type":"","background-media":"","overlay-type":"","overlay-color":"","overlay-opacity":"","overlay-gradient":""},"tablet":{"background-color":"var(--ast-global-color-5)","background-image":"","background-repeat":"repeat","background-position":"center center","background-size":"auto","background-attachment":"scroll","background-type":"","background-media":"","overlay-type":"","overlay-color":"","overlay-opacity":"","overlay-gradient":""},"mobile":{"background-color":"var(--ast-global-color-5)","background-image":"","background-repeat":"repeat","background-position":"center center","background-size":"auto","background-attachment":"scroll","background-type":"","background-media":"","overlay-type":"","overlay-color":"","overlay-opacity":"","overlay-gradient":""}}},"product_brand":[],"product_cat":[122,246],"product_tag":[],"berocket_brand":[138],"class_list":{"0":"post-8838","1":"product","2":"type-product","3":"status-publish","4":"has-post-thumbnail","6":"product_cat-collars","7":"product_cat-sale","8":"pa_antkaklio-ilgis-23-30-cm-en","9":"pa_antkaklio-ilgis-30-40-cm-en","10":"pa_antkaklio-ilgis-35-48-cm-en","11":"pa_antkaklio-ilgis-44-65-cm-en","12":"pa_antkaklio-plotis-1-5-cm","13":"pa_antkaklio-plotis-2-cm-en","14":"pa_antkaklio-plotis-2-5-cm","15":"pa_suniuko-lytis-female","16":"pa_suniuko-lytis-male","17":"berocket_brand-paikka-en-2","18":"desktop-align-center","19":"tablet-align-center","20":"mobile-align-center","21":"ast-product-gallery-layout-horizontal-slider","22":"ast-product-single-variable","23":"ast-product-tabs-layout-horizontal","25":"first","26":"instock","27":"sale","28":"featured","29":"shipping-taxable","30":"purchasable","31":"product-type-variable"},"yoast_head":"<!-- This site is optimized with the Yoast SEO plugin v27.4 - https:\/\/yoast.com\/product\/yoast-seo-wordpress\/ -->\n<title>PAIKKA Glow Collar Aqua - Baltagauja<\/title>\n<meta name=\"description\" content=\"Crafted from fluorescent material, this collar absorbs light and glows brightly in the dark, ensuring visibility in low light conditions.\" \/>\n<meta name=\"robots\" content=\"index, follow, max-snippet:-1, max-image-preview:large, max-video-preview:-1\" \/>\n<link rel=\"canonical\" href=\"https:\/\/baltagauja.eu\/en\/shop\/collars\/paikka-dog-shoes-kopija\/\" \/>\n<meta property=\"og:locale\" content=\"en_US\" \/>\n<meta property=\"og:type\" content=\"article\" \/>\n<meta property=\"og:title\" content=\"PAIKKA Glow Collar Aqua - Baltagauja\" \/>\n<meta property=\"og:description\" content=\"Crafted from fluorescent material, this collar absorbs light and glows brightly in the dark, ensuring visibility in low light conditions.\" \/>\n<meta property=\"og:url\" content=\"https:\/\/baltagauja.eu\/en\/shop\/collars\/paikka-dog-shoes-kopija\/\" \/>\n<meta property=\"og:site_name\" content=\"Baltagauja\" \/>\n<meta property=\"article:publisher\" content=\"https:\/\/www.facebook.com\/baltagauja.eu\" \/>\n<meta property=\"article:modified_time\" content=\"2024-07-11T14:09:51+00:00\" \/>\n<meta property=\"og:image\" content=\"https:\/\/baltagauja.eu\/wp-content\/uploads\/2024\/07\/GLOWCOLLARAQUADETAILS-2.webp\" \/>\n\t<meta property=\"og:image:width\" content=\"1080\" \/>\n\t<meta property=\"og:image:height\" content=\"1350\" \/>\n\t<meta property=\"og:image:type\" content=\"image\/webp\" \/>\n<meta name=\"twitter:card\" content=\"summary_large_image\" \/>\n<meta name=\"twitter:label1\" content=\"Est. reading time\" \/>\n\t<meta name=\"twitter:data1\" content=\"1 minute\" \/>\n<script type=\"application\/ld+json\" class=\"yoast-schema-graph\">{\"@context\":\"https:\\\/\\\/schema.org\",\"@graph\":[{\"@type\":\"WebPage\",\"@id\":\"https:\\\/\\\/baltagauja.eu\\\/en\\\/shop\\\/collars\\\/paikka-dog-shoes-kopija\\\/\",\"url\":\"https:\\\/\\\/baltagauja.eu\\\/en\\\/shop\\\/collars\\\/paikka-dog-shoes-kopija\\\/\",\"name\":\"PAIKKA Glow Collar Aqua - Baltagauja\",\"isPartOf\":{\"@id\":\"https:\\\/\\\/baltagauja.eu\\\/en\\\/#website\"},\"primaryImageOfPage\":{\"@id\":\"https:\\\/\\\/baltagauja.eu\\\/en\\\/shop\\\/collars\\\/paikka-dog-shoes-kopija\\\/#primaryimage\"},\"image\":{\"@id\":\"https:\\\/\\\/baltagauja.eu\\\/en\\\/shop\\\/collars\\\/paikka-dog-shoes-kopija\\\/#primaryimage\"},\"thumbnailUrl\":\"https:\\\/\\\/baltagauja.eu\\\/wp-content\\\/uploads\\\/2024\\\/07\\\/GLOWCOLLARAQUADETAILS-2.webp\",\"datePublished\":\"2024-07-11T13:43:08+00:00\",\"dateModified\":\"2024-07-11T14:09:51+00:00\",\"description\":\"Crafted from fluorescent material, this collar absorbs light and glows brightly in the dark, ensuring visibility in low light conditions.\",\"breadcrumb\":{\"@id\":\"https:\\\/\\\/baltagauja.eu\\\/en\\\/shop\\\/collars\\\/paikka-dog-shoes-kopija\\\/#breadcrumb\"},\"inLanguage\":\"en-US\",\"potentialAction\":[{\"@type\":\"ReadAction\",\"target\":[\"https:\\\/\\\/baltagauja.eu\\\/en\\\/shop\\\/collars\\\/paikka-dog-shoes-kopija\\\/\"]}]},{\"@type\":\"ImageObject\",\"inLanguage\":\"en-US\",\"@id\":\"https:\\\/\\\/baltagauja.eu\\\/en\\\/shop\\\/collars\\\/paikka-dog-shoes-kopija\\\/#primaryimage\",\"url\":\"https:\\\/\\\/baltagauja.eu\\\/wp-content\\\/uploads\\\/2024\\\/07\\\/GLOWCOLLARAQUADETAILS-2.webp\",\"contentUrl\":\"https:\\\/\\\/baltagauja.eu\\\/wp-content\\\/uploads\\\/2024\\\/07\\\/GLOWCOLLARAQUADETAILS-2.webp\",\"width\":1080,\"height\":1350,\"caption\":\"PAIKKA Glow Collar Aqua \u0161vie\u010diantis iliuminiscentinis antkaklis \u0161uniui\"},{\"@type\":\"BreadcrumbList\",\"@id\":\"https:\\\/\\\/baltagauja.eu\\\/en\\\/shop\\\/collars\\\/paikka-dog-shoes-kopija\\\/#breadcrumb\",\"itemListElement\":[{\"@type\":\"ListItem\",\"position\":1,\"name\":\"Shop\",\"item\":\"https:\\\/\\\/baltagauja.eu\\\/en\\\/shop\\\/\"},{\"@type\":\"ListItem\",\"position\":2,\"name\":\"Collars\",\"item\":\"https:\\\/\\\/baltagauja.eu\\\/en\\\/Product-category\\\/collars\\\/\"},{\"@type\":\"ListItem\",\"position\":3,\"name\":\"PAIKKA Glow Collar Aqua\"}]},{\"@type\":\"WebSite\",\"@id\":\"https:\\\/\\\/baltagauja.eu\\\/en\\\/#website\",\"url\":\"https:\\\/\\\/baltagauja.eu\\\/en\\\/\",\"name\":\"baltagauja.eu\",\"description\":\"Kokybi\u0161kos prek\u0117s \u0161unims\",\"publisher\":{\"@id\":\"https:\\\/\\\/baltagauja.eu\\\/en\\\/#organization\"},\"potentialAction\":[{\"@type\":\"SearchAction\",\"target\":{\"@type\":\"EntryPoint\",\"urlTemplate\":\"https:\\\/\\\/baltagauja.eu\\\/en\\\/?s={search_term_string}\"},\"query-input\":{\"@type\":\"PropertyValueSpecification\",\"valueRequired\":true,\"valueName\":\"search_term_string\"}}],\"inLanguage\":\"en-US\"},{\"@type\":\"Organization\",\"@id\":\"https:\\\/\\\/baltagauja.eu\\\/en\\\/#organization\",\"name\":\"Balta gauja\",\"url\":\"https:\\\/\\\/baltagauja.eu\\\/en\\\/\",\"logo\":{\"@type\":\"ImageObject\",\"inLanguage\":\"en-US\",\"@id\":\"https:\\\/\\\/baltagauja.eu\\\/en\\\/#\\\/schema\\\/logo\\\/image\\\/\",\"url\":\"https:\\\/\\\/baltagauja.eu\\\/wp-content\\\/uploads\\\/2024\\\/05\\\/Color-logo-without-background6.png\",\"contentUrl\":\"https:\\\/\\\/baltagauja.eu\\\/wp-content\\\/uploads\\\/2024\\\/05\\\/Color-logo-without-background6.png\",\"width\":2103,\"height\":1336,\"caption\":\"Balta gauja\"},\"image\":{\"@id\":\"https:\\\/\\\/baltagauja.eu\\\/en\\\/#\\\/schema\\\/logo\\\/image\\\/\"},\"sameAs\":[\"https:\\\/\\\/www.facebook.com\\\/baltagauja.eu\"]}]}<\/script>\n<!-- \/ Yoast SEO plugin. -->","yoast_head_json":{"title":"PAIKKA Glow Collar Aqua - Baltagauja","description":"Crafted from fluorescent material, this collar absorbs light and glows brightly in the dark, ensuring visibility in low light conditions.","robots":{"index":"index","follow":"follow","max-snippet":"max-snippet:-1","max-image-preview":"max-image-preview:large","max-video-preview":"max-video-preview:-1"},"canonical":"https:\/\/baltagauja.eu\/en\/shop\/collars\/paikka-dog-shoes-kopija\/","og_locale":"en_US","og_type":"article","og_title":"PAIKKA Glow Collar Aqua - Baltagauja","og_description":"Crafted from fluorescent material, this collar absorbs light and glows brightly in the dark, ensuring visibility in low light conditions.","og_url":"https:\/\/baltagauja.eu\/en\/shop\/collars\/paikka-dog-shoes-kopija\/","og_site_name":"Baltagauja","article_publisher":"https:\/\/www.facebook.com\/baltagauja.eu","article_modified_time":"2024-07-11T14:09:51+00:00","og_image":[{"width":1080,"height":1350,"url":"https:\/\/baltagauja.eu\/wp-content\/uploads\/2024\/07\/GLOWCOLLARAQUADETAILS-2.webp","type":"image\/webp"}],"twitter_card":"summary_large_image","twitter_misc":{"Est. reading time":"1 minute"},"schema":{"@context":"https:\/\/schema.org","@graph":[{"@type":"WebPage","@id":"https:\/\/baltagauja.eu\/en\/shop\/collars\/paikka-dog-shoes-kopija\/","url":"https:\/\/baltagauja.eu\/en\/shop\/collars\/paikka-dog-shoes-kopija\/","name":"PAIKKA Glow Collar Aqua - Baltagauja","isPartOf":{"@id":"https:\/\/baltagauja.eu\/en\/#website"},"primaryImageOfPage":{"@id":"https:\/\/baltagauja.eu\/en\/shop\/collars\/paikka-dog-shoes-kopija\/#primaryimage"},"image":{"@id":"https:\/\/baltagauja.eu\/en\/shop\/collars\/paikka-dog-shoes-kopija\/#primaryimage"},"thumbnailUrl":"https:\/\/baltagauja.eu\/wp-content\/uploads\/2024\/07\/GLOWCOLLARAQUADETAILS-2.webp","datePublished":"2024-07-11T13:43:08+00:00","dateModified":"2024-07-11T14:09:51+00:00","description":"Crafted from fluorescent material, this collar absorbs light and glows brightly in the dark, ensuring visibility in low light conditions.","breadcrumb":{"@id":"https:\/\/baltagauja.eu\/en\/shop\/collars\/paikka-dog-shoes-kopija\/#breadcrumb"},"inLanguage":"en-US","potentialAction":[{"@type":"ReadAction","target":["https:\/\/baltagauja.eu\/en\/shop\/collars\/paikka-dog-shoes-kopija\/"]}]},{"@type":"ImageObject","inLanguage":"en-US","@id":"https:\/\/baltagauja.eu\/en\/shop\/collars\/paikka-dog-shoes-kopija\/#primaryimage","url":"https:\/\/baltagauja.eu\/wp-content\/uploads\/2024\/07\/GLOWCOLLARAQUADETAILS-2.webp","contentUrl":"https:\/\/baltagauja.eu\/wp-content\/uploads\/2024\/07\/GLOWCOLLARAQUADETAILS-2.webp","width":1080,"height":1350,"caption":"PAIKKA Glow Collar Aqua \u0161vie\u010diantis iliuminiscentinis antkaklis \u0161uniui"},{"@type":"BreadcrumbList","@id":"https:\/\/baltagauja.eu\/en\/shop\/collars\/paikka-dog-shoes-kopija\/#breadcrumb","itemListElement":[{"@type":"ListItem","position":1,"name":"Shop","item":"https:\/\/baltagauja.eu\/en\/shop\/"},{"@type":"ListItem","position":2,"name":"Collars","item":"https:\/\/baltagauja.eu\/en\/Product-category\/collars\/"},{"@type":"ListItem","position":3,"name":"PAIKKA Glow Collar Aqua"}]},{"@type":"WebSite","@id":"https:\/\/baltagauja.eu\/en\/#website","url":"https:\/\/baltagauja.eu\/en\/","name":"baltagauja.eu","description":"Kokybi\u0161kos prek\u0117s \u0161unims","publisher":{"@id":"https:\/\/baltagauja.eu\/en\/#organization"},"potentialAction":[{"@type":"SearchAction","target":{"@type":"EntryPoint","urlTemplate":"https:\/\/baltagauja.eu\/en\/?s={search_term_string}"},"query-input":{"@type":"PropertyValueSpecification","valueRequired":true,"valueName":"search_term_string"}}],"inLanguage":"en-US"},{"@type":"Organization","@id":"https:\/\/baltagauja.eu\/en\/#organization","name":"Balta gauja","url":"https:\/\/baltagauja.eu\/en\/","logo":{"@type":"ImageObject","inLanguage":"en-US","@id":"https:\/\/baltagauja.eu\/en\/#\/schema\/logo\/image\/","url":"https:\/\/baltagauja.eu\/wp-content\/uploads\/2024\/05\/Color-logo-without-background6.png","contentUrl":"https:\/\/baltagauja.eu\/wp-content\/uploads\/2024\/05\/Color-logo-without-background6.png","width":2103,"height":1336,"caption":"Balta gauja"},"image":{"@id":"https:\/\/baltagauja.eu\/en\/#\/schema\/logo\/image\/"},"sameAs":["https:\/\/www.facebook.com\/baltagauja.eu"]}]}},"jetpack_sharing_enabled":true,"_links":{"self":[{"href":"https:\/\/baltagauja.eu\/en\/wp-json\/wp\/v2\/product\/8838","targetHints":{"allow":["GET"]}}],"collection":[{"href":"https:\/\/baltagauja.eu\/en\/wp-json\/wp\/v2\/product"}],"about":[{"href":"https:\/\/baltagauja.eu\/en\/wp-json\/wp\/v2\/types\/product"}],"replies":[{"embeddable":true,"href":"https:\/\/baltagauja.eu\/en\/wp-json\/wp\/v2\/comments?post=8838"}],"wp:featuredmedia":[{"embeddable":true,"href":"https:\/\/baltagauja.eu\/en\/wp-json\/wp\/v2\/media\/8851"}],"wp:attachment":[{"href":"https:\/\/baltagauja.eu\/en\/wp-json\/wp\/v2\/media?parent=8838"}],"wp:term":[{"taxonomy":"product_brand","embeddable":true,"href":"https:\/\/baltagauja.eu\/en\/wp-json\/wp\/v2\/product_brand?post=8838"},{"taxonomy":"product_cat","embeddable":true,"href":"https:\/\/baltagauja.eu\/en\/wp-json\/wp\/v2\/product_cat?post=8838"},{"taxonomy":"product_tag","embeddable":true,"href":"https:\/\/baltagauja.eu\/en\/wp-json\/wp\/v2\/product_tag?post=8838"},{"taxonomy":"berocket_brand","embeddable":true,"href":"https:\/\/baltagauja.eu\/en\/wp-json\/wp\/v2\/berocket_brand?post=8838"}],"curies":[{"name":"wp","href":"https:\/\/api.w.org\/{rel}","templated":true}]}}