{"id":8931,"date":"2024-07-11T17:24:02","date_gmt":"2024-07-11T14:24:02","guid":{"rendered":"https:\/\/baltagauja.eu\/?post_type=product&#038;p=8931"},"modified":"2024-07-11T17:38:30","modified_gmt":"2024-07-11T14:38:30","slug":"paikka-glow-collar-aqua-kopija-2","status":"publish","type":"product","link":"https:\/\/baltagauja.eu\/en\/shop\/collars\/paikka-glow-collar-aqua-kopija-2\/","title":{"rendered":"PAIKKA Glow Leash"},"content":{"rendered":"<p>Crafted from fluorescent material, this leash absorbs light and glows brightly in the dark, ensuring visibility in low light conditions. The PAIKKA Glow Leash is not only visually striking but also designed with practicality and durability in mind.<\/p>\n<p>&#8211; Fluorescent<br \/>\n&#8211; Carefree material<br \/>\n&#8211; Solid grip<br \/>\n&#8211; Waste bag holder<br \/>\n&#8211; 15mm leash features an easy-to-use bolt snap hook<br \/>\n&#8211; 20mm &amp; 25mm leashes are equipped with twist-locking safety carabiner<\/p>\n<p>Comes in same three colors as the PAIKKA Glow Collar.<\/p>\n<p>Please note that fluorescent materials require light absorption to emit a luminous glow. Please note that fluorescent materials require light absorption to emit a luminous glow. Radiance can last between 90 and 120 minutes before requiring further exposure to light for revitalization.<\/p>\n<p>Award-winning! PAIKKA &#8220;Glow Bundle Leash and Collar&#8221; is the 2024 Winner of the Global Innovation Award (gia) for Product Design.<\/p>\n<p>Protected by Community Design RCD 015030131-0001\/015030131-0005<\/p>\n<p>Materials<br \/>\n15mm: 100% polyester webbing, PVC coating, zinc-alloy hook<\/p>\n<p>20mm &amp; 25mm: 100% polyester webbing, PVC coating, aluminum carabiner<\/p>\n<p>Care<br \/>\nHand wash with mild detergent.<\/p>\n","protected":false},"excerpt":{"rendered":"<p>Crafted from fluorescent material, this leash absorbs light and glows brightly in the dark, ensuring visibility in low light conditions. The PAIKKA Glow Leash is not only visually striking but also designed with practicality and durability in mind. &#8211; Fluorescent &#8211; Carefree material &#8211; Solid grip &#8211; Waste bag holder &#8211; 15mm leash features an [&hellip;]<\/p>\n","protected":false},"featured_media":8912,"comment_status":"open","ping_status":"closed","template":"","meta":{"site-sidebar-layout":"default","site-content-layout":"","ast-site-content-layout":"default","site-content-style":"default","site-sidebar-style":"default","ast-global-header-display":"","ast-banner-title-visibility":"","ast-main-header-display":"","ast-hfb-above-header-display":"","ast-hfb-below-header-display":"","ast-hfb-mobile-header-display":"","site-post-title":"","ast-breadcrumbs-content":"","ast-featured-img":"","footer-sml-layout":"","ast-disable-related-posts":"","theme-transparent-header-meta":"default","adv-header-id-meta":"","stick-header-meta":"default","header-above-stick-meta":"","header-main-stick-meta":"","header-below-stick-meta":"","astra-migrate-meta-layouts":"set","ast-page-background-enabled":"default","ast-page-background-meta":{"desktop":{"background-color":"","background-image":"","background-repeat":"repeat","background-position":"center center","background-size":"auto","background-attachment":"scroll","background-type":"","background-media":"","overlay-type":"","overlay-color":"","overlay-opacity":"","overlay-gradient":""},"tablet":{"background-color":"","background-image":"","background-repeat":"repeat","background-position":"center center","background-size":"auto","background-attachment":"scroll","background-type":"","background-media":"","overlay-type":"","overlay-color":"","overlay-opacity":"","overlay-gradient":""},"mobile":{"background-color":"","background-image":"","background-repeat":"repeat","background-position":"center center","background-size":"auto","background-attachment":"scroll","background-type":"","background-media":"","overlay-type":"","overlay-color":"","overlay-opacity":"","overlay-gradient":""}},"ast-content-background-meta":{"desktop":{"background-color":"var(--ast-global-color-5)","background-image":"","background-repeat":"repeat","background-position":"center center","background-size":"auto","background-attachment":"scroll","background-type":"","background-media":"","overlay-type":"","overlay-color":"","overlay-opacity":"","overlay-gradient":""},"tablet":{"background-color":"var(--ast-global-color-5)","background-image":"","background-repeat":"repeat","background-position":"center center","background-size":"auto","background-attachment":"scroll","background-type":"","background-media":"","overlay-type":"","overlay-color":"","overlay-opacity":"","overlay-gradient":""},"mobile":{"background-color":"var(--ast-global-color-5)","background-image":"","background-repeat":"repeat","background-position":"center center","background-size":"auto","background-attachment":"scroll","background-type":"","background-media":"","overlay-type":"","overlay-color":"","overlay-opacity":"","overlay-gradient":""}}},"product_brand":[],"product_cat":[122,246],"product_tag":[],"berocket_brand":[138],"class_list":{"0":"post-8931","1":"product","2":"type-product","3":"status-publish","4":"has-post-thumbnail","6":"product_cat-collars","7":"product_cat-sale","8":"pa_pavadelio-ilgis-180-cm-en","9":"pa_pavadelio-storis-2-cm","10":"pa_suniuko-lytis-female","11":"pa_suniuko-lytis-male","12":"berocket_brand-paikka-en-2","13":"desktop-align-center","14":"tablet-align-center","15":"mobile-align-center","16":"ast-product-gallery-layout-horizontal-slider","17":"ast-product-single-variable","18":"ast-product-tabs-layout-horizontal","20":"first","21":"instock","22":"sale","23":"shipping-taxable","24":"purchasable","25":"product-type-variable","26":"has-default-attributes"},"yoast_head":"<!-- This site is optimized with the Yoast SEO plugin v27.3 - https:\/\/yoast.com\/product\/yoast-seo-wordpress\/ -->\n<title>PAIKKA Glow Leash - Baltagauja<\/title>\n<meta name=\"description\" content=\"Crafted from fluorescent material, this leash absorbs light and glows brightly in the dark, ensuring visibility in low light conditions.\" \/>\n<meta name=\"robots\" content=\"index, follow, max-snippet:-1, max-image-preview:large, max-video-preview:-1\" \/>\n<link rel=\"canonical\" href=\"https:\/\/baltagauja.eu\/en\/shop\/collars\/paikka-glow-collar-aqua-kopija-2\/\" \/>\n<meta property=\"og:locale\" content=\"en_US\" \/>\n<meta property=\"og:type\" content=\"article\" \/>\n<meta property=\"og:title\" content=\"PAIKKA Glow Leash - Baltagauja\" \/>\n<meta property=\"og:description\" content=\"Crafted from fluorescent material, this leash absorbs light and glows brightly in the dark, ensuring visibility in low light conditions.\" \/>\n<meta property=\"og:url\" content=\"https:\/\/baltagauja.eu\/en\/shop\/collars\/paikka-glow-collar-aqua-kopija-2\/\" \/>\n<meta property=\"og:site_name\" content=\"Baltagauja\" \/>\n<meta property=\"article:publisher\" content=\"https:\/\/www.facebook.com\/baltagauja.eu\" \/>\n<meta property=\"article:modified_time\" content=\"2024-07-11T14:38:30+00:00\" \/>\n<meta property=\"og:image\" content=\"https:\/\/baltagauja.eu\/wp-content\/uploads\/2024\/07\/C8A2820-2.webp\" \/>\n\t<meta property=\"og:image:width\" content=\"1080\" \/>\n\t<meta property=\"og:image:height\" content=\"1350\" \/>\n\t<meta property=\"og:image:type\" content=\"image\/webp\" \/>\n<meta name=\"twitter:card\" content=\"summary_large_image\" \/>\n<meta name=\"twitter:label1\" content=\"Est. reading time\" \/>\n\t<meta name=\"twitter:data1\" content=\"1 minute\" \/>\n<script type=\"application\/ld+json\" class=\"yoast-schema-graph\">{\"@context\":\"https:\\\/\\\/schema.org\",\"@graph\":[{\"@type\":\"WebPage\",\"@id\":\"https:\\\/\\\/baltagauja.eu\\\/en\\\/shop\\\/collars\\\/paikka-glow-collar-aqua-kopija-2\\\/\",\"url\":\"https:\\\/\\\/baltagauja.eu\\\/en\\\/shop\\\/collars\\\/paikka-glow-collar-aqua-kopija-2\\\/\",\"name\":\"PAIKKA Glow Leash - Baltagauja\",\"isPartOf\":{\"@id\":\"https:\\\/\\\/baltagauja.eu\\\/en\\\/#website\"},\"primaryImageOfPage\":{\"@id\":\"https:\\\/\\\/baltagauja.eu\\\/en\\\/shop\\\/collars\\\/paikka-glow-collar-aqua-kopija-2\\\/#primaryimage\"},\"image\":{\"@id\":\"https:\\\/\\\/baltagauja.eu\\\/en\\\/shop\\\/collars\\\/paikka-glow-collar-aqua-kopija-2\\\/#primaryimage\"},\"thumbnailUrl\":\"https:\\\/\\\/baltagauja.eu\\\/wp-content\\\/uploads\\\/2024\\\/07\\\/C8A2820-2.webp\",\"datePublished\":\"2024-07-11T14:24:02+00:00\",\"dateModified\":\"2024-07-11T14:38:30+00:00\",\"description\":\"Crafted from fluorescent material, this leash absorbs light and glows brightly in the dark, ensuring visibility in low light conditions.\",\"breadcrumb\":{\"@id\":\"https:\\\/\\\/baltagauja.eu\\\/en\\\/shop\\\/collars\\\/paikka-glow-collar-aqua-kopija-2\\\/#breadcrumb\"},\"inLanguage\":\"en-US\",\"potentialAction\":[{\"@type\":\"ReadAction\",\"target\":[\"https:\\\/\\\/baltagauja.eu\\\/en\\\/shop\\\/collars\\\/paikka-glow-collar-aqua-kopija-2\\\/\"]}]},{\"@type\":\"ImageObject\",\"inLanguage\":\"en-US\",\"@id\":\"https:\\\/\\\/baltagauja.eu\\\/en\\\/shop\\\/collars\\\/paikka-glow-collar-aqua-kopija-2\\\/#primaryimage\",\"url\":\"https:\\\/\\\/baltagauja.eu\\\/wp-content\\\/uploads\\\/2024\\\/07\\\/C8A2820-2.webp\",\"contentUrl\":\"https:\\\/\\\/baltagauja.eu\\\/wp-content\\\/uploads\\\/2024\\\/07\\\/C8A2820-2.webp\",\"width\":1080,\"height\":1350},{\"@type\":\"BreadcrumbList\",\"@id\":\"https:\\\/\\\/baltagauja.eu\\\/en\\\/shop\\\/collars\\\/paikka-glow-collar-aqua-kopija-2\\\/#breadcrumb\",\"itemListElement\":[{\"@type\":\"ListItem\",\"position\":1,\"name\":\"Shop\",\"item\":\"https:\\\/\\\/baltagauja.eu\\\/en\\\/shop\\\/\"},{\"@type\":\"ListItem\",\"position\":2,\"name\":\"Collars\",\"item\":\"https:\\\/\\\/baltagauja.eu\\\/en\\\/Product-category\\\/collars\\\/\"},{\"@type\":\"ListItem\",\"position\":3,\"name\":\"PAIKKA Glow Leash\"}]},{\"@type\":\"WebSite\",\"@id\":\"https:\\\/\\\/baltagauja.eu\\\/en\\\/#website\",\"url\":\"https:\\\/\\\/baltagauja.eu\\\/en\\\/\",\"name\":\"baltagauja.eu\",\"description\":\"Kokybi\u0161kos prek\u0117s \u0161unims\",\"publisher\":{\"@id\":\"https:\\\/\\\/baltagauja.eu\\\/en\\\/#organization\"},\"potentialAction\":[{\"@type\":\"SearchAction\",\"target\":{\"@type\":\"EntryPoint\",\"urlTemplate\":\"https:\\\/\\\/baltagauja.eu\\\/en\\\/?s={search_term_string}\"},\"query-input\":{\"@type\":\"PropertyValueSpecification\",\"valueRequired\":true,\"valueName\":\"search_term_string\"}}],\"inLanguage\":\"en-US\"},{\"@type\":\"Organization\",\"@id\":\"https:\\\/\\\/baltagauja.eu\\\/en\\\/#organization\",\"name\":\"Balta gauja\",\"url\":\"https:\\\/\\\/baltagauja.eu\\\/en\\\/\",\"logo\":{\"@type\":\"ImageObject\",\"inLanguage\":\"en-US\",\"@id\":\"https:\\\/\\\/baltagauja.eu\\\/en\\\/#\\\/schema\\\/logo\\\/image\\\/\",\"url\":\"https:\\\/\\\/baltagauja.eu\\\/wp-content\\\/uploads\\\/2024\\\/05\\\/Color-logo-without-background6.png\",\"contentUrl\":\"https:\\\/\\\/baltagauja.eu\\\/wp-content\\\/uploads\\\/2024\\\/05\\\/Color-logo-without-background6.png\",\"width\":2103,\"height\":1336,\"caption\":\"Balta gauja\"},\"image\":{\"@id\":\"https:\\\/\\\/baltagauja.eu\\\/en\\\/#\\\/schema\\\/logo\\\/image\\\/\"},\"sameAs\":[\"https:\\\/\\\/www.facebook.com\\\/baltagauja.eu\"]}]}<\/script>\n<!-- \/ Yoast SEO plugin. -->","yoast_head_json":{"title":"PAIKKA Glow Leash - Baltagauja","description":"Crafted from fluorescent material, this leash absorbs light and glows brightly in the dark, ensuring visibility in low light conditions.","robots":{"index":"index","follow":"follow","max-snippet":"max-snippet:-1","max-image-preview":"max-image-preview:large","max-video-preview":"max-video-preview:-1"},"canonical":"https:\/\/baltagauja.eu\/en\/shop\/collars\/paikka-glow-collar-aqua-kopija-2\/","og_locale":"en_US","og_type":"article","og_title":"PAIKKA Glow Leash - Baltagauja","og_description":"Crafted from fluorescent material, this leash absorbs light and glows brightly in the dark, ensuring visibility in low light conditions.","og_url":"https:\/\/baltagauja.eu\/en\/shop\/collars\/paikka-glow-collar-aqua-kopija-2\/","og_site_name":"Baltagauja","article_publisher":"https:\/\/www.facebook.com\/baltagauja.eu","article_modified_time":"2024-07-11T14:38:30+00:00","og_image":[{"width":1080,"height":1350,"url":"https:\/\/baltagauja.eu\/wp-content\/uploads\/2024\/07\/C8A2820-2.webp","type":"image\/webp"}],"twitter_card":"summary_large_image","twitter_misc":{"Est. reading time":"1 minute"},"schema":{"@context":"https:\/\/schema.org","@graph":[{"@type":"WebPage","@id":"https:\/\/baltagauja.eu\/en\/shop\/collars\/paikka-glow-collar-aqua-kopija-2\/","url":"https:\/\/baltagauja.eu\/en\/shop\/collars\/paikka-glow-collar-aqua-kopija-2\/","name":"PAIKKA Glow Leash - Baltagauja","isPartOf":{"@id":"https:\/\/baltagauja.eu\/en\/#website"},"primaryImageOfPage":{"@id":"https:\/\/baltagauja.eu\/en\/shop\/collars\/paikka-glow-collar-aqua-kopija-2\/#primaryimage"},"image":{"@id":"https:\/\/baltagauja.eu\/en\/shop\/collars\/paikka-glow-collar-aqua-kopija-2\/#primaryimage"},"thumbnailUrl":"https:\/\/baltagauja.eu\/wp-content\/uploads\/2024\/07\/C8A2820-2.webp","datePublished":"2024-07-11T14:24:02+00:00","dateModified":"2024-07-11T14:38:30+00:00","description":"Crafted from fluorescent material, this leash absorbs light and glows brightly in the dark, ensuring visibility in low light conditions.","breadcrumb":{"@id":"https:\/\/baltagauja.eu\/en\/shop\/collars\/paikka-glow-collar-aqua-kopija-2\/#breadcrumb"},"inLanguage":"en-US","potentialAction":[{"@type":"ReadAction","target":["https:\/\/baltagauja.eu\/en\/shop\/collars\/paikka-glow-collar-aqua-kopija-2\/"]}]},{"@type":"ImageObject","inLanguage":"en-US","@id":"https:\/\/baltagauja.eu\/en\/shop\/collars\/paikka-glow-collar-aqua-kopija-2\/#primaryimage","url":"https:\/\/baltagauja.eu\/wp-content\/uploads\/2024\/07\/C8A2820-2.webp","contentUrl":"https:\/\/baltagauja.eu\/wp-content\/uploads\/2024\/07\/C8A2820-2.webp","width":1080,"height":1350},{"@type":"BreadcrumbList","@id":"https:\/\/baltagauja.eu\/en\/shop\/collars\/paikka-glow-collar-aqua-kopija-2\/#breadcrumb","itemListElement":[{"@type":"ListItem","position":1,"name":"Shop","item":"https:\/\/baltagauja.eu\/en\/shop\/"},{"@type":"ListItem","position":2,"name":"Collars","item":"https:\/\/baltagauja.eu\/en\/Product-category\/collars\/"},{"@type":"ListItem","position":3,"name":"PAIKKA Glow Leash"}]},{"@type":"WebSite","@id":"https:\/\/baltagauja.eu\/en\/#website","url":"https:\/\/baltagauja.eu\/en\/","name":"baltagauja.eu","description":"Kokybi\u0161kos prek\u0117s \u0161unims","publisher":{"@id":"https:\/\/baltagauja.eu\/en\/#organization"},"potentialAction":[{"@type":"SearchAction","target":{"@type":"EntryPoint","urlTemplate":"https:\/\/baltagauja.eu\/en\/?s={search_term_string}"},"query-input":{"@type":"PropertyValueSpecification","valueRequired":true,"valueName":"search_term_string"}}],"inLanguage":"en-US"},{"@type":"Organization","@id":"https:\/\/baltagauja.eu\/en\/#organization","name":"Balta gauja","url":"https:\/\/baltagauja.eu\/en\/","logo":{"@type":"ImageObject","inLanguage":"en-US","@id":"https:\/\/baltagauja.eu\/en\/#\/schema\/logo\/image\/","url":"https:\/\/baltagauja.eu\/wp-content\/uploads\/2024\/05\/Color-logo-without-background6.png","contentUrl":"https:\/\/baltagauja.eu\/wp-content\/uploads\/2024\/05\/Color-logo-without-background6.png","width":2103,"height":1336,"caption":"Balta gauja"},"image":{"@id":"https:\/\/baltagauja.eu\/en\/#\/schema\/logo\/image\/"},"sameAs":["https:\/\/www.facebook.com\/baltagauja.eu"]}]}},"jetpack_sharing_enabled":true,"_links":{"self":[{"href":"https:\/\/baltagauja.eu\/en\/wp-json\/wp\/v2\/product\/8931","targetHints":{"allow":["GET"]}}],"collection":[{"href":"https:\/\/baltagauja.eu\/en\/wp-json\/wp\/v2\/product"}],"about":[{"href":"https:\/\/baltagauja.eu\/en\/wp-json\/wp\/v2\/types\/product"}],"replies":[{"embeddable":true,"href":"https:\/\/baltagauja.eu\/en\/wp-json\/wp\/v2\/comments?post=8931"}],"wp:featuredmedia":[{"embeddable":true,"href":"https:\/\/baltagauja.eu\/en\/wp-json\/wp\/v2\/media\/8912"}],"wp:attachment":[{"href":"https:\/\/baltagauja.eu\/en\/wp-json\/wp\/v2\/media?parent=8931"}],"wp:term":[{"taxonomy":"product_brand","embeddable":true,"href":"https:\/\/baltagauja.eu\/en\/wp-json\/wp\/v2\/product_brand?post=8931"},{"taxonomy":"product_cat","embeddable":true,"href":"https:\/\/baltagauja.eu\/en\/wp-json\/wp\/v2\/product_cat?post=8931"},{"taxonomy":"product_tag","embeddable":true,"href":"https:\/\/baltagauja.eu\/en\/wp-json\/wp\/v2\/product_tag?post=8931"},{"taxonomy":"berocket_brand","embeddable":true,"href":"https:\/\/baltagauja.eu\/en\/wp-json\/wp\/v2\/berocket_brand?post=8931"}],"curies":[{"name":"wp","href":"https:\/\/api.w.org\/{rel}","templated":true}]}}