{"id":9156,"date":"2024-07-22T14:17:20","date_gmt":"2024-07-22T11:17:20","guid":{"rendered":"https:\/\/baltagauja.eu\/?post_type=product&#038;p=9156"},"modified":"2024-09-28T12:49:01","modified_gmt":"2024-09-28T09:49:01","slug":"overall-rick-and-morty-3-kopija","status":"publish","type":"product","link":"https:\/\/baltagauja.eu\/en\/shop\/jackets\/winter-coats\/overall-rick-and-morty-3-kopija\/","title":{"rendered":"WAUDOG jacket Batman"},"content":{"rendered":"<p><span class=\"jCAhz JxVs2d ChMk0b\"><span class=\"ryNqvb\">WAUDOG presents not only bright and stylish <\/span><\/span><span class=\"jCAhz JxVs2d ChMk0b\"><span class=\"ryNqvb\">accessories, but no less bright and stylish <\/span><\/span><span class=\"jCAhz JxVs2d\"><span class=\"ryNqvb\">clothes for your pets!<\/span><\/span><\/p>\n<p><span class=\"jCAhz JxVs2d ChMk0b\"><span class=\"ryNqvb\">Multiseasonal jackets with <\/span><\/span><span class=\"jCAhz JxVs2d ChMk0b\"><span class=\"ryNqvb\">a double row of buttons that allow you to adjust the volume.<\/span><\/span><\/p>\n<p><span class=\"jCAhz JxVs2d ChMk0b\"><span class=\"ryNqvb\">This coat is soft and warm, it is very easy to put <\/span><\/span><span class=\"jCAhz JxVs2d\"><span class=\"ryNqvb\">on the dog due to adjustable velcro fastener. <\/span><\/span><\/p>\n<p><span class=\"jCAhz JxVs2d\"><span class=\"ryNqvb\">All sections <\/span><\/span><span class=\"jCAhz JxVs2d ChMk0b\"><span class=\"ryNqvb\">are edged with an elastic band with a reflective strip, <\/span><\/span><span class=\"jCAhz JxVs2d ChMk0b\"><span class=\"ryNqvb\">which increases pet visibility in the dark. <\/span><\/span><\/p>\n<p><span class=\"jCAhz JxVs2d\"><span class=\"ryNqvb\">Main advantages: <\/span><\/span><\/p>\n<ul>\n<li><span class=\"jCAhz JxVs2d\"><span class=\"ryNqvb\">Easy to put on <\/span><\/span><\/li>\n<li><span class=\"jCAhz JxVs2d ChMk0b\"><span class=\"ryNqvb\">Large range of size adjustment <\/span><\/span><\/li>\n<li><span class=\"jCAhz JxVs2d\"><span class=\"ryNqvb\">Increases pet visibility in the dark<\/span><\/span><\/li>\n<\/ul>\n","protected":false},"excerpt":{"rendered":"<p>WAUDOG presents not only bright and stylish accessories, but no less bright and stylish clothes for your pets! Multiseasonal jackets with a double row of buttons that allow you to adjust the volume. This coat is soft and warm, it is very easy to put on the dog due to adjustable velcro fastener. All sections [&hellip;]<\/p>\n","protected":false},"featured_media":9165,"comment_status":"open","ping_status":"closed","template":"","meta":{"site-sidebar-layout":"default","site-content-layout":"","ast-site-content-layout":"default","site-content-style":"default","site-sidebar-style":"default","ast-global-header-display":"","ast-banner-title-visibility":"","ast-main-header-display":"","ast-hfb-above-header-display":"","ast-hfb-below-header-display":"","ast-hfb-mobile-header-display":"","site-post-title":"","ast-breadcrumbs-content":"","ast-featured-img":"","footer-sml-layout":"","ast-disable-related-posts":"","theme-transparent-header-meta":"default","adv-header-id-meta":"","stick-header-meta":"default","header-above-stick-meta":"","header-main-stick-meta":"","header-below-stick-meta":"","astra-migrate-meta-layouts":"set","ast-page-background-enabled":"default","ast-page-background-meta":{"desktop":{"background-color":"","background-image":"","background-repeat":"repeat","background-position":"center center","background-size":"auto","background-attachment":"scroll","background-type":"","background-media":"","overlay-type":"","overlay-color":"","overlay-opacity":"","overlay-gradient":""},"tablet":{"background-color":"","background-image":"","background-repeat":"repeat","background-position":"center center","background-size":"auto","background-attachment":"scroll","background-type":"","background-media":"","overlay-type":"","overlay-color":"","overlay-opacity":"","overlay-gradient":""},"mobile":{"background-color":"","background-image":"","background-repeat":"repeat","background-position":"center center","background-size":"auto","background-attachment":"scroll","background-type":"","background-media":"","overlay-type":"","overlay-color":"","overlay-opacity":"","overlay-gradient":""}},"ast-content-background-meta":{"desktop":{"background-color":"var(--ast-global-color-5)","background-image":"","background-repeat":"repeat","background-position":"center center","background-size":"auto","background-attachment":"scroll","background-type":"","background-media":"","overlay-type":"","overlay-color":"","overlay-opacity":"","overlay-gradient":""},"tablet":{"background-color":"var(--ast-global-color-5)","background-image":"","background-repeat":"repeat","background-position":"center center","background-size":"auto","background-attachment":"scroll","background-type":"","background-media":"","overlay-type":"","overlay-color":"","overlay-opacity":"","overlay-gradient":""},"mobile":{"background-color":"var(--ast-global-color-5)","background-image":"","background-repeat":"repeat","background-position":"center center","background-size":"auto","background-attachment":"scroll","background-type":"","background-media":"","overlay-type":"","overlay-color":"","overlay-opacity":"","overlay-gradient":""}}},"product_brand":[],"product_cat":[99,113,100],"product_tag":[],"berocket_brand":[209],"class_list":{"0":"post-9156","1":"product","2":"type-product","3":"status-publish","4":"has-post-thumbnail","6":"product_cat-jackets","7":"product_cat-raincoats","8":"product_cat-winter-coats","9":"pa_rubu-dydis-collar-m35","10":"pa_rubu-dydis-collar-m40","11":"pa_rubu-dydis-collar-m45","12":"pa_rubu-dydis-collar-m47","13":"pa_rubu-dydis-collar-m50","14":"pa_rubu-dydis-collar-s30","15":"pa_rubu-dydis-collar-s32","16":"pa_rubu-dydis-collar-s35","17":"pa_rubu-dydis-collar-s40","18":"pa_rubu-dydis-collar-xs22","19":"pa_rubu-dydis-collar-xs25","20":"pa_rubu-dydis-collar-xs30","21":"pa_suniuko-lytis-kalyte","22":"pa_suniuko-lytis-patinukas","23":"berocket_brand-collar","24":"desktop-align-center","25":"tablet-align-center","26":"mobile-align-center","27":"ast-product-gallery-layout-horizontal-slider","28":"ast-product-single-variable","29":"ast-product-tabs-layout-horizontal","31":"first","32":"instock","33":"shipping-taxable","34":"purchasable","35":"product-type-variable"},"yoast_head":"<!-- This site is optimized with the Yoast SEO plugin v27.3 - https:\/\/yoast.com\/product\/yoast-seo-wordpress\/ -->\n<title>WAUDOG jacket Batman - Baltagauja<\/title>\n<meta name=\"description\" content=\"WAUDOG jacket is soft and warm and very easy to put on your dog thanks to the adjustable velcro fastening. The edges are trimmed with elastic and reflect light.\" \/>\n<meta name=\"robots\" content=\"index, follow, max-snippet:-1, max-image-preview:large, max-video-preview:-1\" \/>\n<link rel=\"canonical\" href=\"https:\/\/baltagauja.eu\/en\/shop\/jackets\/winter-coats\/overall-rick-and-morty-3-kopija\/\" \/>\n<meta property=\"og:locale\" content=\"en_US\" \/>\n<meta property=\"og:type\" content=\"article\" \/>\n<meta property=\"og:title\" content=\"WAUDOG jacket Batman - Baltagauja\" \/>\n<meta property=\"og:description\" content=\"WAUDOG jacket is soft and warm and very easy to put on your dog thanks to the adjustable velcro fastening. The edges are trimmed with elastic and reflect light.\" \/>\n<meta property=\"og:url\" content=\"https:\/\/baltagauja.eu\/en\/shop\/jackets\/winter-coats\/overall-rick-and-morty-3-kopija\/\" \/>\n<meta property=\"og:site_name\" content=\"Baltagauja\" \/>\n<meta property=\"article:publisher\" content=\"https:\/\/www.facebook.com\/baltagauja.eu\" \/>\n<meta property=\"article:modified_time\" content=\"2024-09-28T09:49:01+00:00\" \/>\n<meta property=\"og:image\" content=\"https:\/\/baltagauja.eu\/wp-content\/uploads\/2024\/07\/501-4001_00_01-min.jpg\" \/>\n\t<meta property=\"og:image:width\" content=\"1500\" \/>\n\t<meta property=\"og:image:height\" content=\"1500\" \/>\n\t<meta property=\"og:image:type\" content=\"image\/jpeg\" \/>\n<meta name=\"twitter:card\" content=\"summary_large_image\" \/>\n<script type=\"application\/ld+json\" class=\"yoast-schema-graph\">{\"@context\":\"https:\\\/\\\/schema.org\",\"@graph\":[{\"@type\":\"WebPage\",\"@id\":\"https:\\\/\\\/baltagauja.eu\\\/en\\\/shop\\\/jackets\\\/winter-coats\\\/overall-rick-and-morty-3-kopija\\\/\",\"url\":\"https:\\\/\\\/baltagauja.eu\\\/en\\\/shop\\\/jackets\\\/winter-coats\\\/overall-rick-and-morty-3-kopija\\\/\",\"name\":\"WAUDOG jacket Batman - Baltagauja\",\"isPartOf\":{\"@id\":\"https:\\\/\\\/baltagauja.eu\\\/en\\\/#website\"},\"primaryImageOfPage\":{\"@id\":\"https:\\\/\\\/baltagauja.eu\\\/en\\\/shop\\\/jackets\\\/winter-coats\\\/overall-rick-and-morty-3-kopija\\\/#primaryimage\"},\"image\":{\"@id\":\"https:\\\/\\\/baltagauja.eu\\\/en\\\/shop\\\/jackets\\\/winter-coats\\\/overall-rick-and-morty-3-kopija\\\/#primaryimage\"},\"thumbnailUrl\":\"https:\\\/\\\/baltagauja.eu\\\/wp-content\\\/uploads\\\/2024\\\/07\\\/501-4001_00_01-min.jpg\",\"datePublished\":\"2024-07-22T11:17:20+00:00\",\"dateModified\":\"2024-09-28T09:49:01+00:00\",\"description\":\"WAUDOG jacket is soft and warm and very easy to put on your dog thanks to the adjustable velcro fastening. The edges are trimmed with elastic and reflect light.\",\"breadcrumb\":{\"@id\":\"https:\\\/\\\/baltagauja.eu\\\/en\\\/shop\\\/jackets\\\/winter-coats\\\/overall-rick-and-morty-3-kopija\\\/#breadcrumb\"},\"inLanguage\":\"en-US\",\"potentialAction\":[{\"@type\":\"ReadAction\",\"target\":[\"https:\\\/\\\/baltagauja.eu\\\/en\\\/shop\\\/jackets\\\/winter-coats\\\/overall-rick-and-morty-3-kopija\\\/\"]}]},{\"@type\":\"ImageObject\",\"inLanguage\":\"en-US\",\"@id\":\"https:\\\/\\\/baltagauja.eu\\\/en\\\/shop\\\/jackets\\\/winter-coats\\\/overall-rick-and-morty-3-kopija\\\/#primaryimage\",\"url\":\"https:\\\/\\\/baltagauja.eu\\\/wp-content\\\/uploads\\\/2024\\\/07\\\/501-4001_00_01-min.jpg\",\"contentUrl\":\"https:\\\/\\\/baltagauja.eu\\\/wp-content\\\/uploads\\\/2024\\\/07\\\/501-4001_00_01-min.jpg\",\"width\":1500,\"height\":1500,\"caption\":\"WAUDOG Clothes dog jacket \\\"Batman blue white\\\" liemen\u0117 \u0161uniui\"},{\"@type\":\"BreadcrumbList\",\"@id\":\"https:\\\/\\\/baltagauja.eu\\\/en\\\/shop\\\/jackets\\\/winter-coats\\\/overall-rick-and-morty-3-kopija\\\/#breadcrumb\",\"itemListElement\":[{\"@type\":\"ListItem\",\"position\":1,\"name\":\"Shop\",\"item\":\"https:\\\/\\\/baltagauja.eu\\\/en\\\/shop\\\/\"},{\"@type\":\"ListItem\",\"position\":2,\"name\":\"Jackets\",\"item\":\"https:\\\/\\\/baltagauja.eu\\\/en\\\/Product-category\\\/jackets\\\/\"},{\"@type\":\"ListItem\",\"position\":3,\"name\":\"WAUDOG jacket Batman\"}]},{\"@type\":\"WebSite\",\"@id\":\"https:\\\/\\\/baltagauja.eu\\\/en\\\/#website\",\"url\":\"https:\\\/\\\/baltagauja.eu\\\/en\\\/\",\"name\":\"baltagauja.eu\",\"description\":\"Kokybi\u0161kos prek\u0117s \u0161unims\",\"publisher\":{\"@id\":\"https:\\\/\\\/baltagauja.eu\\\/en\\\/#organization\"},\"potentialAction\":[{\"@type\":\"SearchAction\",\"target\":{\"@type\":\"EntryPoint\",\"urlTemplate\":\"https:\\\/\\\/baltagauja.eu\\\/en\\\/?s={search_term_string}\"},\"query-input\":{\"@type\":\"PropertyValueSpecification\",\"valueRequired\":true,\"valueName\":\"search_term_string\"}}],\"inLanguage\":\"en-US\"},{\"@type\":\"Organization\",\"@id\":\"https:\\\/\\\/baltagauja.eu\\\/en\\\/#organization\",\"name\":\"Balta gauja\",\"url\":\"https:\\\/\\\/baltagauja.eu\\\/en\\\/\",\"logo\":{\"@type\":\"ImageObject\",\"inLanguage\":\"en-US\",\"@id\":\"https:\\\/\\\/baltagauja.eu\\\/en\\\/#\\\/schema\\\/logo\\\/image\\\/\",\"url\":\"https:\\\/\\\/baltagauja.eu\\\/wp-content\\\/uploads\\\/2024\\\/05\\\/Color-logo-without-background6.png\",\"contentUrl\":\"https:\\\/\\\/baltagauja.eu\\\/wp-content\\\/uploads\\\/2024\\\/05\\\/Color-logo-without-background6.png\",\"width\":2103,\"height\":1336,\"caption\":\"Balta gauja\"},\"image\":{\"@id\":\"https:\\\/\\\/baltagauja.eu\\\/en\\\/#\\\/schema\\\/logo\\\/image\\\/\"},\"sameAs\":[\"https:\\\/\\\/www.facebook.com\\\/baltagauja.eu\"]}]}<\/script>\n<!-- \/ Yoast SEO plugin. -->","yoast_head_json":{"title":"WAUDOG jacket Batman - Baltagauja","description":"WAUDOG jacket is soft and warm and very easy to put on your dog thanks to the adjustable velcro fastening. The edges are trimmed with elastic and reflect light.","robots":{"index":"index","follow":"follow","max-snippet":"max-snippet:-1","max-image-preview":"max-image-preview:large","max-video-preview":"max-video-preview:-1"},"canonical":"https:\/\/baltagauja.eu\/en\/shop\/jackets\/winter-coats\/overall-rick-and-morty-3-kopija\/","og_locale":"en_US","og_type":"article","og_title":"WAUDOG jacket Batman - Baltagauja","og_description":"WAUDOG jacket is soft and warm and very easy to put on your dog thanks to the adjustable velcro fastening. The edges are trimmed with elastic and reflect light.","og_url":"https:\/\/baltagauja.eu\/en\/shop\/jackets\/winter-coats\/overall-rick-and-morty-3-kopija\/","og_site_name":"Baltagauja","article_publisher":"https:\/\/www.facebook.com\/baltagauja.eu","article_modified_time":"2024-09-28T09:49:01+00:00","og_image":[{"width":1500,"height":1500,"url":"https:\/\/baltagauja.eu\/wp-content\/uploads\/2024\/07\/501-4001_00_01-min.jpg","type":"image\/jpeg"}],"twitter_card":"summary_large_image","schema":{"@context":"https:\/\/schema.org","@graph":[{"@type":"WebPage","@id":"https:\/\/baltagauja.eu\/en\/shop\/jackets\/winter-coats\/overall-rick-and-morty-3-kopija\/","url":"https:\/\/baltagauja.eu\/en\/shop\/jackets\/winter-coats\/overall-rick-and-morty-3-kopija\/","name":"WAUDOG jacket Batman - Baltagauja","isPartOf":{"@id":"https:\/\/baltagauja.eu\/en\/#website"},"primaryImageOfPage":{"@id":"https:\/\/baltagauja.eu\/en\/shop\/jackets\/winter-coats\/overall-rick-and-morty-3-kopija\/#primaryimage"},"image":{"@id":"https:\/\/baltagauja.eu\/en\/shop\/jackets\/winter-coats\/overall-rick-and-morty-3-kopija\/#primaryimage"},"thumbnailUrl":"https:\/\/baltagauja.eu\/wp-content\/uploads\/2024\/07\/501-4001_00_01-min.jpg","datePublished":"2024-07-22T11:17:20+00:00","dateModified":"2024-09-28T09:49:01+00:00","description":"WAUDOG jacket is soft and warm and very easy to put on your dog thanks to the adjustable velcro fastening. The edges are trimmed with elastic and reflect light.","breadcrumb":{"@id":"https:\/\/baltagauja.eu\/en\/shop\/jackets\/winter-coats\/overall-rick-and-morty-3-kopija\/#breadcrumb"},"inLanguage":"en-US","potentialAction":[{"@type":"ReadAction","target":["https:\/\/baltagauja.eu\/en\/shop\/jackets\/winter-coats\/overall-rick-and-morty-3-kopija\/"]}]},{"@type":"ImageObject","inLanguage":"en-US","@id":"https:\/\/baltagauja.eu\/en\/shop\/jackets\/winter-coats\/overall-rick-and-morty-3-kopija\/#primaryimage","url":"https:\/\/baltagauja.eu\/wp-content\/uploads\/2024\/07\/501-4001_00_01-min.jpg","contentUrl":"https:\/\/baltagauja.eu\/wp-content\/uploads\/2024\/07\/501-4001_00_01-min.jpg","width":1500,"height":1500,"caption":"WAUDOG Clothes dog jacket \"Batman blue white\" liemen\u0117 \u0161uniui"},{"@type":"BreadcrumbList","@id":"https:\/\/baltagauja.eu\/en\/shop\/jackets\/winter-coats\/overall-rick-and-morty-3-kopija\/#breadcrumb","itemListElement":[{"@type":"ListItem","position":1,"name":"Shop","item":"https:\/\/baltagauja.eu\/en\/shop\/"},{"@type":"ListItem","position":2,"name":"Jackets","item":"https:\/\/baltagauja.eu\/en\/Product-category\/jackets\/"},{"@type":"ListItem","position":3,"name":"WAUDOG jacket Batman"}]},{"@type":"WebSite","@id":"https:\/\/baltagauja.eu\/en\/#website","url":"https:\/\/baltagauja.eu\/en\/","name":"baltagauja.eu","description":"Kokybi\u0161kos prek\u0117s \u0161unims","publisher":{"@id":"https:\/\/baltagauja.eu\/en\/#organization"},"potentialAction":[{"@type":"SearchAction","target":{"@type":"EntryPoint","urlTemplate":"https:\/\/baltagauja.eu\/en\/?s={search_term_string}"},"query-input":{"@type":"PropertyValueSpecification","valueRequired":true,"valueName":"search_term_string"}}],"inLanguage":"en-US"},{"@type":"Organization","@id":"https:\/\/baltagauja.eu\/en\/#organization","name":"Balta gauja","url":"https:\/\/baltagauja.eu\/en\/","logo":{"@type":"ImageObject","inLanguage":"en-US","@id":"https:\/\/baltagauja.eu\/en\/#\/schema\/logo\/image\/","url":"https:\/\/baltagauja.eu\/wp-content\/uploads\/2024\/05\/Color-logo-without-background6.png","contentUrl":"https:\/\/baltagauja.eu\/wp-content\/uploads\/2024\/05\/Color-logo-without-background6.png","width":2103,"height":1336,"caption":"Balta gauja"},"image":{"@id":"https:\/\/baltagauja.eu\/en\/#\/schema\/logo\/image\/"},"sameAs":["https:\/\/www.facebook.com\/baltagauja.eu"]}]}},"jetpack_sharing_enabled":true,"_links":{"self":[{"href":"https:\/\/baltagauja.eu\/en\/wp-json\/wp\/v2\/product\/9156","targetHints":{"allow":["GET"]}}],"collection":[{"href":"https:\/\/baltagauja.eu\/en\/wp-json\/wp\/v2\/product"}],"about":[{"href":"https:\/\/baltagauja.eu\/en\/wp-json\/wp\/v2\/types\/product"}],"replies":[{"embeddable":true,"href":"https:\/\/baltagauja.eu\/en\/wp-json\/wp\/v2\/comments?post=9156"}],"wp:featuredmedia":[{"embeddable":true,"href":"https:\/\/baltagauja.eu\/en\/wp-json\/wp\/v2\/media\/9165"}],"wp:attachment":[{"href":"https:\/\/baltagauja.eu\/en\/wp-json\/wp\/v2\/media?parent=9156"}],"wp:term":[{"taxonomy":"product_brand","embeddable":true,"href":"https:\/\/baltagauja.eu\/en\/wp-json\/wp\/v2\/product_brand?post=9156"},{"taxonomy":"product_cat","embeddable":true,"href":"https:\/\/baltagauja.eu\/en\/wp-json\/wp\/v2\/product_cat?post=9156"},{"taxonomy":"product_tag","embeddable":true,"href":"https:\/\/baltagauja.eu\/en\/wp-json\/wp\/v2\/product_tag?post=9156"},{"taxonomy":"berocket_brand","embeddable":true,"href":"https:\/\/baltagauja.eu\/en\/wp-json\/wp\/v2\/berocket_brand?post=9156"}],"curies":[{"name":"wp","href":"https:\/\/api.w.org\/{rel}","templated":true}]}}