{"id":9301,"date":"2024-07-23T14:23:20","date_gmt":"2024-07-23T11:23:20","guid":{"rendered":"https:\/\/baltagauja.eu\/?post_type=product&#038;p=9301"},"modified":"2024-07-23T14:39:28","modified_gmt":"2024-07-23T11:39:28","slug":"waterproof-collar-gray-kopija","status":"publish","type":"product","link":"https:\/\/baltagauja.eu\/en\/shop\/collars\/waterproof-collar-gray-kopija\/","title":{"rendered":"Waterproof collar Orange"},"content":{"rendered":"<p>New WAUDOG collars are made from innovative COLLARTEX material developed by COLLAR Company. The main advantages of this materialare durability, softness and water resistance. Successful combination of this material withdurable metal accessories makes Waterproofcollar construction incredibly durable andwear-resistant. Benefits: <\/p>\n<ul>\n<li>A pleasant polymer cover is easy to wash(can not be damaged by water).<\/li>\n<li>Tag with QR passport.<\/li>\n<\/ul>\n<p><img decoding=\"async\" class=\"alignnone size-full wp-image-9059\" src=\"https:\/\/baltagauja.eu\/wp-content\/uploads\/2024\/07\/Screenshot-2024-07-19-at-14.19.05.png\" alt=\"\" width=\"57\" height=\"53\"> <img decoding=\"async\" class=\"alignnone size-medium wp-image-9061\" src=\"https:\/\/baltagauja.eu\/wp-content\/uploads\/2024\/07\/Screenshot-2024-07-19-at-14.19.12.png\" alt=\"\" width=\"60\" height=\"50\">   <img decoding=\"async\" class=\"alignnone size-medium wp-image-9063\" src=\"https:\/\/baltagauja.eu\/wp-content\/uploads\/2024\/07\/Screenshot-2024-07-19-at-14.19.18.png\" alt=\"\" width=\"51\" height=\"53\"><\/p>\n","protected":false},"excerpt":{"rendered":"<p>New WAUDOG collars are made from innovative COLLARTEX material developed by COLLAR Company. The main advantages of this materialare durability, softness and water resistance. Successful combination of this material withdurable metal accessories makes Waterproofcollar construction incredibly durable andwear-resistant. Benefits: A pleasant polymer cover is easy to wash(can not be damaged by water). Tag with QR [&hellip;]<\/p>\n","protected":false},"featured_media":9289,"comment_status":"open","ping_status":"closed","template":"","meta":{"site-sidebar-layout":"default","site-content-layout":"","ast-site-content-layout":"default","site-content-style":"default","site-sidebar-style":"default","ast-global-header-display":"","ast-banner-title-visibility":"","ast-main-header-display":"","ast-hfb-above-header-display":"","ast-hfb-below-header-display":"","ast-hfb-mobile-header-display":"","site-post-title":"","ast-breadcrumbs-content":"","ast-featured-img":"","footer-sml-layout":"","ast-disable-related-posts":"","theme-transparent-header-meta":"default","adv-header-id-meta":"","stick-header-meta":"default","header-above-stick-meta":"","header-main-stick-meta":"","header-below-stick-meta":"","astra-migrate-meta-layouts":"set","ast-page-background-enabled":"default","ast-page-background-meta":{"desktop":{"background-color":"","background-image":"","background-repeat":"repeat","background-position":"center center","background-size":"auto","background-attachment":"scroll","background-type":"","background-media":"","overlay-type":"","overlay-color":"","overlay-opacity":"","overlay-gradient":""},"tablet":{"background-color":"","background-image":"","background-repeat":"repeat","background-position":"center center","background-size":"auto","background-attachment":"scroll","background-type":"","background-media":"","overlay-type":"","overlay-color":"","overlay-opacity":"","overlay-gradient":""},"mobile":{"background-color":"","background-image":"","background-repeat":"repeat","background-position":"center center","background-size":"auto","background-attachment":"scroll","background-type":"","background-media":"","overlay-type":"","overlay-color":"","overlay-opacity":"","overlay-gradient":""}},"ast-content-background-meta":{"desktop":{"background-color":"var(--ast-global-color-5)","background-image":"","background-repeat":"repeat","background-position":"center center","background-size":"auto","background-attachment":"scroll","background-type":"","background-media":"","overlay-type":"","overlay-color":"","overlay-opacity":"","overlay-gradient":""},"tablet":{"background-color":"var(--ast-global-color-5)","background-image":"","background-repeat":"repeat","background-position":"center center","background-size":"auto","background-attachment":"scroll","background-type":"","background-media":"","overlay-type":"","overlay-color":"","overlay-opacity":"","overlay-gradient":""},"mobile":{"background-color":"var(--ast-global-color-5)","background-image":"","background-repeat":"repeat","background-position":"center center","background-size":"auto","background-attachment":"scroll","background-type":"","background-media":"","overlay-type":"","overlay-color":"","overlay-opacity":"","overlay-gradient":""}}},"product_brand":[],"product_cat":[122],"product_tag":[],"berocket_brand":[210],"class_list":{"0":"post-9301","1":"product","2":"type-product","3":"status-publish","4":"has-post-thumbnail","6":"product_cat-collars","7":"pa_antkaklio-ilgis-25-35-cm-en","8":"pa_antkaklio-ilgis-28-40-cm-en","9":"pa_antkaklio-ilgis-34-49-cm-en","10":"pa_antkaklio-ilgis-38-58-cm-en","11":"pa_antkaklio-plotis-1-5-cm","12":"pa_antkaklio-plotis-2-cm-en","13":"pa_antkaklio-plotis-2-5-cm","14":"pa_suniuko-lytis-female","15":"pa_suniuko-lytis-male","16":"berocket_brand-collar-en-2","17":"desktop-align-center","18":"tablet-align-center","19":"mobile-align-center","20":"ast-product-gallery-layout-horizontal-slider","21":"ast-product-single-variable","22":"ast-product-tabs-layout-horizontal","24":"first","25":"instock","26":"shipping-taxable","27":"purchasable","28":"product-type-variable"},"yoast_head":"<!-- This site is optimized with the Yoast SEO plugin v27.5 - https:\/\/yoast.com\/product\/yoast-seo-wordpress\/ -->\n<title>Waterproof collar Orange - Baltagauja<\/title>\n<meta name=\"description\" content=\"Collars are made from innovative COLLARTEX material developed by COLLAR Company. The main advantages of this softness, water resistance and glow in the dark.\" \/>\n<meta name=\"robots\" content=\"index, follow, max-snippet:-1, max-image-preview:large, max-video-preview:-1\" \/>\n<link rel=\"canonical\" href=\"https:\/\/baltagauja.eu\/en\/shop\/collars\/waterproof-collar-gray-kopija\/\" \/>\n<meta property=\"og:locale\" content=\"en_US\" \/>\n<meta property=\"og:type\" content=\"article\" \/>\n<meta property=\"og:title\" content=\"Waterproof collar Orange - Baltagauja\" \/>\n<meta property=\"og:description\" content=\"Collars are made from innovative COLLARTEX material developed by COLLAR Company. The main advantages of this softness, water resistance and glow in the dark.\" \/>\n<meta property=\"og:url\" content=\"https:\/\/baltagauja.eu\/en\/shop\/collars\/waterproof-collar-gray-kopija\/\" \/>\n<meta property=\"og:site_name\" content=\"Baltagauja\" \/>\n<meta property=\"article:publisher\" content=\"https:\/\/www.facebook.com\/baltagauja.eu\" \/>\n<meta property=\"article:modified_time\" content=\"2024-07-23T11:39:28+00:00\" \/>\n<meta property=\"og:image\" content=\"https:\/\/baltagauja.eu\/wp-content\/uploads\/2024\/07\/26164_00_01-min.jpg\" \/>\n\t<meta property=\"og:image:width\" content=\"1500\" \/>\n\t<meta property=\"og:image:height\" content=\"1500\" \/>\n\t<meta property=\"og:image:type\" content=\"image\/jpeg\" \/>\n<meta name=\"twitter:card\" content=\"summary_large_image\" \/>\n<script type=\"application\/ld+json\" class=\"yoast-schema-graph\">{\"@context\":\"https:\\\/\\\/schema.org\",\"@graph\":[{\"@type\":\"WebPage\",\"@id\":\"https:\\\/\\\/baltagauja.eu\\\/en\\\/shop\\\/collars\\\/waterproof-collar-gray-kopija\\\/\",\"url\":\"https:\\\/\\\/baltagauja.eu\\\/en\\\/shop\\\/collars\\\/waterproof-collar-gray-kopija\\\/\",\"name\":\"Waterproof collar Orange - Baltagauja\",\"isPartOf\":{\"@id\":\"https:\\\/\\\/baltagauja.eu\\\/en\\\/#website\"},\"primaryImageOfPage\":{\"@id\":\"https:\\\/\\\/baltagauja.eu\\\/en\\\/shop\\\/collars\\\/waterproof-collar-gray-kopija\\\/#primaryimage\"},\"image\":{\"@id\":\"https:\\\/\\\/baltagauja.eu\\\/en\\\/shop\\\/collars\\\/waterproof-collar-gray-kopija\\\/#primaryimage\"},\"thumbnailUrl\":\"https:\\\/\\\/baltagauja.eu\\\/wp-content\\\/uploads\\\/2024\\\/07\\\/26164_00_01-min.jpg\",\"datePublished\":\"2024-07-23T11:23:20+00:00\",\"dateModified\":\"2024-07-23T11:39:28+00:00\",\"description\":\"Collars are made from innovative COLLARTEX material developed by COLLAR Company. The main advantages of this softness, water resistance and glow in the dark.\",\"breadcrumb\":{\"@id\":\"https:\\\/\\\/baltagauja.eu\\\/en\\\/shop\\\/collars\\\/waterproof-collar-gray-kopija\\\/#breadcrumb\"},\"inLanguage\":\"en-US\",\"potentialAction\":[{\"@type\":\"ReadAction\",\"target\":[\"https:\\\/\\\/baltagauja.eu\\\/en\\\/shop\\\/collars\\\/waterproof-collar-gray-kopija\\\/\"]}]},{\"@type\":\"ImageObject\",\"inLanguage\":\"en-US\",\"@id\":\"https:\\\/\\\/baltagauja.eu\\\/en\\\/shop\\\/collars\\\/waterproof-collar-gray-kopija\\\/#primaryimage\",\"url\":\"https:\\\/\\\/baltagauja.eu\\\/wp-content\\\/uploads\\\/2024\\\/07\\\/26164_00_01-min.jpg\",\"contentUrl\":\"https:\\\/\\\/baltagauja.eu\\\/wp-content\\\/uploads\\\/2024\\\/07\\\/26164_00_01-min.jpg\",\"width\":1500,\"height\":1500,\"caption\":\"WAUDOG Waterproof dog collar with QR-passport, reflective, plastic buckle\"},{\"@type\":\"BreadcrumbList\",\"@id\":\"https:\\\/\\\/baltagauja.eu\\\/en\\\/shop\\\/collars\\\/waterproof-collar-gray-kopija\\\/#breadcrumb\",\"itemListElement\":[{\"@type\":\"ListItem\",\"position\":1,\"name\":\"Shop\",\"item\":\"https:\\\/\\\/baltagauja.eu\\\/en\\\/shop\\\/\"},{\"@type\":\"ListItem\",\"position\":2,\"name\":\"Collars\",\"item\":\"https:\\\/\\\/baltagauja.eu\\\/en\\\/Product-category\\\/collars\\\/\"},{\"@type\":\"ListItem\",\"position\":3,\"name\":\"Waterproof collar Orange\"}]},{\"@type\":\"WebSite\",\"@id\":\"https:\\\/\\\/baltagauja.eu\\\/en\\\/#website\",\"url\":\"https:\\\/\\\/baltagauja.eu\\\/en\\\/\",\"name\":\"baltagauja.eu\",\"description\":\"Kokybi\u0161kos prek\u0117s \u0161unims\",\"publisher\":{\"@id\":\"https:\\\/\\\/baltagauja.eu\\\/en\\\/#organization\"},\"potentialAction\":[{\"@type\":\"SearchAction\",\"target\":{\"@type\":\"EntryPoint\",\"urlTemplate\":\"https:\\\/\\\/baltagauja.eu\\\/en\\\/?s={search_term_string}\"},\"query-input\":{\"@type\":\"PropertyValueSpecification\",\"valueRequired\":true,\"valueName\":\"search_term_string\"}}],\"inLanguage\":\"en-US\"},{\"@type\":\"Organization\",\"@id\":\"https:\\\/\\\/baltagauja.eu\\\/en\\\/#organization\",\"name\":\"Balta gauja\",\"url\":\"https:\\\/\\\/baltagauja.eu\\\/en\\\/\",\"logo\":{\"@type\":\"ImageObject\",\"inLanguage\":\"en-US\",\"@id\":\"https:\\\/\\\/baltagauja.eu\\\/en\\\/#\\\/schema\\\/logo\\\/image\\\/\",\"url\":\"https:\\\/\\\/baltagauja.eu\\\/wp-content\\\/uploads\\\/2024\\\/05\\\/Color-logo-without-background6.png\",\"contentUrl\":\"https:\\\/\\\/baltagauja.eu\\\/wp-content\\\/uploads\\\/2024\\\/05\\\/Color-logo-without-background6.png\",\"width\":2103,\"height\":1336,\"caption\":\"Balta gauja\"},\"image\":{\"@id\":\"https:\\\/\\\/baltagauja.eu\\\/en\\\/#\\\/schema\\\/logo\\\/image\\\/\"},\"sameAs\":[\"https:\\\/\\\/www.facebook.com\\\/baltagauja.eu\"]}]}<\/script>\n<!-- \/ Yoast SEO plugin. -->","yoast_head_json":{"title":"Waterproof collar Orange - Baltagauja","description":"Collars are made from innovative COLLARTEX material developed by COLLAR Company. The main advantages of this softness, water resistance and glow in the dark.","robots":{"index":"index","follow":"follow","max-snippet":"max-snippet:-1","max-image-preview":"max-image-preview:large","max-video-preview":"max-video-preview:-1"},"canonical":"https:\/\/baltagauja.eu\/en\/shop\/collars\/waterproof-collar-gray-kopija\/","og_locale":"en_US","og_type":"article","og_title":"Waterproof collar Orange - Baltagauja","og_description":"Collars are made from innovative COLLARTEX material developed by COLLAR Company. The main advantages of this softness, water resistance and glow in the dark.","og_url":"https:\/\/baltagauja.eu\/en\/shop\/collars\/waterproof-collar-gray-kopija\/","og_site_name":"Baltagauja","article_publisher":"https:\/\/www.facebook.com\/baltagauja.eu","article_modified_time":"2024-07-23T11:39:28+00:00","og_image":[{"width":1500,"height":1500,"url":"https:\/\/baltagauja.eu\/wp-content\/uploads\/2024\/07\/26164_00_01-min.jpg","type":"image\/jpeg"}],"twitter_card":"summary_large_image","schema":{"@context":"https:\/\/schema.org","@graph":[{"@type":"WebPage","@id":"https:\/\/baltagauja.eu\/en\/shop\/collars\/waterproof-collar-gray-kopija\/","url":"https:\/\/baltagauja.eu\/en\/shop\/collars\/waterproof-collar-gray-kopija\/","name":"Waterproof collar Orange - Baltagauja","isPartOf":{"@id":"https:\/\/baltagauja.eu\/en\/#website"},"primaryImageOfPage":{"@id":"https:\/\/baltagauja.eu\/en\/shop\/collars\/waterproof-collar-gray-kopija\/#primaryimage"},"image":{"@id":"https:\/\/baltagauja.eu\/en\/shop\/collars\/waterproof-collar-gray-kopija\/#primaryimage"},"thumbnailUrl":"https:\/\/baltagauja.eu\/wp-content\/uploads\/2024\/07\/26164_00_01-min.jpg","datePublished":"2024-07-23T11:23:20+00:00","dateModified":"2024-07-23T11:39:28+00:00","description":"Collars are made from innovative COLLARTEX material developed by COLLAR Company. The main advantages of this softness, water resistance and glow in the dark.","breadcrumb":{"@id":"https:\/\/baltagauja.eu\/en\/shop\/collars\/waterproof-collar-gray-kopija\/#breadcrumb"},"inLanguage":"en-US","potentialAction":[{"@type":"ReadAction","target":["https:\/\/baltagauja.eu\/en\/shop\/collars\/waterproof-collar-gray-kopija\/"]}]},{"@type":"ImageObject","inLanguage":"en-US","@id":"https:\/\/baltagauja.eu\/en\/shop\/collars\/waterproof-collar-gray-kopija\/#primaryimage","url":"https:\/\/baltagauja.eu\/wp-content\/uploads\/2024\/07\/26164_00_01-min.jpg","contentUrl":"https:\/\/baltagauja.eu\/wp-content\/uploads\/2024\/07\/26164_00_01-min.jpg","width":1500,"height":1500,"caption":"WAUDOG Waterproof dog collar with QR-passport, reflective, plastic buckle"},{"@type":"BreadcrumbList","@id":"https:\/\/baltagauja.eu\/en\/shop\/collars\/waterproof-collar-gray-kopija\/#breadcrumb","itemListElement":[{"@type":"ListItem","position":1,"name":"Shop","item":"https:\/\/baltagauja.eu\/en\/shop\/"},{"@type":"ListItem","position":2,"name":"Collars","item":"https:\/\/baltagauja.eu\/en\/Product-category\/collars\/"},{"@type":"ListItem","position":3,"name":"Waterproof collar Orange"}]},{"@type":"WebSite","@id":"https:\/\/baltagauja.eu\/en\/#website","url":"https:\/\/baltagauja.eu\/en\/","name":"baltagauja.eu","description":"Kokybi\u0161kos prek\u0117s \u0161unims","publisher":{"@id":"https:\/\/baltagauja.eu\/en\/#organization"},"potentialAction":[{"@type":"SearchAction","target":{"@type":"EntryPoint","urlTemplate":"https:\/\/baltagauja.eu\/en\/?s={search_term_string}"},"query-input":{"@type":"PropertyValueSpecification","valueRequired":true,"valueName":"search_term_string"}}],"inLanguage":"en-US"},{"@type":"Organization","@id":"https:\/\/baltagauja.eu\/en\/#organization","name":"Balta gauja","url":"https:\/\/baltagauja.eu\/en\/","logo":{"@type":"ImageObject","inLanguage":"en-US","@id":"https:\/\/baltagauja.eu\/en\/#\/schema\/logo\/image\/","url":"https:\/\/baltagauja.eu\/wp-content\/uploads\/2024\/05\/Color-logo-without-background6.png","contentUrl":"https:\/\/baltagauja.eu\/wp-content\/uploads\/2024\/05\/Color-logo-without-background6.png","width":2103,"height":1336,"caption":"Balta gauja"},"image":{"@id":"https:\/\/baltagauja.eu\/en\/#\/schema\/logo\/image\/"},"sameAs":["https:\/\/www.facebook.com\/baltagauja.eu"]}]}},"jetpack_sharing_enabled":true,"_links":{"self":[{"href":"https:\/\/baltagauja.eu\/en\/wp-json\/wp\/v2\/product\/9301","targetHints":{"allow":["GET"]}}],"collection":[{"href":"https:\/\/baltagauja.eu\/en\/wp-json\/wp\/v2\/product"}],"about":[{"href":"https:\/\/baltagauja.eu\/en\/wp-json\/wp\/v2\/types\/product"}],"replies":[{"embeddable":true,"href":"https:\/\/baltagauja.eu\/en\/wp-json\/wp\/v2\/comments?post=9301"}],"wp:featuredmedia":[{"embeddable":true,"href":"https:\/\/baltagauja.eu\/en\/wp-json\/wp\/v2\/media\/9289"}],"wp:attachment":[{"href":"https:\/\/baltagauja.eu\/en\/wp-json\/wp\/v2\/media?parent=9301"}],"wp:term":[{"taxonomy":"product_brand","embeddable":true,"href":"https:\/\/baltagauja.eu\/en\/wp-json\/wp\/v2\/product_brand?post=9301"},{"taxonomy":"product_cat","embeddable":true,"href":"https:\/\/baltagauja.eu\/en\/wp-json\/wp\/v2\/product_cat?post=9301"},{"taxonomy":"product_tag","embeddable":true,"href":"https:\/\/baltagauja.eu\/en\/wp-json\/wp\/v2\/product_tag?post=9301"},{"taxonomy":"berocket_brand","embeddable":true,"href":"https:\/\/baltagauja.eu\/en\/wp-json\/wp\/v2\/berocket_brand?post=9301"}],"curies":[{"name":"wp","href":"https:\/\/api.w.org\/{rel}","templated":true}]}}