{"id":9335,"date":"2024-07-23T14:59:21","date_gmt":"2024-07-23T11:59:21","guid":{"rendered":"https:\/\/baltagauja.eu\/?post_type=product&#038;p=9335"},"modified":"2024-07-23T15:04:07","modified_gmt":"2024-07-23T12:04:07","slug":"eco-nylon-dog-collar-with-qr-passport-purple-kopija","status":"publish","type":"product","link":"https:\/\/baltagauja.eu\/en\/shop\/collars\/eco-nylon-dog-collar-with-qr-passport-purple-kopija\/","title":{"rendered":"EKO Nylon dog collar with QR passport Orange"},"content":{"rendered":"<p>The collars are made from recycled polyester, internationally known as rPET. It is made from rPET recycled plastic bottles. The production of this material requires far fewer resources than the production of new fibers and emits less CO\u2082. That&#8217;s why dog collars made from recycled nylon are not only a reliable and safe choice for your pet, but also an <strong>environmentally friendly solution.<\/strong> The new anti-corrosive coating on the titanium metal buckle has made it particularly resistant to harmful environmental conditions. Classic sizes and bright trendy gradient style designs allow the owner to choose an accessory for any breed of dog. Main Advantages: <\/p>\n<ul>\n<li>Ribbon made from recycled rPET material (literally from plastic bottles)<\/li>\n<li>Metal hardware with anti-corrosion titanium coating<\/li>\n<\/ul>\n","protected":false},"excerpt":{"rendered":"<p>The collars are made from recycled polyester, internationally known as rPET. It is made from rPET recycled plastic bottles. The production of this material requires far fewer resources than the production of new fibers and emits less CO\u2082. That&#8217;s why dog collars made from recycled nylon are not only a reliable and safe choice for [&hellip;]<\/p>\n","protected":false},"featured_media":9323,"comment_status":"open","ping_status":"closed","template":"","meta":{"site-sidebar-layout":"default","site-content-layout":"","ast-site-content-layout":"default","site-content-style":"default","site-sidebar-style":"default","ast-global-header-display":"","ast-banner-title-visibility":"","ast-main-header-display":"","ast-hfb-above-header-display":"","ast-hfb-below-header-display":"","ast-hfb-mobile-header-display":"","site-post-title":"","ast-breadcrumbs-content":"","ast-featured-img":"","footer-sml-layout":"","ast-disable-related-posts":"","theme-transparent-header-meta":"default","adv-header-id-meta":"","stick-header-meta":"default","header-above-stick-meta":"","header-main-stick-meta":"","header-below-stick-meta":"","astra-migrate-meta-layouts":"set","ast-page-background-enabled":"default","ast-page-background-meta":{"desktop":{"background-color":"","background-image":"","background-repeat":"repeat","background-position":"center center","background-size":"auto","background-attachment":"scroll","background-type":"","background-media":"","overlay-type":"","overlay-color":"","overlay-opacity":"","overlay-gradient":""},"tablet":{"background-color":"","background-image":"","background-repeat":"repeat","background-position":"center center","background-size":"auto","background-attachment":"scroll","background-type":"","background-media":"","overlay-type":"","overlay-color":"","overlay-opacity":"","overlay-gradient":""},"mobile":{"background-color":"","background-image":"","background-repeat":"repeat","background-position":"center center","background-size":"auto","background-attachment":"scroll","background-type":"","background-media":"","overlay-type":"","overlay-color":"","overlay-opacity":"","overlay-gradient":""}},"ast-content-background-meta":{"desktop":{"background-color":"var(--ast-global-color-5)","background-image":"","background-repeat":"repeat","background-position":"center center","background-size":"auto","background-attachment":"scroll","background-type":"","background-media":"","overlay-type":"","overlay-color":"","overlay-opacity":"","overlay-gradient":""},"tablet":{"background-color":"var(--ast-global-color-5)","background-image":"","background-repeat":"repeat","background-position":"center center","background-size":"auto","background-attachment":"scroll","background-type":"","background-media":"","overlay-type":"","overlay-color":"","overlay-opacity":"","overlay-gradient":""},"mobile":{"background-color":"var(--ast-global-color-5)","background-image":"","background-repeat":"repeat","background-position":"center center","background-size":"auto","background-attachment":"scroll","background-type":"","background-media":"","overlay-type":"","overlay-color":"","overlay-opacity":"","overlay-gradient":""}}},"product_brand":[],"product_cat":[122],"product_tag":[],"berocket_brand":[210],"class_list":{"0":"post-9335","1":"product","2":"type-product","3":"status-publish","4":"has-post-thumbnail","6":"product_cat-collars","7":"pa_antkaklio-ilgis-25-35-cm-en","8":"pa_antkaklio-ilgis-28-40-cm-en","9":"pa_antkaklio-ilgis-34-49-cm-en","10":"pa_antkaklio-ilgis-38-58-cm-en","11":"pa_antkaklio-plotis-1-5-cm","12":"pa_antkaklio-plotis-2-cm-en","13":"pa_antkaklio-plotis-2-5-cm","14":"pa_suniuko-lytis-female","15":"pa_suniuko-lytis-male","16":"berocket_brand-collar-en-2","17":"desktop-align-center","18":"tablet-align-center","19":"mobile-align-center","20":"ast-product-gallery-layout-horizontal-slider","21":"ast-product-single-variable","22":"ast-product-tabs-layout-horizontal","24":"first","25":"instock","26":"shipping-taxable","27":"purchasable","28":"product-type-variable"},"yoast_head":"<!-- This site is optimized with the Yoast SEO plugin v27.4 - https:\/\/yoast.com\/product\/yoast-seo-wordpress\/ -->\n<title>EKO Nylon dog collar with QR passport Orange - Baltagauja<\/title>\n<meta name=\"description\" content=\"Dog collars made from recycled nylon are not only a reliable and safe choice for your pet, but also an environmentally friendly solution.\" \/>\n<meta name=\"robots\" content=\"index, follow, max-snippet:-1, max-image-preview:large, max-video-preview:-1\" \/>\n<link rel=\"canonical\" href=\"https:\/\/baltagauja.eu\/en\/shop\/collars\/eco-nylon-dog-collar-with-qr-passport-purple-kopija\/\" \/>\n<meta property=\"og:locale\" content=\"en_US\" \/>\n<meta property=\"og:type\" content=\"article\" \/>\n<meta property=\"og:title\" content=\"EKO Nylon dog collar with QR passport Orange - Baltagauja\" \/>\n<meta property=\"og:description\" content=\"Dog collars made from recycled nylon are not only a reliable and safe choice for your pet, but also an environmentally friendly solution.\" \/>\n<meta property=\"og:url\" content=\"https:\/\/baltagauja.eu\/en\/shop\/collars\/eco-nylon-dog-collar-with-qr-passport-purple-kopija\/\" \/>\n<meta property=\"og:site_name\" content=\"Baltagauja\" \/>\n<meta property=\"article:publisher\" content=\"https:\/\/www.facebook.com\/baltagauja.eu\" \/>\n<meta property=\"article:modified_time\" content=\"2024-07-23T12:04:07+00:00\" \/>\n<meta property=\"og:image\" content=\"https:\/\/baltagauja.eu\/wp-content\/uploads\/2024\/07\/46504_00_01-min.jpg\" \/>\n\t<meta property=\"og:image:width\" content=\"1500\" \/>\n\t<meta property=\"og:image:height\" content=\"1500\" \/>\n\t<meta property=\"og:image:type\" content=\"image\/jpeg\" \/>\n<meta name=\"twitter:card\" content=\"summary_large_image\" \/>\n<meta name=\"twitter:label1\" content=\"Est. reading time\" \/>\n\t<meta name=\"twitter:data1\" content=\"1 minute\" \/>\n<script type=\"application\/ld+json\" class=\"yoast-schema-graph\">{\"@context\":\"https:\\\/\\\/schema.org\",\"@graph\":[{\"@type\":\"WebPage\",\"@id\":\"https:\\\/\\\/baltagauja.eu\\\/en\\\/shop\\\/collars\\\/eco-nylon-dog-collar-with-qr-passport-purple-kopija\\\/\",\"url\":\"https:\\\/\\\/baltagauja.eu\\\/en\\\/shop\\\/collars\\\/eco-nylon-dog-collar-with-qr-passport-purple-kopija\\\/\",\"name\":\"EKO Nylon dog collar with QR passport Orange - Baltagauja\",\"isPartOf\":{\"@id\":\"https:\\\/\\\/baltagauja.eu\\\/en\\\/#website\"},\"primaryImageOfPage\":{\"@id\":\"https:\\\/\\\/baltagauja.eu\\\/en\\\/shop\\\/collars\\\/eco-nylon-dog-collar-with-qr-passport-purple-kopija\\\/#primaryimage\"},\"image\":{\"@id\":\"https:\\\/\\\/baltagauja.eu\\\/en\\\/shop\\\/collars\\\/eco-nylon-dog-collar-with-qr-passport-purple-kopija\\\/#primaryimage\"},\"thumbnailUrl\":\"https:\\\/\\\/baltagauja.eu\\\/wp-content\\\/uploads\\\/2024\\\/07\\\/46504_00_01-min.jpg\",\"datePublished\":\"2024-07-23T11:59:21+00:00\",\"dateModified\":\"2024-07-23T12:04:07+00:00\",\"description\":\"Dog collars made from recycled nylon are not only a reliable and safe choice for your pet, but also an environmentally friendly solution.\",\"breadcrumb\":{\"@id\":\"https:\\\/\\\/baltagauja.eu\\\/en\\\/shop\\\/collars\\\/eco-nylon-dog-collar-with-qr-passport-purple-kopija\\\/#breadcrumb\"},\"inLanguage\":\"en-US\",\"potentialAction\":[{\"@type\":\"ReadAction\",\"target\":[\"https:\\\/\\\/baltagauja.eu\\\/en\\\/shop\\\/collars\\\/eco-nylon-dog-collar-with-qr-passport-purple-kopija\\\/\"]}]},{\"@type\":\"ImageObject\",\"inLanguage\":\"en-US\",\"@id\":\"https:\\\/\\\/baltagauja.eu\\\/en\\\/shop\\\/collars\\\/eco-nylon-dog-collar-with-qr-passport-purple-kopija\\\/#primaryimage\",\"url\":\"https:\\\/\\\/baltagauja.eu\\\/wp-content\\\/uploads\\\/2024\\\/07\\\/46504_00_01-min.jpg\",\"contentUrl\":\"https:\\\/\\\/baltagauja.eu\\\/wp-content\\\/uploads\\\/2024\\\/07\\\/46504_00_01-min.jpg\",\"width\":1500,\"height\":1500,\"caption\":\"WAUDOG Nylon Recycled dog collar with QR-passport, gradient, Orange\"},{\"@type\":\"BreadcrumbList\",\"@id\":\"https:\\\/\\\/baltagauja.eu\\\/en\\\/shop\\\/collars\\\/eco-nylon-dog-collar-with-qr-passport-purple-kopija\\\/#breadcrumb\",\"itemListElement\":[{\"@type\":\"ListItem\",\"position\":1,\"name\":\"Shop\",\"item\":\"https:\\\/\\\/baltagauja.eu\\\/en\\\/shop\\\/\"},{\"@type\":\"ListItem\",\"position\":2,\"name\":\"Collars\",\"item\":\"https:\\\/\\\/baltagauja.eu\\\/en\\\/Product-category\\\/collars\\\/\"},{\"@type\":\"ListItem\",\"position\":3,\"name\":\"EKO Nylon dog collar with QR passport Orange\"}]},{\"@type\":\"WebSite\",\"@id\":\"https:\\\/\\\/baltagauja.eu\\\/en\\\/#website\",\"url\":\"https:\\\/\\\/baltagauja.eu\\\/en\\\/\",\"name\":\"baltagauja.eu\",\"description\":\"Kokybi\u0161kos prek\u0117s \u0161unims\",\"publisher\":{\"@id\":\"https:\\\/\\\/baltagauja.eu\\\/en\\\/#organization\"},\"potentialAction\":[{\"@type\":\"SearchAction\",\"target\":{\"@type\":\"EntryPoint\",\"urlTemplate\":\"https:\\\/\\\/baltagauja.eu\\\/en\\\/?s={search_term_string}\"},\"query-input\":{\"@type\":\"PropertyValueSpecification\",\"valueRequired\":true,\"valueName\":\"search_term_string\"}}],\"inLanguage\":\"en-US\"},{\"@type\":\"Organization\",\"@id\":\"https:\\\/\\\/baltagauja.eu\\\/en\\\/#organization\",\"name\":\"Balta gauja\",\"url\":\"https:\\\/\\\/baltagauja.eu\\\/en\\\/\",\"logo\":{\"@type\":\"ImageObject\",\"inLanguage\":\"en-US\",\"@id\":\"https:\\\/\\\/baltagauja.eu\\\/en\\\/#\\\/schema\\\/logo\\\/image\\\/\",\"url\":\"https:\\\/\\\/baltagauja.eu\\\/wp-content\\\/uploads\\\/2024\\\/05\\\/Color-logo-without-background6.png\",\"contentUrl\":\"https:\\\/\\\/baltagauja.eu\\\/wp-content\\\/uploads\\\/2024\\\/05\\\/Color-logo-without-background6.png\",\"width\":2103,\"height\":1336,\"caption\":\"Balta gauja\"},\"image\":{\"@id\":\"https:\\\/\\\/baltagauja.eu\\\/en\\\/#\\\/schema\\\/logo\\\/image\\\/\"},\"sameAs\":[\"https:\\\/\\\/www.facebook.com\\\/baltagauja.eu\"]}]}<\/script>\n<!-- \/ Yoast SEO plugin. -->","yoast_head_json":{"title":"EKO Nylon dog collar with QR passport Orange - Baltagauja","description":"Dog collars made from recycled nylon are not only a reliable and safe choice for your pet, but also an environmentally friendly solution.","robots":{"index":"index","follow":"follow","max-snippet":"max-snippet:-1","max-image-preview":"max-image-preview:large","max-video-preview":"max-video-preview:-1"},"canonical":"https:\/\/baltagauja.eu\/en\/shop\/collars\/eco-nylon-dog-collar-with-qr-passport-purple-kopija\/","og_locale":"en_US","og_type":"article","og_title":"EKO Nylon dog collar with QR passport Orange - Baltagauja","og_description":"Dog collars made from recycled nylon are not only a reliable and safe choice for your pet, but also an environmentally friendly solution.","og_url":"https:\/\/baltagauja.eu\/en\/shop\/collars\/eco-nylon-dog-collar-with-qr-passport-purple-kopija\/","og_site_name":"Baltagauja","article_publisher":"https:\/\/www.facebook.com\/baltagauja.eu","article_modified_time":"2024-07-23T12:04:07+00:00","og_image":[{"width":1500,"height":1500,"url":"https:\/\/baltagauja.eu\/wp-content\/uploads\/2024\/07\/46504_00_01-min.jpg","type":"image\/jpeg"}],"twitter_card":"summary_large_image","twitter_misc":{"Est. reading time":"1 minute"},"schema":{"@context":"https:\/\/schema.org","@graph":[{"@type":"WebPage","@id":"https:\/\/baltagauja.eu\/en\/shop\/collars\/eco-nylon-dog-collar-with-qr-passport-purple-kopija\/","url":"https:\/\/baltagauja.eu\/en\/shop\/collars\/eco-nylon-dog-collar-with-qr-passport-purple-kopija\/","name":"EKO Nylon dog collar with QR passport Orange - Baltagauja","isPartOf":{"@id":"https:\/\/baltagauja.eu\/en\/#website"},"primaryImageOfPage":{"@id":"https:\/\/baltagauja.eu\/en\/shop\/collars\/eco-nylon-dog-collar-with-qr-passport-purple-kopija\/#primaryimage"},"image":{"@id":"https:\/\/baltagauja.eu\/en\/shop\/collars\/eco-nylon-dog-collar-with-qr-passport-purple-kopija\/#primaryimage"},"thumbnailUrl":"https:\/\/baltagauja.eu\/wp-content\/uploads\/2024\/07\/46504_00_01-min.jpg","datePublished":"2024-07-23T11:59:21+00:00","dateModified":"2024-07-23T12:04:07+00:00","description":"Dog collars made from recycled nylon are not only a reliable and safe choice for your pet, but also an environmentally friendly solution.","breadcrumb":{"@id":"https:\/\/baltagauja.eu\/en\/shop\/collars\/eco-nylon-dog-collar-with-qr-passport-purple-kopija\/#breadcrumb"},"inLanguage":"en-US","potentialAction":[{"@type":"ReadAction","target":["https:\/\/baltagauja.eu\/en\/shop\/collars\/eco-nylon-dog-collar-with-qr-passport-purple-kopija\/"]}]},{"@type":"ImageObject","inLanguage":"en-US","@id":"https:\/\/baltagauja.eu\/en\/shop\/collars\/eco-nylon-dog-collar-with-qr-passport-purple-kopija\/#primaryimage","url":"https:\/\/baltagauja.eu\/wp-content\/uploads\/2024\/07\/46504_00_01-min.jpg","contentUrl":"https:\/\/baltagauja.eu\/wp-content\/uploads\/2024\/07\/46504_00_01-min.jpg","width":1500,"height":1500,"caption":"WAUDOG Nylon Recycled dog collar with QR-passport, gradient, Orange"},{"@type":"BreadcrumbList","@id":"https:\/\/baltagauja.eu\/en\/shop\/collars\/eco-nylon-dog-collar-with-qr-passport-purple-kopija\/#breadcrumb","itemListElement":[{"@type":"ListItem","position":1,"name":"Shop","item":"https:\/\/baltagauja.eu\/en\/shop\/"},{"@type":"ListItem","position":2,"name":"Collars","item":"https:\/\/baltagauja.eu\/en\/Product-category\/collars\/"},{"@type":"ListItem","position":3,"name":"EKO Nylon dog collar with QR passport Orange"}]},{"@type":"WebSite","@id":"https:\/\/baltagauja.eu\/en\/#website","url":"https:\/\/baltagauja.eu\/en\/","name":"baltagauja.eu","description":"Kokybi\u0161kos prek\u0117s \u0161unims","publisher":{"@id":"https:\/\/baltagauja.eu\/en\/#organization"},"potentialAction":[{"@type":"SearchAction","target":{"@type":"EntryPoint","urlTemplate":"https:\/\/baltagauja.eu\/en\/?s={search_term_string}"},"query-input":{"@type":"PropertyValueSpecification","valueRequired":true,"valueName":"search_term_string"}}],"inLanguage":"en-US"},{"@type":"Organization","@id":"https:\/\/baltagauja.eu\/en\/#organization","name":"Balta gauja","url":"https:\/\/baltagauja.eu\/en\/","logo":{"@type":"ImageObject","inLanguage":"en-US","@id":"https:\/\/baltagauja.eu\/en\/#\/schema\/logo\/image\/","url":"https:\/\/baltagauja.eu\/wp-content\/uploads\/2024\/05\/Color-logo-without-background6.png","contentUrl":"https:\/\/baltagauja.eu\/wp-content\/uploads\/2024\/05\/Color-logo-without-background6.png","width":2103,"height":1336,"caption":"Balta gauja"},"image":{"@id":"https:\/\/baltagauja.eu\/en\/#\/schema\/logo\/image\/"},"sameAs":["https:\/\/www.facebook.com\/baltagauja.eu"]}]}},"jetpack_sharing_enabled":true,"_links":{"self":[{"href":"https:\/\/baltagauja.eu\/en\/wp-json\/wp\/v2\/product\/9335","targetHints":{"allow":["GET"]}}],"collection":[{"href":"https:\/\/baltagauja.eu\/en\/wp-json\/wp\/v2\/product"}],"about":[{"href":"https:\/\/baltagauja.eu\/en\/wp-json\/wp\/v2\/types\/product"}],"replies":[{"embeddable":true,"href":"https:\/\/baltagauja.eu\/en\/wp-json\/wp\/v2\/comments?post=9335"}],"wp:featuredmedia":[{"embeddable":true,"href":"https:\/\/baltagauja.eu\/en\/wp-json\/wp\/v2\/media\/9323"}],"wp:attachment":[{"href":"https:\/\/baltagauja.eu\/en\/wp-json\/wp\/v2\/media?parent=9335"}],"wp:term":[{"taxonomy":"product_brand","embeddable":true,"href":"https:\/\/baltagauja.eu\/en\/wp-json\/wp\/v2\/product_brand?post=9335"},{"taxonomy":"product_cat","embeddable":true,"href":"https:\/\/baltagauja.eu\/en\/wp-json\/wp\/v2\/product_cat?post=9335"},{"taxonomy":"product_tag","embeddable":true,"href":"https:\/\/baltagauja.eu\/en\/wp-json\/wp\/v2\/product_tag?post=9335"},{"taxonomy":"berocket_brand","embeddable":true,"href":"https:\/\/baltagauja.eu\/en\/wp-json\/wp\/v2\/berocket_brand?post=9335"}],"curies":[{"name":"wp","href":"https:\/\/api.w.org\/{rel}","templated":true}]}}