{"id":9985,"date":"2024-07-30T16:08:12","date_gmt":"2024-07-30T13:08:12","guid":{"rendered":"https:\/\/baltagauja.eu\/?post_type=product&#038;p=9985"},"modified":"2024-07-30T16:14:30","modified_gmt":"2024-07-30T13:14:30","slug":"blue-winter-overalls-for-male-2-kopija","status":"publish","type":"product","link":"https:\/\/baltagauja.eu\/en\/shop\/overalls\/overalls-with-warmth\/blue-winter-overalls-for-male-2-kopija\/","title":{"rendered":"Black\/grey winter overalls for male."},"content":{"rendered":"<p>Winter overalls for dogs with a waterproof polyester fabric. Lining &#8211; soft plush material. Adjustable elastic at the belly. Elasticated cuffs. 100% Polyester Care: machine wash in gentle mode at 30 \u00b0 C. Warning: do not dry near heating sources (batteries, radiators). Changing the print during exploitation or washing is not a defect.<\/p>\n","protected":false},"excerpt":{"rendered":"<p>Winter overalls for dogs with a waterproof polyester fabric. Lining &#8211; soft plush material. Adjustable elastic at the belly. Elasticated cuffs. 100% Polyester Care: machine wash in gentle mode at 30 \u00b0 C. Warning: do not dry near heating sources (batteries, radiators). Changing the print during exploitation or washing is not a defect.<\/p>\n","protected":false},"featured_media":9990,"comment_status":"open","ping_status":"closed","template":"","meta":{"site-sidebar-layout":"default","site-content-layout":"","ast-site-content-layout":"default","site-content-style":"default","site-sidebar-style":"default","ast-global-header-display":"","ast-banner-title-visibility":"","ast-main-header-display":"","ast-hfb-above-header-display":"","ast-hfb-below-header-display":"","ast-hfb-mobile-header-display":"","site-post-title":"","ast-breadcrumbs-content":"","ast-featured-img":"","footer-sml-layout":"","ast-disable-related-posts":"","theme-transparent-header-meta":"default","adv-header-id-meta":"","stick-header-meta":"default","header-above-stick-meta":"","header-main-stick-meta":"","header-below-stick-meta":"","astra-migrate-meta-layouts":"set","ast-page-background-enabled":"default","ast-page-background-meta":{"desktop":{"background-color":"","background-image":"","background-repeat":"repeat","background-position":"center center","background-size":"auto","background-attachment":"scroll","background-type":"","background-media":"","overlay-type":"","overlay-color":"","overlay-opacity":"","overlay-gradient":""},"tablet":{"background-color":"","background-image":"","background-repeat":"repeat","background-position":"center center","background-size":"auto","background-attachment":"scroll","background-type":"","background-media":"","overlay-type":"","overlay-color":"","overlay-opacity":"","overlay-gradient":""},"mobile":{"background-color":"","background-image":"","background-repeat":"repeat","background-position":"center center","background-size":"auto","background-attachment":"scroll","background-type":"","background-media":"","overlay-type":"","overlay-color":"","overlay-opacity":"","overlay-gradient":""}},"ast-content-background-meta":{"desktop":{"background-color":"var(--ast-global-color-5)","background-image":"","background-repeat":"repeat","background-position":"center center","background-size":"auto","background-attachment":"scroll","background-type":"","background-media":"","overlay-type":"","overlay-color":"","overlay-opacity":"","overlay-gradient":""},"tablet":{"background-color":"var(--ast-global-color-5)","background-image":"","background-repeat":"repeat","background-position":"center center","background-size":"auto","background-attachment":"scroll","background-type":"","background-media":"","overlay-type":"","overlay-color":"","overlay-opacity":"","overlay-gradient":""},"mobile":{"background-color":"var(--ast-global-color-5)","background-image":"","background-repeat":"repeat","background-position":"center center","background-size":"auto","background-attachment":"scroll","background-type":"","background-media":"","overlay-type":"","overlay-color":"","overlay-opacity":"","overlay-gradient":""}}},"product_brand":[],"product_cat":[92,96,246],"product_tag":[],"berocket_brand":[153],"class_list":{"0":"post-9985","1":"product","2":"type-product","3":"status-publish","4":"has-post-thumbnail","6":"product_cat-overalls","7":"product_cat-overalls-with-warmth","8":"product_cat-sale","9":"pa_dydis-14-en","10":"pa_suniuko-lytis-male","11":"berocket_brand-for-my-dogs-en-2","12":"desktop-align-center","13":"tablet-align-center","14":"mobile-align-center","15":"ast-product-gallery-layout-horizontal-slider","16":"ast-product-single-variable","17":"ast-product-tabs-layout-horizontal","19":"first","20":"outofstock","21":"sale","22":"shipping-taxable","23":"purchasable","24":"product-type-variable","25":"has-default-attributes"},"yoast_head":"<!-- This site is optimized with the Yoast SEO plugin v27.3 - https:\/\/yoast.com\/product\/yoast-seo-wordpress\/ -->\n<title>Black\/grey winter overalls for male. - Baltagauja<\/title>\n<meta name=\"description\" content=\"Winter overalls for male. A practical way to protect your dog from cold, moisture and dirt. The zipper closes from head to tail, which makes dressing much easier and faster. On the sleeves of the cuff are for a tight fit to the foot.\" \/>\n<meta name=\"robots\" content=\"index, follow, max-snippet:-1, max-image-preview:large, max-video-preview:-1\" \/>\n<link rel=\"canonical\" href=\"https:\/\/baltagauja.eu\/en\/shop\/overalls\/overalls-with-warmth\/blue-winter-overalls-for-male-2-kopija\/\" \/>\n<meta property=\"og:locale\" content=\"en_US\" \/>\n<meta property=\"og:type\" content=\"article\" \/>\n<meta property=\"og:title\" content=\"Black\/grey winter overalls for male. - Baltagauja\" \/>\n<meta property=\"og:description\" content=\"Winter overalls for male. A practical way to protect your dog from cold, moisture and dirt. The zipper closes from head to tail, which makes dressing much easier and faster. On the sleeves of the cuff are for a tight fit to the foot.\" \/>\n<meta property=\"og:url\" content=\"https:\/\/baltagauja.eu\/en\/shop\/overalls\/overalls-with-warmth\/blue-winter-overalls-for-male-2-kopija\/\" \/>\n<meta property=\"og:site_name\" content=\"Baltagauja\" \/>\n<meta property=\"article:publisher\" content=\"https:\/\/www.facebook.com\/baltagauja.eu\" \/>\n<meta property=\"article:modified_time\" content=\"2024-07-30T13:14:30+00:00\" \/>\n<meta property=\"og:image\" content=\"https:\/\/baltagauja.eu\/wp-content\/uploads\/2024\/07\/FW542.webp\" \/>\n\t<meta property=\"og:image:width\" content=\"1126\" \/>\n\t<meta property=\"og:image:height\" content=\"1220\" \/>\n\t<meta property=\"og:image:type\" content=\"image\/webp\" \/>\n<meta name=\"twitter:card\" content=\"summary_large_image\" \/>\n<script type=\"application\/ld+json\" class=\"yoast-schema-graph\">{\"@context\":\"https:\\\/\\\/schema.org\",\"@graph\":[{\"@type\":\"WebPage\",\"@id\":\"https:\\\/\\\/baltagauja.eu\\\/en\\\/shop\\\/overalls\\\/overalls-with-warmth\\\/blue-winter-overalls-for-male-2-kopija\\\/\",\"url\":\"https:\\\/\\\/baltagauja.eu\\\/en\\\/shop\\\/overalls\\\/overalls-with-warmth\\\/blue-winter-overalls-for-male-2-kopija\\\/\",\"name\":\"Black\\\/grey winter overalls for male. - Baltagauja\",\"isPartOf\":{\"@id\":\"https:\\\/\\\/baltagauja.eu\\\/en\\\/#website\"},\"primaryImageOfPage\":{\"@id\":\"https:\\\/\\\/baltagauja.eu\\\/en\\\/shop\\\/overalls\\\/overalls-with-warmth\\\/blue-winter-overalls-for-male-2-kopija\\\/#primaryimage\"},\"image\":{\"@id\":\"https:\\\/\\\/baltagauja.eu\\\/en\\\/shop\\\/overalls\\\/overalls-with-warmth\\\/blue-winter-overalls-for-male-2-kopija\\\/#primaryimage\"},\"thumbnailUrl\":\"https:\\\/\\\/baltagauja.eu\\\/wp-content\\\/uploads\\\/2024\\\/07\\\/FW542.webp\",\"datePublished\":\"2024-07-30T13:08:12+00:00\",\"dateModified\":\"2024-07-30T13:14:30+00:00\",\"description\":\"Winter overalls for male. A practical way to protect your dog from cold, moisture and dirt. The zipper closes from head to tail, which makes dressing much easier and faster. On the sleeves of the cuff are for a tight fit to the foot.\",\"breadcrumb\":{\"@id\":\"https:\\\/\\\/baltagauja.eu\\\/en\\\/shop\\\/overalls\\\/overalls-with-warmth\\\/blue-winter-overalls-for-male-2-kopija\\\/#breadcrumb\"},\"inLanguage\":\"en-US\",\"potentialAction\":[{\"@type\":\"ReadAction\",\"target\":[\"https:\\\/\\\/baltagauja.eu\\\/en\\\/shop\\\/overalls\\\/overalls-with-warmth\\\/blue-winter-overalls-for-male-2-kopija\\\/\"]}]},{\"@type\":\"ImageObject\",\"inLanguage\":\"en-US\",\"@id\":\"https:\\\/\\\/baltagauja.eu\\\/en\\\/shop\\\/overalls\\\/overalls-with-warmth\\\/blue-winter-overalls-for-male-2-kopija\\\/#primaryimage\",\"url\":\"https:\\\/\\\/baltagauja.eu\\\/wp-content\\\/uploads\\\/2024\\\/07\\\/FW542.webp\",\"contentUrl\":\"https:\\\/\\\/baltagauja.eu\\\/wp-content\\\/uploads\\\/2024\\\/07\\\/FW542.webp\",\"width\":1126,\"height\":1220,\"caption\":\"FW542-2018 M \u017eieminis r\u016bbas patinukui \u0161uniui\"},{\"@type\":\"BreadcrumbList\",\"@id\":\"https:\\\/\\\/baltagauja.eu\\\/en\\\/shop\\\/overalls\\\/overalls-with-warmth\\\/blue-winter-overalls-for-male-2-kopija\\\/#breadcrumb\",\"itemListElement\":[{\"@type\":\"ListItem\",\"position\":1,\"name\":\"Shop\",\"item\":\"https:\\\/\\\/baltagauja.eu\\\/en\\\/shop\\\/\"},{\"@type\":\"ListItem\",\"position\":2,\"name\":\"Overalls\",\"item\":\"https:\\\/\\\/baltagauja.eu\\\/en\\\/Product-category\\\/overalls\\\/\"},{\"@type\":\"ListItem\",\"position\":3,\"name\":\"Black\\\/grey winter overalls for male.\"}]},{\"@type\":\"WebSite\",\"@id\":\"https:\\\/\\\/baltagauja.eu\\\/en\\\/#website\",\"url\":\"https:\\\/\\\/baltagauja.eu\\\/en\\\/\",\"name\":\"baltagauja.eu\",\"description\":\"Kokybi\u0161kos prek\u0117s \u0161unims\",\"publisher\":{\"@id\":\"https:\\\/\\\/baltagauja.eu\\\/en\\\/#organization\"},\"potentialAction\":[{\"@type\":\"SearchAction\",\"target\":{\"@type\":\"EntryPoint\",\"urlTemplate\":\"https:\\\/\\\/baltagauja.eu\\\/en\\\/?s={search_term_string}\"},\"query-input\":{\"@type\":\"PropertyValueSpecification\",\"valueRequired\":true,\"valueName\":\"search_term_string\"}}],\"inLanguage\":\"en-US\"},{\"@type\":\"Organization\",\"@id\":\"https:\\\/\\\/baltagauja.eu\\\/en\\\/#organization\",\"name\":\"Balta gauja\",\"url\":\"https:\\\/\\\/baltagauja.eu\\\/en\\\/\",\"logo\":{\"@type\":\"ImageObject\",\"inLanguage\":\"en-US\",\"@id\":\"https:\\\/\\\/baltagauja.eu\\\/en\\\/#\\\/schema\\\/logo\\\/image\\\/\",\"url\":\"https:\\\/\\\/baltagauja.eu\\\/wp-content\\\/uploads\\\/2024\\\/05\\\/Color-logo-without-background6.png\",\"contentUrl\":\"https:\\\/\\\/baltagauja.eu\\\/wp-content\\\/uploads\\\/2024\\\/05\\\/Color-logo-without-background6.png\",\"width\":2103,\"height\":1336,\"caption\":\"Balta gauja\"},\"image\":{\"@id\":\"https:\\\/\\\/baltagauja.eu\\\/en\\\/#\\\/schema\\\/logo\\\/image\\\/\"},\"sameAs\":[\"https:\\\/\\\/www.facebook.com\\\/baltagauja.eu\"]}]}<\/script>\n<!-- \/ Yoast SEO plugin. -->","yoast_head_json":{"title":"Black\/grey winter overalls for male. - Baltagauja","description":"Winter overalls for male. A practical way to protect your dog from cold, moisture and dirt. The zipper closes from head to tail, which makes dressing much easier and faster. On the sleeves of the cuff are for a tight fit to the foot.","robots":{"index":"index","follow":"follow","max-snippet":"max-snippet:-1","max-image-preview":"max-image-preview:large","max-video-preview":"max-video-preview:-1"},"canonical":"https:\/\/baltagauja.eu\/en\/shop\/overalls\/overalls-with-warmth\/blue-winter-overalls-for-male-2-kopija\/","og_locale":"en_US","og_type":"article","og_title":"Black\/grey winter overalls for male. - Baltagauja","og_description":"Winter overalls for male. A practical way to protect your dog from cold, moisture and dirt. The zipper closes from head to tail, which makes dressing much easier and faster. On the sleeves of the cuff are for a tight fit to the foot.","og_url":"https:\/\/baltagauja.eu\/en\/shop\/overalls\/overalls-with-warmth\/blue-winter-overalls-for-male-2-kopija\/","og_site_name":"Baltagauja","article_publisher":"https:\/\/www.facebook.com\/baltagauja.eu","article_modified_time":"2024-07-30T13:14:30+00:00","og_image":[{"width":1126,"height":1220,"url":"https:\/\/baltagauja.eu\/wp-content\/uploads\/2024\/07\/FW542.webp","type":"image\/webp"}],"twitter_card":"summary_large_image","schema":{"@context":"https:\/\/schema.org","@graph":[{"@type":"WebPage","@id":"https:\/\/baltagauja.eu\/en\/shop\/overalls\/overalls-with-warmth\/blue-winter-overalls-for-male-2-kopija\/","url":"https:\/\/baltagauja.eu\/en\/shop\/overalls\/overalls-with-warmth\/blue-winter-overalls-for-male-2-kopija\/","name":"Black\/grey winter overalls for male. - Baltagauja","isPartOf":{"@id":"https:\/\/baltagauja.eu\/en\/#website"},"primaryImageOfPage":{"@id":"https:\/\/baltagauja.eu\/en\/shop\/overalls\/overalls-with-warmth\/blue-winter-overalls-for-male-2-kopija\/#primaryimage"},"image":{"@id":"https:\/\/baltagauja.eu\/en\/shop\/overalls\/overalls-with-warmth\/blue-winter-overalls-for-male-2-kopija\/#primaryimage"},"thumbnailUrl":"https:\/\/baltagauja.eu\/wp-content\/uploads\/2024\/07\/FW542.webp","datePublished":"2024-07-30T13:08:12+00:00","dateModified":"2024-07-30T13:14:30+00:00","description":"Winter overalls for male. A practical way to protect your dog from cold, moisture and dirt. The zipper closes from head to tail, which makes dressing much easier and faster. On the sleeves of the cuff are for a tight fit to the foot.","breadcrumb":{"@id":"https:\/\/baltagauja.eu\/en\/shop\/overalls\/overalls-with-warmth\/blue-winter-overalls-for-male-2-kopija\/#breadcrumb"},"inLanguage":"en-US","potentialAction":[{"@type":"ReadAction","target":["https:\/\/baltagauja.eu\/en\/shop\/overalls\/overalls-with-warmth\/blue-winter-overalls-for-male-2-kopija\/"]}]},{"@type":"ImageObject","inLanguage":"en-US","@id":"https:\/\/baltagauja.eu\/en\/shop\/overalls\/overalls-with-warmth\/blue-winter-overalls-for-male-2-kopija\/#primaryimage","url":"https:\/\/baltagauja.eu\/wp-content\/uploads\/2024\/07\/FW542.webp","contentUrl":"https:\/\/baltagauja.eu\/wp-content\/uploads\/2024\/07\/FW542.webp","width":1126,"height":1220,"caption":"FW542-2018 M \u017eieminis r\u016bbas patinukui \u0161uniui"},{"@type":"BreadcrumbList","@id":"https:\/\/baltagauja.eu\/en\/shop\/overalls\/overalls-with-warmth\/blue-winter-overalls-for-male-2-kopija\/#breadcrumb","itemListElement":[{"@type":"ListItem","position":1,"name":"Shop","item":"https:\/\/baltagauja.eu\/en\/shop\/"},{"@type":"ListItem","position":2,"name":"Overalls","item":"https:\/\/baltagauja.eu\/en\/Product-category\/overalls\/"},{"@type":"ListItem","position":3,"name":"Black\/grey winter overalls for male."}]},{"@type":"WebSite","@id":"https:\/\/baltagauja.eu\/en\/#website","url":"https:\/\/baltagauja.eu\/en\/","name":"baltagauja.eu","description":"Kokybi\u0161kos prek\u0117s \u0161unims","publisher":{"@id":"https:\/\/baltagauja.eu\/en\/#organization"},"potentialAction":[{"@type":"SearchAction","target":{"@type":"EntryPoint","urlTemplate":"https:\/\/baltagauja.eu\/en\/?s={search_term_string}"},"query-input":{"@type":"PropertyValueSpecification","valueRequired":true,"valueName":"search_term_string"}}],"inLanguage":"en-US"},{"@type":"Organization","@id":"https:\/\/baltagauja.eu\/en\/#organization","name":"Balta gauja","url":"https:\/\/baltagauja.eu\/en\/","logo":{"@type":"ImageObject","inLanguage":"en-US","@id":"https:\/\/baltagauja.eu\/en\/#\/schema\/logo\/image\/","url":"https:\/\/baltagauja.eu\/wp-content\/uploads\/2024\/05\/Color-logo-without-background6.png","contentUrl":"https:\/\/baltagauja.eu\/wp-content\/uploads\/2024\/05\/Color-logo-without-background6.png","width":2103,"height":1336,"caption":"Balta gauja"},"image":{"@id":"https:\/\/baltagauja.eu\/en\/#\/schema\/logo\/image\/"},"sameAs":["https:\/\/www.facebook.com\/baltagauja.eu"]}]}},"jetpack_sharing_enabled":true,"_links":{"self":[{"href":"https:\/\/baltagauja.eu\/en\/wp-json\/wp\/v2\/product\/9985","targetHints":{"allow":["GET"]}}],"collection":[{"href":"https:\/\/baltagauja.eu\/en\/wp-json\/wp\/v2\/product"}],"about":[{"href":"https:\/\/baltagauja.eu\/en\/wp-json\/wp\/v2\/types\/product"}],"replies":[{"embeddable":true,"href":"https:\/\/baltagauja.eu\/en\/wp-json\/wp\/v2\/comments?post=9985"}],"wp:featuredmedia":[{"embeddable":true,"href":"https:\/\/baltagauja.eu\/en\/wp-json\/wp\/v2\/media\/9990"}],"wp:attachment":[{"href":"https:\/\/baltagauja.eu\/en\/wp-json\/wp\/v2\/media?parent=9985"}],"wp:term":[{"taxonomy":"product_brand","embeddable":true,"href":"https:\/\/baltagauja.eu\/en\/wp-json\/wp\/v2\/product_brand?post=9985"},{"taxonomy":"product_cat","embeddable":true,"href":"https:\/\/baltagauja.eu\/en\/wp-json\/wp\/v2\/product_cat?post=9985"},{"taxonomy":"product_tag","embeddable":true,"href":"https:\/\/baltagauja.eu\/en\/wp-json\/wp\/v2\/product_tag?post=9985"},{"taxonomy":"berocket_brand","embeddable":true,"href":"https:\/\/baltagauja.eu\/en\/wp-json\/wp\/v2\/berocket_brand?post=9985"}],"curies":[{"name":"wp","href":"https:\/\/api.w.org\/{rel}","templated":true}]}}